{"id":11330,"date":"2025-06-29T13:49:30","date_gmt":"2025-06-29T11:49:30","guid":{"rendered":"https:\/\/uj.adatbank.ro\/lexikon\/termek\/kaszoni-marton\/"},"modified":"2025-06-29T13:49:30","modified_gmt":"2025-06-29T11:49:30","slug":"kaszoni-marton","status":"publish","type":"product","link":"https:\/\/uj.adatbank.ro\/lexikon\/termek\/kaszoni-marton\/","title":{"rendered":"K\u00c1SZONI M\u00e1rton"},"content":{"rendered":"<p>? \u2020 ? : esztergomi kanonok, cs\u00e1sz\u00e1ri k\u00f6vet. \u2013 V\u00e1s\u00e1rhely \u00e9rint\u00e9s\u00e9vel t\u00e9rt vissza b\u00e9csbe, \u00fatj\u00e1t Teleki Mih\u00e1ly biztos\u00edtotta Radn\u00f3tt\u00f3l Sz\u00e1szr\u00e9genig (1670). <br \/><strong>Irod.:<\/strong> Id\u0151t\u00e1r 1; Teleki Mih\u00e1ly levelez\u00e9se (Bp., 1906\u201316)<\/br><\/p>\n","protected":false},"excerpt":{"rendered":"<p>? \u2020 ? : esztergomi kanonok, cs\u00e1sz\u00e1ri k\u00f6vet. \u2013 V\u00e1s\u00e1rhely \u00e9rint\u00e9s\u00e9vel t\u00e9rt vissza b\u00e9csbe, \u00fatj\u00e1t Teleki Mih\u00e1ly biztos\u00edtotta Radn\u00f3tt\u00f3l Sz\u00e1szr\u00e9genig (1670). Irod.: Id\u0151t\u00e1r 1; Teleki Mih\u00e1ly levelez\u00e9se (Bp., 1906\u201316)<\/p>\n","protected":false},"featured_media":0,"comment_status":"open","ping_status":"closed","template":"","meta":[],"product_brand":[],"product_cat":[137],"product_tag":[],"class_list":{"0":"post-11330","1":"product","2":"type-product","3":"status-publish","5":"product_cat-maros-megyei-eletrajzi-lexikon","7":"first","8":"instock","9":"shipping-taxable","10":"product-type-simple"},"_links":{"self":[{"href":"https:\/\/uj.adatbank.ro\/lexikon\/wp-json\/wp\/v2\/product\/11330","targetHints":{"allow":["GET"]}}],"collection":[{"href":"https:\/\/uj.adatbank.ro\/lexikon\/wp-json\/wp\/v2\/product"}],"about":[{"href":"https:\/\/uj.adatbank.ro\/lexikon\/wp-json\/wp\/v2\/types\/product"}],"replies":[{"embeddable":true,"href":"https:\/\/uj.adatbank.ro\/lexikon\/wp-json\/wp\/v2\/comments?post=11330"}],"wp:attachment":[{"href":"https:\/\/uj.adatbank.ro\/lexikon\/wp-json\/wp\/v2\/media?parent=11330"}],"wp:term":[{"taxonomy":"product_brand","embeddable":true,"href":"https:\/\/uj.adatbank.ro\/lexikon\/wp-json\/wp\/v2\/product_brand?post=11330"},{"taxonomy":"product_cat","embeddable":true,"href":"https:\/\/uj.adatbank.ro\/lexikon\/wp-json\/wp\/v2\/product_cat?post=11330"},{"taxonomy":"product_tag","embeddable":true,"href":"https:\/\/uj.adatbank.ro\/lexikon\/wp-json\/wp\/v2\/product_tag?post=11330"}],"curies":[{"name":"wp","href":"https:\/\/api.w.org\/{rel}","templated":true}]}}