{"id":11333,"date":"2025-06-29T13:49:36","date_gmt":"2025-06-29T11:49:36","guid":{"rendered":"https:\/\/uj.adatbank.ro\/lexikon\/termek\/kaszonyi-jozsef\/"},"modified":"2025-06-29T13:49:36","modified_gmt":"2025-06-29T11:49:36","slug":"kaszonyi-jozsef","status":"publish","type":"product","link":"https:\/\/uj.adatbank.ro\/lexikon\/termek\/kaszonyi-jozsef\/","title":{"rendered":"K\u00c1SZONYI J\u00f3zsef"},"content":{"rendered":"<p>G\u00e9mes (Besz-Nasz), 1872., \u2020 ? : ipariskolai m\u0171vezet\u0151. \u2013 K\u00f6z\u00e9piskol\u00e1it Kv.-on m\u0171szaki tanulm\u00e1nyait Bp.-en v\u00e9gezte. A mv.-i szakiskol\u00e1n\u00e1l dolgozott (1898\u20131934). I. Ferenc J\u00f3zsef a III o. polg\u00e1ri \u00e9rdemkereszttel, a rom\u00e1n kir\u00e1ly elismer\u0151 \u00e9rdemmel t\u00fcntette ki. <br \/><strong>Irod.:<\/strong> Sz\u00e9kelyf\u00f6ld \u00ed. k<\/br><\/p>\n","protected":false},"excerpt":{"rendered":"<p>G\u00e9mes (Besz-Nasz), 1872., \u2020 ? : ipariskolai m\u0171vezet\u0151. \u2013 K\u00f6z\u00e9piskol\u00e1it Kv.-on m\u0171szaki tanulm\u00e1nyait Bp.-en v\u00e9gezte. A mv.-i szakiskol\u00e1n\u00e1l dolgozott (1898\u20131934). I. Ferenc J\u00f3zsef a III o. polg\u00e1ri \u00e9rdemkereszttel, a rom\u00e1n kir\u00e1ly elismer\u0151 \u00e9rdemmel t\u00fcntette ki. Irod.: Sz\u00e9kelyf\u00f6ld \u00ed. k<\/p>\n","protected":false},"featured_media":0,"comment_status":"open","ping_status":"closed","template":"","meta":[],"product_brand":[],"product_cat":[137],"product_tag":[],"class_list":{"0":"post-11333","1":"product","2":"type-product","3":"status-publish","5":"product_cat-maros-megyei-eletrajzi-lexikon","7":"first","8":"instock","9":"shipping-taxable","10":"product-type-simple"},"_links":{"self":[{"href":"https:\/\/uj.adatbank.ro\/lexikon\/wp-json\/wp\/v2\/product\/11333","targetHints":{"allow":["GET"]}}],"collection":[{"href":"https:\/\/uj.adatbank.ro\/lexikon\/wp-json\/wp\/v2\/product"}],"about":[{"href":"https:\/\/uj.adatbank.ro\/lexikon\/wp-json\/wp\/v2\/types\/product"}],"replies":[{"embeddable":true,"href":"https:\/\/uj.adatbank.ro\/lexikon\/wp-json\/wp\/v2\/comments?post=11333"}],"wp:attachment":[{"href":"https:\/\/uj.adatbank.ro\/lexikon\/wp-json\/wp\/v2\/media?parent=11333"}],"wp:term":[{"taxonomy":"product_brand","embeddable":true,"href":"https:\/\/uj.adatbank.ro\/lexikon\/wp-json\/wp\/v2\/product_brand?post=11333"},{"taxonomy":"product_cat","embeddable":true,"href":"https:\/\/uj.adatbank.ro\/lexikon\/wp-json\/wp\/v2\/product_cat?post=11333"},{"taxonomy":"product_tag","embeddable":true,"href":"https:\/\/uj.adatbank.ro\/lexikon\/wp-json\/wp\/v2\/product_tag?post=11333"}],"curies":[{"name":"wp","href":"https:\/\/api.w.org\/{rel}","templated":true}]}}