{"id":11334,"date":"2025-06-29T13:49:37","date_gmt":"2025-06-29T11:49:37","guid":{"rendered":"https:\/\/uj.adatbank.ro\/lexikon\/termek\/kaszonyi-margit\/"},"modified":"2025-06-29T13:49:37","modified_gmt":"2025-06-29T11:49:37","slug":"kaszonyi-margit","status":"publish","type":"product","link":"https:\/\/uj.adatbank.ro\/lexikon\/termek\/kaszonyi-margit\/","title":{"rendered":"K\u00c1SZONYI Margit"},"content":{"rendered":"<p>Mv., 1932., \u2020 Mv., 2017.: orvos. \u2013 Mv.-i lakos, az orvosi egyetemet is itt v\u00e9gezte (1957). A T\u00fcd\u0151klinik\u00e1n kezdte tev\u00e9kenys\u00e9g\u00e9t (1960\u2013). Sokoldal\u00fa munk\u00e1t fejtett ki. F\u0151orvos (1990\u2013), nyugd\u00edjba vonult (1992). Tov\u00e1bb dolgozott a fizet\u00e9ses poliklinik\u00e1n. <br \/><strong>Irod.:<\/strong> Kiss-P. &#8211; P.<\/br><\/p>\n","protected":false},"excerpt":{"rendered":"<p>Mv., 1932., \u2020 Mv., 2017.: orvos. \u2013 Mv.-i lakos, az orvosi egyetemet is itt v\u00e9gezte (1957). A T\u00fcd\u0151klinik\u00e1n kezdte tev\u00e9kenys\u00e9g\u00e9t (1960\u2013). Sokoldal\u00fa munk\u00e1t fejtett ki. F\u0151orvos (1990\u2013), nyugd\u00edjba vonult (1992). Tov\u00e1bb dolgozott a fizet\u00e9ses poliklinik\u00e1n. Irod.: Kiss-P. &#8211; P.<\/p>\n","protected":false},"featured_media":0,"comment_status":"open","ping_status":"closed","template":"","meta":[],"product_brand":[],"product_cat":[137],"product_tag":[],"class_list":{"0":"post-11334","1":"product","2":"type-product","3":"status-publish","5":"product_cat-maros-megyei-eletrajzi-lexikon","7":"first","8":"instock","9":"shipping-taxable","10":"product-type-simple"},"_links":{"self":[{"href":"https:\/\/uj.adatbank.ro\/lexikon\/wp-json\/wp\/v2\/product\/11334","targetHints":{"allow":["GET"]}}],"collection":[{"href":"https:\/\/uj.adatbank.ro\/lexikon\/wp-json\/wp\/v2\/product"}],"about":[{"href":"https:\/\/uj.adatbank.ro\/lexikon\/wp-json\/wp\/v2\/types\/product"}],"replies":[{"embeddable":true,"href":"https:\/\/uj.adatbank.ro\/lexikon\/wp-json\/wp\/v2\/comments?post=11334"}],"wp:attachment":[{"href":"https:\/\/uj.adatbank.ro\/lexikon\/wp-json\/wp\/v2\/media?parent=11334"}],"wp:term":[{"taxonomy":"product_brand","embeddable":true,"href":"https:\/\/uj.adatbank.ro\/lexikon\/wp-json\/wp\/v2\/product_brand?post=11334"},{"taxonomy":"product_cat","embeddable":true,"href":"https:\/\/uj.adatbank.ro\/lexikon\/wp-json\/wp\/v2\/product_cat?post=11334"},{"taxonomy":"product_tag","embeddable":true,"href":"https:\/\/uj.adatbank.ro\/lexikon\/wp-json\/wp\/v2\/product_tag?post=11334"}],"curies":[{"name":"wp","href":"https:\/\/api.w.org\/{rel}","templated":true}]}}