{"id":11335,"date":"2025-06-29T13:49:39","date_gmt":"2025-06-29T11:49:39","guid":{"rendered":"https:\/\/uj.adatbank.ro\/lexikon\/termek\/kasztner\/"},"modified":"2025-06-29T13:49:39","modified_gmt":"2025-06-29T11:49:39","slug":"kasztner","status":"publish","type":"product","link":"https:\/\/uj.adatbank.ro\/lexikon\/termek\/kasztner\/","title":{"rendered":"KASZTNER"},"content":{"rendered":"<p>? \u2020 ? : rend\u0151r. \u2013 Kv.-i rend\u0151r. D\u00f6rnhauban, a l\u00e1gerben a gett\u00f3rend\u0151rs\u00e9g tagja volt. Kimentett n\u00e9h\u00e1ny rabot a l\u00e1gerb\u0151l r\u00e9szben p\u00e9nz\u00e9rt, de jeles szem\u00e9lyeket an\u00e9lk\u00fcl is, akiket fontosnak tartott a zsid\u00f3 j\u00f6v\u0151 \u00e9rdek\u00e9ben, pl.: Kov\u00e1cs Gy\u00f6rgy sz\u00edn\u00e9szt, Birek Ann\u00e1t, a mv.-i filharm\u00f3nia heged\u0171se, hangversenymester- helyettes\u00e9t. Hazat\u00e9rve le\u00edrta a gett\u00f3t<\/br><\/p>\n","protected":false},"excerpt":{"rendered":"<p>? \u2020 ? : rend\u0151r. \u2013 Kv.-i rend\u0151r. D\u00f6rnhauban, a l\u00e1gerben a gett\u00f3rend\u0151rs\u00e9g tagja volt. Kimentett n\u00e9h\u00e1ny rabot a l\u00e1gerb\u0151l r\u00e9szben p\u00e9nz\u00e9rt, de jeles szem\u00e9lyeket an\u00e9lk\u00fcl is, akiket fontosnak tartott a zsid\u00f3 j\u00f6v\u0151 \u00e9rdek\u00e9ben, pl.: Kov\u00e1cs Gy\u00f6rgy sz\u00edn\u00e9szt, Birek Ann\u00e1t, a mv.-i filharm\u00f3nia heged\u0171se, hangversenymester- helyettes\u00e9t. Hazat\u00e9rve le\u00edrta a gett\u00f3t<\/p>\n","protected":false},"featured_media":0,"comment_status":"open","ping_status":"closed","template":"","meta":[],"product_brand":[],"product_cat":[137],"product_tag":[],"class_list":{"0":"post-11335","1":"product","2":"type-product","3":"status-publish","5":"product_cat-maros-megyei-eletrajzi-lexikon","7":"first","8":"instock","9":"shipping-taxable","10":"product-type-simple"},"_links":{"self":[{"href":"https:\/\/uj.adatbank.ro\/lexikon\/wp-json\/wp\/v2\/product\/11335","targetHints":{"allow":["GET"]}}],"collection":[{"href":"https:\/\/uj.adatbank.ro\/lexikon\/wp-json\/wp\/v2\/product"}],"about":[{"href":"https:\/\/uj.adatbank.ro\/lexikon\/wp-json\/wp\/v2\/types\/product"}],"replies":[{"embeddable":true,"href":"https:\/\/uj.adatbank.ro\/lexikon\/wp-json\/wp\/v2\/comments?post=11335"}],"wp:attachment":[{"href":"https:\/\/uj.adatbank.ro\/lexikon\/wp-json\/wp\/v2\/media?parent=11335"}],"wp:term":[{"taxonomy":"product_brand","embeddable":true,"href":"https:\/\/uj.adatbank.ro\/lexikon\/wp-json\/wp\/v2\/product_brand?post=11335"},{"taxonomy":"product_cat","embeddable":true,"href":"https:\/\/uj.adatbank.ro\/lexikon\/wp-json\/wp\/v2\/product_cat?post=11335"},{"taxonomy":"product_tag","embeddable":true,"href":"https:\/\/uj.adatbank.ro\/lexikon\/wp-json\/wp\/v2\/product_tag?post=11335"}],"curies":[{"name":"wp","href":"https:\/\/api.w.org\/{rel}","templated":true}]}}