{"id":11336,"date":"2025-06-29T13:49:40","date_gmt":"2025-06-29T11:49:40","guid":{"rendered":"https:\/\/uj.adatbank.ro\/lexikon\/termek\/katarig-teofil\/"},"modified":"2025-06-29T13:49:40","modified_gmt":"2025-06-29T11:49:40","slug":"katarig-teofil","status":"publish","type":"product","link":"https:\/\/uj.adatbank.ro\/lexikon\/termek\/katarig-teofil\/","title":{"rendered":"KATARIG Teofil"},"content":{"rendered":"<p>G\u00f6rg\u00e9nyszentimre (, 1906., \u2020 ? : aljegyz\u0151. \u2013 Erd\u00e9szcsal\u00e1db\u00f3l sz\u00e1rmazott, Bal\u00e1zsfalv\u00e1n \u00e9retts\u00e9gizett (1924), majd Fogarason jegyz\u0151i vizsg\u00e1t tett (1935). T\u00f6bb helyen dolgozott, majd Lib\u00e1nfalv\u00e1ra (1941 ) nevezt\u00e9k ki aljegyz\u0151nek. <br \/><strong>Irod.:<\/strong> Sz\u00e9kelyf\u00f6ld \u00ed. k<\/br><\/p>\n","protected":false},"excerpt":{"rendered":"<p>G\u00f6rg\u00e9nyszentimre (, 1906., \u2020 ? : aljegyz\u0151. \u2013 Erd\u00e9szcsal\u00e1db\u00f3l sz\u00e1rmazott, Bal\u00e1zsfalv\u00e1n \u00e9retts\u00e9gizett (1924), majd Fogarason jegyz\u0151i vizsg\u00e1t tett (1935). T\u00f6bb helyen dolgozott, majd Lib\u00e1nfalv\u00e1ra (1941 ) nevezt\u00e9k ki aljegyz\u0151nek. Irod.: Sz\u00e9kelyf\u00f6ld \u00ed. k<\/p>\n","protected":false},"featured_media":0,"comment_status":"open","ping_status":"closed","template":"","meta":[],"product_brand":[],"product_cat":[137],"product_tag":[],"class_list":{"0":"post-11336","1":"product","2":"type-product","3":"status-publish","5":"product_cat-maros-megyei-eletrajzi-lexikon","7":"first","8":"instock","9":"shipping-taxable","10":"product-type-simple"},"_links":{"self":[{"href":"https:\/\/uj.adatbank.ro\/lexikon\/wp-json\/wp\/v2\/product\/11336","targetHints":{"allow":["GET"]}}],"collection":[{"href":"https:\/\/uj.adatbank.ro\/lexikon\/wp-json\/wp\/v2\/product"}],"about":[{"href":"https:\/\/uj.adatbank.ro\/lexikon\/wp-json\/wp\/v2\/types\/product"}],"replies":[{"embeddable":true,"href":"https:\/\/uj.adatbank.ro\/lexikon\/wp-json\/wp\/v2\/comments?post=11336"}],"wp:attachment":[{"href":"https:\/\/uj.adatbank.ro\/lexikon\/wp-json\/wp\/v2\/media?parent=11336"}],"wp:term":[{"taxonomy":"product_brand","embeddable":true,"href":"https:\/\/uj.adatbank.ro\/lexikon\/wp-json\/wp\/v2\/product_brand?post=11336"},{"taxonomy":"product_cat","embeddable":true,"href":"https:\/\/uj.adatbank.ro\/lexikon\/wp-json\/wp\/v2\/product_cat?post=11336"},{"taxonomy":"product_tag","embeddable":true,"href":"https:\/\/uj.adatbank.ro\/lexikon\/wp-json\/wp\/v2\/product_tag?post=11336"}],"curies":[{"name":"wp","href":"https:\/\/api.w.org\/{rel}","templated":true}]}}