{"id":11345,"date":"2025-06-29T13:49:59","date_gmt":"2025-06-29T11:49:59","guid":{"rendered":"https:\/\/uj.adatbank.ro\/lexikon\/termek\/kathonay-ferenc-keroi-es-pokafalvi-kathonai-ferenc\/"},"modified":"2025-06-29T13:49:59","modified_gmt":"2025-06-29T11:49:59","slug":"kathonay-ferenc-keroi-es-pokafalvi-kathonai-ferenc","status":"publish","type":"product","link":"https:\/\/uj.adatbank.ro\/lexikon\/termek\/kathonay-ferenc-keroi-es-pokafalvi-kathonai-ferenc\/","title":{"rendered":"KATHONAY Ferenc, k\u00e9r\u0151i \u00e9s p\u00f3kafalvi, Kathonai Ferenc"},"content":{"rendered":"<p>Mv., 1821.? \u2020 ?: egyetemihallgat\u00f3. \u2013 Apja K. Istv\u00e1n, seb\u00e9sz. \u2013 Iskolai tanulm\u00e1nyai ut\u00e1n seb\u00e9sz-tanonc volt, majd Pesten seb\u00e9szhallgat\u00f3 (1845\u201346). <br \/><strong>Irod.:<\/strong> Szab\u00f3 Mikl\u00f3s 2005<\/br><\/p>\n","protected":false},"excerpt":{"rendered":"<p>Mv., 1821.? \u2020 ?: egyetemihallgat\u00f3. \u2013 Apja K. Istv\u00e1n, seb\u00e9sz. \u2013 Iskolai tanulm\u00e1nyai ut\u00e1n seb\u00e9sz-tanonc volt, majd Pesten seb\u00e9szhallgat\u00f3 (1845\u201346). Irod.: Szab\u00f3 Mikl\u00f3s 2005<\/p>\n","protected":false},"featured_media":0,"comment_status":"open","ping_status":"closed","template":"","meta":[],"product_brand":[],"product_cat":[137],"product_tag":[],"class_list":{"0":"post-11345","1":"product","2":"type-product","3":"status-publish","5":"product_cat-maros-megyei-eletrajzi-lexikon","7":"first","8":"instock","9":"shipping-taxable","10":"product-type-simple"},"_links":{"self":[{"href":"https:\/\/uj.adatbank.ro\/lexikon\/wp-json\/wp\/v2\/product\/11345","targetHints":{"allow":["GET"]}}],"collection":[{"href":"https:\/\/uj.adatbank.ro\/lexikon\/wp-json\/wp\/v2\/product"}],"about":[{"href":"https:\/\/uj.adatbank.ro\/lexikon\/wp-json\/wp\/v2\/types\/product"}],"replies":[{"embeddable":true,"href":"https:\/\/uj.adatbank.ro\/lexikon\/wp-json\/wp\/v2\/comments?post=11345"}],"wp:attachment":[{"href":"https:\/\/uj.adatbank.ro\/lexikon\/wp-json\/wp\/v2\/media?parent=11345"}],"wp:term":[{"taxonomy":"product_brand","embeddable":true,"href":"https:\/\/uj.adatbank.ro\/lexikon\/wp-json\/wp\/v2\/product_brand?post=11345"},{"taxonomy":"product_cat","embeddable":true,"href":"https:\/\/uj.adatbank.ro\/lexikon\/wp-json\/wp\/v2\/product_cat?post=11345"},{"taxonomy":"product_tag","embeddable":true,"href":"https:\/\/uj.adatbank.ro\/lexikon\/wp-json\/wp\/v2\/product_tag?post=11345"}],"curies":[{"name":"wp","href":"https:\/\/api.w.org\/{rel}","templated":true}]}}