{"id":11346,"date":"2025-06-29T13:50:00","date_gmt":"2025-06-29T11:50:00","guid":{"rendered":"https:\/\/uj.adatbank.ro\/lexikon\/termek\/kathonay-gyula\/"},"modified":"2025-06-29T13:50:00","modified_gmt":"2025-06-29T11:50:00","slug":"kathonay-gyula","status":"publish","type":"product","link":"https:\/\/uj.adatbank.ro\/lexikon\/termek\/kathonay-gyula\/","title":{"rendered":"KATHONAY Gyula"},"content":{"rendered":"<p>? \u2020 ? : ? \u2013 Megalakult a Mv.-i sz\u00ednp\u00e1rtol\u00f3 egylet (1884. szept. 14.), amelynek v\u00e1lasztm\u00e1nyi tagja, az alap\u00edtv\u00e1nynak nagy\u00f6sszeget, 500 forintot, adom\u00e1nyozott az \u00e1lland\u00f3 sz\u00ednh\u00e1z l\u00e9tes\u00edt\u00e9s\u00e9re. <br \/><strong>Irod.:<\/strong> Kusz\u00e1lik\u2013Zal\u00e1nyi<\/br><\/p>\n","protected":false},"excerpt":{"rendered":"<p>? \u2020 ? : ? \u2013 Megalakult a Mv.-i sz\u00ednp\u00e1rtol\u00f3 egylet (1884. szept. 14.), amelynek v\u00e1lasztm\u00e1nyi tagja, az alap\u00edtv\u00e1nynak nagy\u00f6sszeget, 500 forintot, adom\u00e1nyozott az \u00e1lland\u00f3 sz\u00ednh\u00e1z l\u00e9tes\u00edt\u00e9s\u00e9re. Irod.: Kusz\u00e1lik\u2013Zal\u00e1nyi<\/p>\n","protected":false},"featured_media":0,"comment_status":"open","ping_status":"closed","template":"","meta":[],"product_brand":[],"product_cat":[137],"product_tag":[],"class_list":{"0":"post-11346","1":"product","2":"type-product","3":"status-publish","5":"product_cat-maros-megyei-eletrajzi-lexikon","7":"first","8":"instock","9":"shipping-taxable","10":"product-type-simple"},"_links":{"self":[{"href":"https:\/\/uj.adatbank.ro\/lexikon\/wp-json\/wp\/v2\/product\/11346","targetHints":{"allow":["GET"]}}],"collection":[{"href":"https:\/\/uj.adatbank.ro\/lexikon\/wp-json\/wp\/v2\/product"}],"about":[{"href":"https:\/\/uj.adatbank.ro\/lexikon\/wp-json\/wp\/v2\/types\/product"}],"replies":[{"embeddable":true,"href":"https:\/\/uj.adatbank.ro\/lexikon\/wp-json\/wp\/v2\/comments?post=11346"}],"wp:attachment":[{"href":"https:\/\/uj.adatbank.ro\/lexikon\/wp-json\/wp\/v2\/media?parent=11346"}],"wp:term":[{"taxonomy":"product_brand","embeddable":true,"href":"https:\/\/uj.adatbank.ro\/lexikon\/wp-json\/wp\/v2\/product_brand?post=11346"},{"taxonomy":"product_cat","embeddable":true,"href":"https:\/\/uj.adatbank.ro\/lexikon\/wp-json\/wp\/v2\/product_cat?post=11346"},{"taxonomy":"product_tag","embeddable":true,"href":"https:\/\/uj.adatbank.ro\/lexikon\/wp-json\/wp\/v2\/product_tag?post=11346"}],"curies":[{"name":"wp","href":"https:\/\/api.w.org\/{rel}","templated":true}]}}