{"id":11350,"date":"2025-06-29T13:50:08","date_gmt":"2025-06-29T11:50:08","guid":{"rendered":"https:\/\/uj.adatbank.ro\/lexikon\/termek\/katona-bela\/"},"modified":"2025-06-29T13:50:08","modified_gmt":"2025-06-29T11:50:08","slug":"katona-bela","status":"publish","type":"product","link":"https:\/\/uj.adatbank.ro\/lexikon\/termek\/katona-bela\/","title":{"rendered":"KATONA B\u00e9la"},"content":{"rendered":"<p>? \u2020 2o\u00f62-ben m\u00e9g \u00e9lt: tan\u00e1r v. pap. <br \/><strong>Irod.:<\/strong> Mv.-i R. K. okt.<\/br><\/p>\n","protected":false},"excerpt":{"rendered":"<p>? \u2020 2o\u00f62-ben m\u00e9g \u00e9lt: tan\u00e1r v. pap. Irod.: Mv.-i R. K. okt.<\/p>\n","protected":false},"featured_media":0,"comment_status":"open","ping_status":"closed","template":"","meta":[],"product_brand":[],"product_cat":[137],"product_tag":[],"class_list":{"0":"post-11350","1":"product","2":"type-product","3":"status-publish","5":"product_cat-maros-megyei-eletrajzi-lexikon","7":"first","8":"instock","9":"shipping-taxable","10":"product-type-simple"},"_links":{"self":[{"href":"https:\/\/uj.adatbank.ro\/lexikon\/wp-json\/wp\/v2\/product\/11350","targetHints":{"allow":["GET"]}}],"collection":[{"href":"https:\/\/uj.adatbank.ro\/lexikon\/wp-json\/wp\/v2\/product"}],"about":[{"href":"https:\/\/uj.adatbank.ro\/lexikon\/wp-json\/wp\/v2\/types\/product"}],"replies":[{"embeddable":true,"href":"https:\/\/uj.adatbank.ro\/lexikon\/wp-json\/wp\/v2\/comments?post=11350"}],"wp:attachment":[{"href":"https:\/\/uj.adatbank.ro\/lexikon\/wp-json\/wp\/v2\/media?parent=11350"}],"wp:term":[{"taxonomy":"product_brand","embeddable":true,"href":"https:\/\/uj.adatbank.ro\/lexikon\/wp-json\/wp\/v2\/product_brand?post=11350"},{"taxonomy":"product_cat","embeddable":true,"href":"https:\/\/uj.adatbank.ro\/lexikon\/wp-json\/wp\/v2\/product_cat?post=11350"},{"taxonomy":"product_tag","embeddable":true,"href":"https:\/\/uj.adatbank.ro\/lexikon\/wp-json\/wp\/v2\/product_tag?post=11350"}],"curies":[{"name":"wp","href":"https:\/\/api.w.org\/{rel}","templated":true}]}}