{"id":11352,"date":"2025-06-29T13:50:11","date_gmt":"2025-06-29T11:50:11","guid":{"rendered":"https:\/\/uj.adatbank.ro\/lexikon\/termek\/katona-janos\/"},"modified":"2025-06-29T13:50:11","modified_gmt":"2025-06-29T11:50:11","slug":"katona-janos","status":"publish","type":"product","link":"https:\/\/uj.adatbank.ro\/lexikon\/termek\/katona-janos\/","title":{"rendered":"KATONA J\u00e1nos"},"content":{"rendered":"<p>? \u2020 ?: ?. \u2013 A ny\u00e1r\u00e1dszeredai fi\u00f3kp\u00e9nzt\u00e1r alap\u00edt\u00f3tagja, eln\u00f6ke. <br \/><strong>Irod.:<\/strong> Hipper S\u00e1ndor : A Mo.-i Munk\u00e1sok Rokkant \u00e9s Nyugd\u00edjegylet\u00e9nek huszon\u00f6t\u00e9ves t\u00f6rt\u00e9nete (Bp., 1918)<\/br><\/p>\n","protected":false},"excerpt":{"rendered":"<p>? \u2020 ?: ?. \u2013 A ny\u00e1r\u00e1dszeredai fi\u00f3kp\u00e9nzt\u00e1r alap\u00edt\u00f3tagja, eln\u00f6ke. Irod.: Hipper S\u00e1ndor : A Mo.-i Munk\u00e1sok Rokkant \u00e9s Nyugd\u00edjegylet\u00e9nek huszon\u00f6t\u00e9ves t\u00f6rt\u00e9nete (Bp., 1918)<\/p>\n","protected":false},"featured_media":0,"comment_status":"open","ping_status":"closed","template":"","meta":[],"product_brand":[],"product_cat":[137],"product_tag":[],"class_list":{"0":"post-11352","1":"product","2":"type-product","3":"status-publish","5":"product_cat-maros-megyei-eletrajzi-lexikon","7":"first","8":"instock","9":"shipping-taxable","10":"product-type-simple"},"_links":{"self":[{"href":"https:\/\/uj.adatbank.ro\/lexikon\/wp-json\/wp\/v2\/product\/11352","targetHints":{"allow":["GET"]}}],"collection":[{"href":"https:\/\/uj.adatbank.ro\/lexikon\/wp-json\/wp\/v2\/product"}],"about":[{"href":"https:\/\/uj.adatbank.ro\/lexikon\/wp-json\/wp\/v2\/types\/product"}],"replies":[{"embeddable":true,"href":"https:\/\/uj.adatbank.ro\/lexikon\/wp-json\/wp\/v2\/comments?post=11352"}],"wp:attachment":[{"href":"https:\/\/uj.adatbank.ro\/lexikon\/wp-json\/wp\/v2\/media?parent=11352"}],"wp:term":[{"taxonomy":"product_brand","embeddable":true,"href":"https:\/\/uj.adatbank.ro\/lexikon\/wp-json\/wp\/v2\/product_brand?post=11352"},{"taxonomy":"product_cat","embeddable":true,"href":"https:\/\/uj.adatbank.ro\/lexikon\/wp-json\/wp\/v2\/product_cat?post=11352"},{"taxonomy":"product_tag","embeddable":true,"href":"https:\/\/uj.adatbank.ro\/lexikon\/wp-json\/wp\/v2\/product_tag?post=11352"}],"curies":[{"name":"wp","href":"https:\/\/api.w.org\/{rel}","templated":true}]}}