{"id":11353,"date":"2025-06-29T13:50:15","date_gmt":"2025-06-29T11:50:15","guid":{"rendered":"https:\/\/uj.adatbank.ro\/lexikon\/termek\/katona-janos-2\/"},"modified":"2025-06-29T13:50:15","modified_gmt":"2025-06-29T11:50:15","slug":"katona-janos-2","status":"publish","type":"product","link":"https:\/\/uj.adatbank.ro\/lexikon\/termek\/katona-janos-2\/","title":{"rendered":"KATONA J\u00e1nos"},"content":{"rendered":"<p>Maross\u00e1rpatak, 1861. \u2020 ?: honv\u00e9d. \u2013 A cs. k. 63. gyalogezredben 10 \u00e9vet \u00e9s 3 h\u00f3napot, a m. k. mv.-i 22. gyalogezredben 2 \u00e9vet \u0151sszesen 12 \u00e9vet \u00e9s 3 h\u00f3napot szolg\u00e1lt (. \u2013 1889). N\u00e1pfelkel\u00e9si szolg\u00e1latra k\u00f6teles. A v\u00e9ge\u00e9bocs\u00e1t\u00f3 dokumentumot lesz\u00e1rmazottai \u0151r\u00edzt\u00e9k meg. \u2013 Irod: Berekm\u00e9ri\u2013G\u00e1lfi<\/br><\/p>\n","protected":false},"excerpt":{"rendered":"<p>Maross\u00e1rpatak, 1861. \u2020 ?: honv\u00e9d. \u2013 A cs. k. 63. gyalogezredben 10 \u00e9vet \u00e9s 3 h\u00f3napot, a m. k. mv.-i 22. gyalogezredben 2 \u00e9vet \u0151sszesen 12 \u00e9vet \u00e9s 3 h\u00f3napot szolg\u00e1lt (. \u2013 1889). N\u00e1pfelkel\u00e9si szolg\u00e1latra k\u00f6teles. A v\u00e9ge\u00e9bocs\u00e1t\u00f3 dokumentumot lesz\u00e1rmazottai \u0151r\u00edzt\u00e9k meg. \u2013 Irod: Berekm\u00e9ri\u2013G\u00e1lfi<\/p>\n","protected":false},"featured_media":0,"comment_status":"open","ping_status":"closed","template":"","meta":[],"product_brand":[],"product_cat":[137],"product_tag":[],"class_list":{"0":"post-11353","1":"product","2":"type-product","3":"status-publish","5":"product_cat-maros-megyei-eletrajzi-lexikon","7":"first","8":"instock","9":"shipping-taxable","10":"product-type-simple"},"_links":{"self":[{"href":"https:\/\/uj.adatbank.ro\/lexikon\/wp-json\/wp\/v2\/product\/11353","targetHints":{"allow":["GET"]}}],"collection":[{"href":"https:\/\/uj.adatbank.ro\/lexikon\/wp-json\/wp\/v2\/product"}],"about":[{"href":"https:\/\/uj.adatbank.ro\/lexikon\/wp-json\/wp\/v2\/types\/product"}],"replies":[{"embeddable":true,"href":"https:\/\/uj.adatbank.ro\/lexikon\/wp-json\/wp\/v2\/comments?post=11353"}],"wp:attachment":[{"href":"https:\/\/uj.adatbank.ro\/lexikon\/wp-json\/wp\/v2\/media?parent=11353"}],"wp:term":[{"taxonomy":"product_brand","embeddable":true,"href":"https:\/\/uj.adatbank.ro\/lexikon\/wp-json\/wp\/v2\/product_brand?post=11353"},{"taxonomy":"product_cat","embeddable":true,"href":"https:\/\/uj.adatbank.ro\/lexikon\/wp-json\/wp\/v2\/product_cat?post=11353"},{"taxonomy":"product_tag","embeddable":true,"href":"https:\/\/uj.adatbank.ro\/lexikon\/wp-json\/wp\/v2\/product_tag?post=11353"}],"curies":[{"name":"wp","href":"https:\/\/api.w.org\/{rel}","templated":true}]}}