{"id":11355,"date":"2025-06-29T13:50:19","date_gmt":"2025-06-29T11:50:19","guid":{"rendered":"https:\/\/uj.adatbank.ro\/lexikon\/termek\/katona-peterne-kantor-katica\/"},"modified":"2025-06-29T13:50:19","modified_gmt":"2025-06-29T11:50:19","slug":"katona-peterne-kantor-katica","status":"publish","type":"product","link":"https:\/\/uj.adatbank.ro\/lexikon\/termek\/katona-peterne-kantor-katica\/","title":{"rendered":"KATONA P\u00e9tern\u00e9, K\u00e1ntor Katica"},"content":{"rendered":"<p>Ny\u00e1r\u00e1dremete (Maros), 1898., \u2020 Ny\u00e1r\u00e1dremete, 1980.: m\u0171kedvel\u0151 \u00e9nekes. \u2013 A falu k\u00e1ntortan\u00edt\u00f3j\u00e1t\u00f3l tanult \u00e9nekelni. A templomban, a temet\u00e9seken, virraszt\u00e1sokon, hat\u00e1rker\u00fcl\u00e9seken \u00e9nekelt. Ny\u00e1r\u00e1dremete m\u0171kedvel\u0151 sz\u00ednj\u00e1tsz\u00f3 csoportj\u00e1nak tagja. <br \/><strong>Irod.:<\/strong> Ny\u00e1r\u00e1dremete<\/br><\/p>\n","protected":false},"excerpt":{"rendered":"<p>Ny\u00e1r\u00e1dremete (Maros), 1898., \u2020 Ny\u00e1r\u00e1dremete, 1980.: m\u0171kedvel\u0151 \u00e9nekes. \u2013 A falu k\u00e1ntortan\u00edt\u00f3j\u00e1t\u00f3l tanult \u00e9nekelni. A templomban, a temet\u00e9seken, virraszt\u00e1sokon, hat\u00e1rker\u00fcl\u00e9seken \u00e9nekelt. Ny\u00e1r\u00e1dremete m\u0171kedvel\u0151 sz\u00ednj\u00e1tsz\u00f3 csoportj\u00e1nak tagja. Irod.: Ny\u00e1r\u00e1dremete<\/p>\n","protected":false},"featured_media":0,"comment_status":"open","ping_status":"closed","template":"","meta":[],"product_brand":[],"product_cat":[137],"product_tag":[],"class_list":{"0":"post-11355","1":"product","2":"type-product","3":"status-publish","5":"product_cat-maros-megyei-eletrajzi-lexikon","7":"first","8":"instock","9":"shipping-taxable","10":"product-type-simple"},"_links":{"self":[{"href":"https:\/\/uj.adatbank.ro\/lexikon\/wp-json\/wp\/v2\/product\/11355","targetHints":{"allow":["GET"]}}],"collection":[{"href":"https:\/\/uj.adatbank.ro\/lexikon\/wp-json\/wp\/v2\/product"}],"about":[{"href":"https:\/\/uj.adatbank.ro\/lexikon\/wp-json\/wp\/v2\/types\/product"}],"replies":[{"embeddable":true,"href":"https:\/\/uj.adatbank.ro\/lexikon\/wp-json\/wp\/v2\/comments?post=11355"}],"wp:attachment":[{"href":"https:\/\/uj.adatbank.ro\/lexikon\/wp-json\/wp\/v2\/media?parent=11355"}],"wp:term":[{"taxonomy":"product_brand","embeddable":true,"href":"https:\/\/uj.adatbank.ro\/lexikon\/wp-json\/wp\/v2\/product_brand?post=11355"},{"taxonomy":"product_cat","embeddable":true,"href":"https:\/\/uj.adatbank.ro\/lexikon\/wp-json\/wp\/v2\/product_cat?post=11355"},{"taxonomy":"product_tag","embeddable":true,"href":"https:\/\/uj.adatbank.ro\/lexikon\/wp-json\/wp\/v2\/product_tag?post=11355"}],"curies":[{"name":"wp","href":"https:\/\/api.w.org\/{rel}","templated":true}]}}