{"id":11356,"date":"2025-06-29T13:50:20","date_gmt":"2025-06-29T11:50:20","guid":{"rendered":"https:\/\/uj.adatbank.ro\/lexikon\/termek\/katona-sandor\/"},"modified":"2025-06-29T13:50:20","modified_gmt":"2025-06-29T11:50:20","slug":"katona-sandor","status":"publish","type":"product","link":"https:\/\/uj.adatbank.ro\/lexikon\/termek\/katona-sandor\/","title":{"rendered":"KATONA S\u00e1ndor"},"content":{"rendered":"<p>Rava, 1841. \u2020 1924. j\u00fal. 19.: tan\u00edt\u00f3, \u00e9nekvez\u00e9r. Tanult Torock\u00f3n, Sz\u00e9kelykereszt\u00faron, Tord\u00e1n \u00e9s Kv. -on. Sz\u00e9kelykereszt\u00faron 50 \u00e9vig tan\u00edtott. <br \/><strong>Irod.:<\/strong> Kelemen<\/br><\/p>\n","protected":false},"excerpt":{"rendered":"<p>Rava, 1841. \u2020 1924. j\u00fal. 19.: tan\u00edt\u00f3, \u00e9nekvez\u00e9r. Tanult Torock\u00f3n, Sz\u00e9kelykereszt\u00faron, Tord\u00e1n \u00e9s Kv. -on. Sz\u00e9kelykereszt\u00faron 50 \u00e9vig tan\u00edtott. Irod.: Kelemen<\/p>\n","protected":false},"featured_media":0,"comment_status":"open","ping_status":"closed","template":"","meta":[],"product_brand":[],"product_cat":[137],"product_tag":[],"class_list":{"0":"post-11356","1":"product","2":"type-product","3":"status-publish","5":"product_cat-maros-megyei-eletrajzi-lexikon","7":"first","8":"instock","9":"shipping-taxable","10":"product-type-simple"},"_links":{"self":[{"href":"https:\/\/uj.adatbank.ro\/lexikon\/wp-json\/wp\/v2\/product\/11356","targetHints":{"allow":["GET"]}}],"collection":[{"href":"https:\/\/uj.adatbank.ro\/lexikon\/wp-json\/wp\/v2\/product"}],"about":[{"href":"https:\/\/uj.adatbank.ro\/lexikon\/wp-json\/wp\/v2\/types\/product"}],"replies":[{"embeddable":true,"href":"https:\/\/uj.adatbank.ro\/lexikon\/wp-json\/wp\/v2\/comments?post=11356"}],"wp:attachment":[{"href":"https:\/\/uj.adatbank.ro\/lexikon\/wp-json\/wp\/v2\/media?parent=11356"}],"wp:term":[{"taxonomy":"product_brand","embeddable":true,"href":"https:\/\/uj.adatbank.ro\/lexikon\/wp-json\/wp\/v2\/product_brand?post=11356"},{"taxonomy":"product_cat","embeddable":true,"href":"https:\/\/uj.adatbank.ro\/lexikon\/wp-json\/wp\/v2\/product_cat?post=11356"},{"taxonomy":"product_tag","embeddable":true,"href":"https:\/\/uj.adatbank.ro\/lexikon\/wp-json\/wp\/v2\/product_tag?post=11356"}],"curies":[{"name":"wp","href":"https:\/\/api.w.org\/{rel}","templated":true}]}}