{"id":11357,"date":"2025-06-29T13:50:21","date_gmt":"2025-06-29T11:50:21","guid":{"rendered":"https:\/\/uj.adatbank.ro\/lexikon\/termek\/katona-sandor-2\/"},"modified":"2025-06-29T13:50:21","modified_gmt":"2025-06-29T11:50:21","slug":"katona-sandor-2","status":"publish","type":"product","link":"https:\/\/uj.adatbank.ro\/lexikon\/termek\/katona-sandor-2\/","title":{"rendered":"KATONA S\u00e1ndor"},"content":{"rendered":"<p>Torboszl\u00f3, 1912. j\u00fal. 26. \u2020 Mikuliczyn, 1944. aug. 8.: honv\u00e9d. \u2013 Anyja Katona Katalin. A 27\/II. z\u00e1szl\u00f3aljban honv\u00e9d. Szil\u00e1nks\u00e9r\u00fcl\u00e9s okozta hal\u00e1l\u00e1t <br \/><strong>Irod.:<\/strong> Berekm\u00e9ri 2015<\/br><\/p>\n","protected":false},"excerpt":{"rendered":"<p>Torboszl\u00f3, 1912. j\u00fal. 26. \u2020 Mikuliczyn, 1944. aug. 8.: honv\u00e9d. \u2013 Anyja Katona Katalin. A 27\/II. z\u00e1szl\u00f3aljban honv\u00e9d. Szil\u00e1nks\u00e9r\u00fcl\u00e9s okozta hal\u00e1l\u00e1t Irod.: Berekm\u00e9ri 2015<\/p>\n","protected":false},"featured_media":0,"comment_status":"open","ping_status":"closed","template":"","meta":[],"product_brand":[],"product_cat":[137],"product_tag":[],"class_list":{"0":"post-11357","1":"product","2":"type-product","3":"status-publish","5":"product_cat-maros-megyei-eletrajzi-lexikon","7":"first","8":"instock","9":"shipping-taxable","10":"product-type-simple"},"_links":{"self":[{"href":"https:\/\/uj.adatbank.ro\/lexikon\/wp-json\/wp\/v2\/product\/11357","targetHints":{"allow":["GET"]}}],"collection":[{"href":"https:\/\/uj.adatbank.ro\/lexikon\/wp-json\/wp\/v2\/product"}],"about":[{"href":"https:\/\/uj.adatbank.ro\/lexikon\/wp-json\/wp\/v2\/types\/product"}],"replies":[{"embeddable":true,"href":"https:\/\/uj.adatbank.ro\/lexikon\/wp-json\/wp\/v2\/comments?post=11357"}],"wp:attachment":[{"href":"https:\/\/uj.adatbank.ro\/lexikon\/wp-json\/wp\/v2\/media?parent=11357"}],"wp:term":[{"taxonomy":"product_brand","embeddable":true,"href":"https:\/\/uj.adatbank.ro\/lexikon\/wp-json\/wp\/v2\/product_brand?post=11357"},{"taxonomy":"product_cat","embeddable":true,"href":"https:\/\/uj.adatbank.ro\/lexikon\/wp-json\/wp\/v2\/product_cat?post=11357"},{"taxonomy":"product_tag","embeddable":true,"href":"https:\/\/uj.adatbank.ro\/lexikon\/wp-json\/wp\/v2\/product_tag?post=11357"}],"curies":[{"name":"wp","href":"https:\/\/api.w.org\/{rel}","templated":true}]}}