{"id":11358,"date":"2025-06-29T13:50:24","date_gmt":"2025-06-29T11:50:24","guid":{"rendered":"https:\/\/uj.adatbank.ro\/lexikon\/termek\/katona-szabo-erzsebet\/"},"modified":"2025-06-29T13:50:24","modified_gmt":"2025-06-29T11:50:24","slug":"katona-szabo-erzsebet","status":"publish","type":"product","link":"https:\/\/uj.adatbank.ro\/lexikon\/termek\/katona-szabo-erzsebet\/","title":{"rendered":"KATONA SZAB\u00d3 Erzs\u00e9bet"},"content":{"rendered":"<p>Kolozsv\u00e1r, 1952. \u2020 G\u00f6d\u00f6ll\u0151, 2024. febr. 5. &#8211; Tanulm\u00e1nyait a kolozsv\u00e1ri K\u00e9pz\u0151m\u00fcv\u00e9szeti F\u0151iskol\u00e1n v\u00e9gezte, Bene J\u00f3zsef tan\u00e1ra vezet\u00e9s\u00e9vel diplom\u00e1zott mint gobelintervez\u0151. A mv.-i B\u00e1bsz\u00ednh\u00e1z d\u00edszlettervez\u0151je. Magyarorsz\u00e1gra k\u00f6lt\u00f6z\u00f6tt (1983\u2013). G\u00f6d\u00f6ll\u0151n telepedett le, ahol jelent\u0151s textilm\u0171v\u00e9sz, l\u00e1tv\u00e1nytervez\u0151, m\u0171v\u00e9szetszervez\u0151. Ferenczy no\u00e9mi-d\u00edjas textilm\u0171v\u00e9sz \u00e9s G\u00f6d\u00f6ll\u0151 v\u00e1ros d\u00edszpolg\u00e1ra. A G\u00f6d\u00f6l\u0151i Iparm\u0171v\u00e9szeti M\u0171hely Alkot\u00f3h\u00e1zi m\u0171term\u00e9ben dolgozott, ki\u00e1ll\u00edtott. Marosv\u00e1s\u00e1rhelyen a Bern\u00e1dy H\u00e1zban sikeres egy\u00e9ni ki\u00e1ll\u00edt\u00e1sa volt (2015). Budapesten a M\u0171csarnokban volt ki\u00e1llit\u00e1sa (2023). Utols\u00f3 ki\u00e1ll\u00edt\u00e1s\u00e1t a g\u00f6d\u00f6ll\u0151i V\u00e1rkapit\u00e1nyi Lakban. (2024. \u00e1prilis 13) m\u00e1r nem l\u00e1thatta. Szerette a k\u00f6ltem\u00e9nyeketet is, maga is \u00edrt verseket. <br \/><strong>Irod.:<\/strong> Nagy Mikl\u00f3s Kund: Most Katona Szab\u00f3 Erzs\u00e9bett\u0151l b\u00facs\u00fazunk (N\u00fa., 2024. febr. 17.)<\/br><\/p>\n","protected":false},"excerpt":{"rendered":"<p>Kolozsv\u00e1r, 1952. \u2020 G\u00f6d\u00f6ll\u0151, 2024. febr. 5. &#8211; Tanulm\u00e1nyait a kolozsv\u00e1ri K\u00e9pz\u0151m\u00fcv\u00e9szeti F\u0151iskol\u00e1n v\u00e9gezte, Bene J\u00f3zsef tan\u00e1ra vezet\u00e9s\u00e9vel diplom\u00e1zott mint gobelintervez\u0151. A mv.-i B\u00e1bsz\u00ednh\u00e1z d\u00edszlettervez\u0151je. Magyarorsz\u00e1gra k\u00f6lt\u00f6z\u00f6tt (1983\u2013). G\u00f6d\u00f6ll\u0151n telepedett le, ahol jelent\u0151s textilm\u0171v\u00e9sz, l\u00e1tv\u00e1nytervez\u0151, m\u0171v\u00e9szetszervez\u0151. Ferenczy no\u00e9mi-d\u00edjas textilm\u0171v\u00e9sz \u00e9s G\u00f6d\u00f6ll\u0151 v\u00e1ros d\u00edszpolg\u00e1ra. A G\u00f6d\u00f6l\u0151i Iparm\u0171v\u00e9szeti M\u0171hely Alkot\u00f3h\u00e1zi m\u0171term\u00e9ben dolgozott, ki\u00e1ll\u00edtott. Marosv\u00e1s\u00e1rhelyen a Bern\u00e1dy H\u00e1zban [&hellip;]<\/p>\n","protected":false},"featured_media":0,"comment_status":"open","ping_status":"closed","template":"","meta":[],"product_brand":[],"product_cat":[137],"product_tag":[],"class_list":{"0":"post-11358","1":"product","2":"type-product","3":"status-publish","5":"product_cat-maros-megyei-eletrajzi-lexikon","7":"first","8":"instock","9":"shipping-taxable","10":"product-type-simple"},"_links":{"self":[{"href":"https:\/\/uj.adatbank.ro\/lexikon\/wp-json\/wp\/v2\/product\/11358","targetHints":{"allow":["GET"]}}],"collection":[{"href":"https:\/\/uj.adatbank.ro\/lexikon\/wp-json\/wp\/v2\/product"}],"about":[{"href":"https:\/\/uj.adatbank.ro\/lexikon\/wp-json\/wp\/v2\/types\/product"}],"replies":[{"embeddable":true,"href":"https:\/\/uj.adatbank.ro\/lexikon\/wp-json\/wp\/v2\/comments?post=11358"}],"wp:attachment":[{"href":"https:\/\/uj.adatbank.ro\/lexikon\/wp-json\/wp\/v2\/media?parent=11358"}],"wp:term":[{"taxonomy":"product_brand","embeddable":true,"href":"https:\/\/uj.adatbank.ro\/lexikon\/wp-json\/wp\/v2\/product_brand?post=11358"},{"taxonomy":"product_cat","embeddable":true,"href":"https:\/\/uj.adatbank.ro\/lexikon\/wp-json\/wp\/v2\/product_cat?post=11358"},{"taxonomy":"product_tag","embeddable":true,"href":"https:\/\/uj.adatbank.ro\/lexikon\/wp-json\/wp\/v2\/product_tag?post=11358"}],"curies":[{"name":"wp","href":"https:\/\/api.w.org\/{rel}","templated":true}]}}