{"id":11364,"date":"2025-06-29T13:50:38","date_gmt":"2025-06-29T11:50:38","guid":{"rendered":"https:\/\/uj.adatbank.ro\/lexikon\/termek\/katsandi-zsuzsanna-kohanyi-gyulai-ferencne-kacsandi-zsuzsanna\/"},"modified":"2025-06-29T13:50:38","modified_gmt":"2025-06-29T11:50:38","slug":"katsandi-zsuzsanna-kohanyi-gyulai-ferencne-kacsandi-zsuzsanna","status":"publish","type":"product","link":"https:\/\/uj.adatbank.ro\/lexikon\/termek\/katsandi-zsuzsanna-kohanyi-gyulai-ferencne-kacsandi-zsuzsanna\/","title":{"rendered":"KATS\u00c1NDI Zsuzsanna, koh\u00e1nyi; Gyulai Ferencn\u00e9, Kacs\u00e1ndi Zsuzs\u00e1nna"},"content":{"rendered":"<p>1765, \u2020 Marosbog\u00e1t, 1826. <br \/><strong>Irod.:<\/strong> Kiss S. &#8211; Herepei K\u00e1roly : K\u00e9t halotti besz\u00e9dek (Kv., 1826)<\/br><\/p>\n","protected":false},"excerpt":{"rendered":"<p>1765, \u2020 Marosbog\u00e1t, 1826. Irod.: Kiss S. &#8211; Herepei K\u00e1roly : K\u00e9t halotti besz\u00e9dek (Kv., 1826)<\/p>\n","protected":false},"featured_media":0,"comment_status":"open","ping_status":"closed","template":"","meta":[],"product_brand":[],"product_cat":[137],"product_tag":[],"class_list":{"0":"post-11364","1":"product","2":"type-product","3":"status-publish","5":"product_cat-maros-megyei-eletrajzi-lexikon","7":"first","8":"instock","9":"shipping-taxable","10":"product-type-simple"},"_links":{"self":[{"href":"https:\/\/uj.adatbank.ro\/lexikon\/wp-json\/wp\/v2\/product\/11364","targetHints":{"allow":["GET"]}}],"collection":[{"href":"https:\/\/uj.adatbank.ro\/lexikon\/wp-json\/wp\/v2\/product"}],"about":[{"href":"https:\/\/uj.adatbank.ro\/lexikon\/wp-json\/wp\/v2\/types\/product"}],"replies":[{"embeddable":true,"href":"https:\/\/uj.adatbank.ro\/lexikon\/wp-json\/wp\/v2\/comments?post=11364"}],"wp:attachment":[{"href":"https:\/\/uj.adatbank.ro\/lexikon\/wp-json\/wp\/v2\/media?parent=11364"}],"wp:term":[{"taxonomy":"product_brand","embeddable":true,"href":"https:\/\/uj.adatbank.ro\/lexikon\/wp-json\/wp\/v2\/product_brand?post=11364"},{"taxonomy":"product_cat","embeddable":true,"href":"https:\/\/uj.adatbank.ro\/lexikon\/wp-json\/wp\/v2\/product_cat?post=11364"},{"taxonomy":"product_tag","embeddable":true,"href":"https:\/\/uj.adatbank.ro\/lexikon\/wp-json\/wp\/v2\/product_tag?post=11364"}],"curies":[{"name":"wp","href":"https:\/\/api.w.org\/{rel}","templated":true}]}}