{"id":11370,"date":"2025-06-29T13:50:48","date_gmt":"2025-06-29T11:50:48","guid":{"rendered":"https:\/\/uj.adatbank.ro\/lexikon\/termek\/kattero-mihaly\/"},"modified":"2025-06-29T13:50:48","modified_gmt":"2025-06-29T11:50:48","slug":"kattero-mihaly","status":"publish","type":"product","link":"https:\/\/uj.adatbank.ro\/lexikon\/termek\/kattero-mihaly\/","title":{"rendered":"KATTERO Mih\u00e1ly"},"content":{"rendered":"<p>D\u00e9s., 1903., \u2020 ? : villanyszerel\u0151, r\u00e1di\u00f3m\u0171szer\u00e9sz. \u2013 Tanulm\u00e1nyait D\u00e9sen v\u00e9gezte, majd a m\u0171szer\u00e9sziparban szabadult fel. Es Mv.-en \u00f6n\u00e1ll\u00f3 \u00fczletet nyitott (1927). A keresked\u0151 t\u00e1rsulat \u00e9s a r. k. egyh\u00e1z tagja volt. <br \/><strong>Irod.:<\/strong> Sz\u00e9kelyf\u00f6ld \u00ed. k<\/br><\/p>\n","protected":false},"excerpt":{"rendered":"<p>D\u00e9s., 1903., \u2020 ? : villanyszerel\u0151, r\u00e1di\u00f3m\u0171szer\u00e9sz. \u2013 Tanulm\u00e1nyait D\u00e9sen v\u00e9gezte, majd a m\u0171szer\u00e9sziparban szabadult fel. Es Mv.-en \u00f6n\u00e1ll\u00f3 \u00fczletet nyitott (1927). A keresked\u0151 t\u00e1rsulat \u00e9s a r. k. egyh\u00e1z tagja volt. Irod.: Sz\u00e9kelyf\u00f6ld \u00ed. k<\/p>\n","protected":false},"featured_media":0,"comment_status":"open","ping_status":"closed","template":"","meta":[],"product_brand":[],"product_cat":[137],"product_tag":[],"class_list":{"0":"post-11370","1":"product","2":"type-product","3":"status-publish","5":"product_cat-maros-megyei-eletrajzi-lexikon","7":"first","8":"instock","9":"shipping-taxable","10":"product-type-simple"},"_links":{"self":[{"href":"https:\/\/uj.adatbank.ro\/lexikon\/wp-json\/wp\/v2\/product\/11370","targetHints":{"allow":["GET"]}}],"collection":[{"href":"https:\/\/uj.adatbank.ro\/lexikon\/wp-json\/wp\/v2\/product"}],"about":[{"href":"https:\/\/uj.adatbank.ro\/lexikon\/wp-json\/wp\/v2\/types\/product"}],"replies":[{"embeddable":true,"href":"https:\/\/uj.adatbank.ro\/lexikon\/wp-json\/wp\/v2\/comments?post=11370"}],"wp:attachment":[{"href":"https:\/\/uj.adatbank.ro\/lexikon\/wp-json\/wp\/v2\/media?parent=11370"}],"wp:term":[{"taxonomy":"product_brand","embeddable":true,"href":"https:\/\/uj.adatbank.ro\/lexikon\/wp-json\/wp\/v2\/product_brand?post=11370"},{"taxonomy":"product_cat","embeddable":true,"href":"https:\/\/uj.adatbank.ro\/lexikon\/wp-json\/wp\/v2\/product_cat?post=11370"},{"taxonomy":"product_tag","embeddable":true,"href":"https:\/\/uj.adatbank.ro\/lexikon\/wp-json\/wp\/v2\/product_tag?post=11370"}],"curies":[{"name":"wp","href":"https:\/\/api.w.org\/{rel}","templated":true}]}}