{"id":11371,"date":"2025-06-29T13:50:49","date_gmt":"2025-06-29T11:50:49","guid":{"rendered":"https:\/\/uj.adatbank.ro\/lexikon\/termek\/katyi-istvan\/"},"modified":"2025-06-29T13:50:49","modified_gmt":"2025-06-29T11:50:49","slug":"katyi-istvan","status":"publish","type":"product","link":"https:\/\/uj.adatbank.ro\/lexikon\/termek\/katyi-istvan\/","title":{"rendered":"KATYI Istv\u00e1n"},"content":{"rendered":"<p>Glecs\u00e1na, 1908., \u2020 ? : keresked\u0151. \u2013 Elemi iskol\u00e1i elv\u00e9gz\u00e9se ut\u00e1n keresked\u0151i p\u00e1ly\u00e1ra l\u00e9pett \u00e9s mint seg\u00e9d k\u00fcl\u00f6nb\u00f6z\u0151 helyeken volt, majd Kisf\u00fclp\u00f6s\u00f6n nyitott \u00fczletet. Katona volt a 27. t\u0171z\u00e9rezredn\u00e9l. <br \/><strong>Irod.:<\/strong> Sz\u00e9kelyf\u00f6ld \u00ed. k<\/br><\/p>\n","protected":false},"excerpt":{"rendered":"<p>Glecs\u00e1na, 1908., \u2020 ? : keresked\u0151. \u2013 Elemi iskol\u00e1i elv\u00e9gz\u00e9se ut\u00e1n keresked\u0151i p\u00e1ly\u00e1ra l\u00e9pett \u00e9s mint seg\u00e9d k\u00fcl\u00f6nb\u00f6z\u0151 helyeken volt, majd Kisf\u00fclp\u00f6s\u00f6n nyitott \u00fczletet. Katona volt a 27. t\u0171z\u00e9rezredn\u00e9l. Irod.: Sz\u00e9kelyf\u00f6ld \u00ed. k<\/p>\n","protected":false},"featured_media":0,"comment_status":"open","ping_status":"closed","template":"","meta":[],"product_brand":[],"product_cat":[137],"product_tag":[],"class_list":{"0":"post-11371","1":"product","2":"type-product","3":"status-publish","5":"product_cat-maros-megyei-eletrajzi-lexikon","7":"first","8":"instock","9":"shipping-taxable","10":"product-type-simple"},"_links":{"self":[{"href":"https:\/\/uj.adatbank.ro\/lexikon\/wp-json\/wp\/v2\/product\/11371","targetHints":{"allow":["GET"]}}],"collection":[{"href":"https:\/\/uj.adatbank.ro\/lexikon\/wp-json\/wp\/v2\/product"}],"about":[{"href":"https:\/\/uj.adatbank.ro\/lexikon\/wp-json\/wp\/v2\/types\/product"}],"replies":[{"embeddable":true,"href":"https:\/\/uj.adatbank.ro\/lexikon\/wp-json\/wp\/v2\/comments?post=11371"}],"wp:attachment":[{"href":"https:\/\/uj.adatbank.ro\/lexikon\/wp-json\/wp\/v2\/media?parent=11371"}],"wp:term":[{"taxonomy":"product_brand","embeddable":true,"href":"https:\/\/uj.adatbank.ro\/lexikon\/wp-json\/wp\/v2\/product_brand?post=11371"},{"taxonomy":"product_cat","embeddable":true,"href":"https:\/\/uj.adatbank.ro\/lexikon\/wp-json\/wp\/v2\/product_cat?post=11371"},{"taxonomy":"product_tag","embeddable":true,"href":"https:\/\/uj.adatbank.ro\/lexikon\/wp-json\/wp\/v2\/product_tag?post=11371"}],"curies":[{"name":"wp","href":"https:\/\/api.w.org\/{rel}","templated":true}]}}