{"id":11372,"date":"2025-06-29T13:50:51","date_gmt":"2025-06-29T11:50:51","guid":{"rendered":"https:\/\/uj.adatbank.ro\/lexikon\/termek\/katzer-izsak-%c2%a7\/"},"modified":"2025-06-29T13:50:51","modified_gmt":"2025-06-29T11:50:51","slug":"katzer-izsak-%c2%a7","status":"publish","type":"product","link":"https:\/\/uj.adatbank.ro\/lexikon\/termek\/katzer-izsak-%c2%a7\/","title":{"rendered":"KATZER Izs\u00e1k, \u00a7"},"content":{"rendered":"<p>Mv., 1899, \u2020 ?: fogorvos. \u2013 Mv.-en fogorvos, dr. R\u00e9szt vett az I. vh.-ban (1917\u201318), a tiszti iskola elv\u00e9gz\u00e9se ut\u00e1n a rom\u00e1n fronton harcolt, majd az orosz \u00e9s az olasz frontra vez\u00e9nyelt\u00e9k. Z\u00e1szl\u00f3si rangban szerelt le. <br \/><strong>Irod.:<\/strong> Erd\u00e9lyi ezredek<\/br><\/p>\n","protected":false},"excerpt":{"rendered":"<p>Mv., 1899, \u2020 ?: fogorvos. \u2013 Mv.-en fogorvos, dr. R\u00e9szt vett az I. vh.-ban (1917\u201318), a tiszti iskola elv\u00e9gz\u00e9se ut\u00e1n a rom\u00e1n fronton harcolt, majd az orosz \u00e9s az olasz frontra vez\u00e9nyelt\u00e9k. Z\u00e1szl\u00f3si rangban szerelt le. Irod.: Erd\u00e9lyi ezredek<\/p>\n","protected":false},"featured_media":0,"comment_status":"open","ping_status":"closed","template":"","meta":[],"product_brand":[],"product_cat":[137],"product_tag":[],"class_list":{"0":"post-11372","1":"product","2":"type-product","3":"status-publish","5":"product_cat-maros-megyei-eletrajzi-lexikon","7":"first","8":"instock","9":"shipping-taxable","10":"product-type-simple"},"_links":{"self":[{"href":"https:\/\/uj.adatbank.ro\/lexikon\/wp-json\/wp\/v2\/product\/11372","targetHints":{"allow":["GET"]}}],"collection":[{"href":"https:\/\/uj.adatbank.ro\/lexikon\/wp-json\/wp\/v2\/product"}],"about":[{"href":"https:\/\/uj.adatbank.ro\/lexikon\/wp-json\/wp\/v2\/types\/product"}],"replies":[{"embeddable":true,"href":"https:\/\/uj.adatbank.ro\/lexikon\/wp-json\/wp\/v2\/comments?post=11372"}],"wp:attachment":[{"href":"https:\/\/uj.adatbank.ro\/lexikon\/wp-json\/wp\/v2\/media?parent=11372"}],"wp:term":[{"taxonomy":"product_brand","embeddable":true,"href":"https:\/\/uj.adatbank.ro\/lexikon\/wp-json\/wp\/v2\/product_brand?post=11372"},{"taxonomy":"product_cat","embeddable":true,"href":"https:\/\/uj.adatbank.ro\/lexikon\/wp-json\/wp\/v2\/product_cat?post=11372"},{"taxonomy":"product_tag","embeddable":true,"href":"https:\/\/uj.adatbank.ro\/lexikon\/wp-json\/wp\/v2\/product_tag?post=11372"}],"curies":[{"name":"wp","href":"https:\/\/api.w.org\/{rel}","templated":true}]}}