{"id":11375,"date":"2025-06-29T13:50:58","date_gmt":"2025-06-29T11:50:58","guid":{"rendered":"https:\/\/uj.adatbank.ro\/lexikon\/termek\/kaucsar-jolan-kaucsar-iolanda\/"},"modified":"2025-06-29T13:50:58","modified_gmt":"2025-06-29T11:50:58","slug":"kaucsar-jolan-kaucsar-iolanda","status":"publish","type":"product","link":"https:\/\/uj.adatbank.ro\/lexikon\/termek\/kaucsar-jolan-kaucsar-iolanda\/","title":{"rendered":"KAUCS\u00c1R Jol\u00e1n, Kaucs\u00e1r Iolanda"},"content":{"rendered":"<p>?, \u2020 ?: tan\u00e1rn\u0151. \u2013 Apja nagy kizs\u00e1km\u00e1nyol\u00f3. \u2013 Husz\u00e1r Ilona nevezte ki a mv. &#8211; kereskedelmi le\u00e1nyiskola igazgat\u00f3j\u00e1nak (1951 k.). <br \/><strong>Irod.:<\/strong> Bartos 2012<\/br><\/p>\n","protected":false},"excerpt":{"rendered":"<p>?, \u2020 ?: tan\u00e1rn\u0151. \u2013 Apja nagy kizs\u00e1km\u00e1nyol\u00f3. \u2013 Husz\u00e1r Ilona nevezte ki a mv. &#8211; kereskedelmi le\u00e1nyiskola igazgat\u00f3j\u00e1nak (1951 k.). Irod.: Bartos 2012<\/p>\n","protected":false},"featured_media":0,"comment_status":"open","ping_status":"closed","template":"","meta":[],"product_brand":[],"product_cat":[137],"product_tag":[],"class_list":{"0":"post-11375","1":"product","2":"type-product","3":"status-publish","5":"product_cat-maros-megyei-eletrajzi-lexikon","7":"first","8":"instock","9":"shipping-taxable","10":"product-type-simple"},"_links":{"self":[{"href":"https:\/\/uj.adatbank.ro\/lexikon\/wp-json\/wp\/v2\/product\/11375","targetHints":{"allow":["GET"]}}],"collection":[{"href":"https:\/\/uj.adatbank.ro\/lexikon\/wp-json\/wp\/v2\/product"}],"about":[{"href":"https:\/\/uj.adatbank.ro\/lexikon\/wp-json\/wp\/v2\/types\/product"}],"replies":[{"embeddable":true,"href":"https:\/\/uj.adatbank.ro\/lexikon\/wp-json\/wp\/v2\/comments?post=11375"}],"wp:attachment":[{"href":"https:\/\/uj.adatbank.ro\/lexikon\/wp-json\/wp\/v2\/media?parent=11375"}],"wp:term":[{"taxonomy":"product_brand","embeddable":true,"href":"https:\/\/uj.adatbank.ro\/lexikon\/wp-json\/wp\/v2\/product_brand?post=11375"},{"taxonomy":"product_cat","embeddable":true,"href":"https:\/\/uj.adatbank.ro\/lexikon\/wp-json\/wp\/v2\/product_cat?post=11375"},{"taxonomy":"product_tag","embeddable":true,"href":"https:\/\/uj.adatbank.ro\/lexikon\/wp-json\/wp\/v2\/product_tag?post=11375"}],"curies":[{"name":"wp","href":"https:\/\/api.w.org\/{rel}","templated":true}]}}