{"id":11376,"date":"2025-06-29T13:51:00","date_gmt":"2025-06-29T11:51:00","guid":{"rendered":"https:\/\/uj.adatbank.ro\/lexikon\/termek\/kaucsar-odon\/"},"modified":"2025-06-29T13:51:00","modified_gmt":"2025-06-29T11:51:00","slug":"kaucsar-odon","status":"publish","type":"product","link":"https:\/\/uj.adatbank.ro\/lexikon\/termek\/kaucsar-odon\/","title":{"rendered":"KAUCS\u00c1R \u00d6d\u00f6n"},"content":{"rendered":"<p>Bp., 1903., \u2020 ?: hentes \u00e9s m\u00e9sz\u00e1ros. \u2013 Mv.-en v\u00e9gezte iskol\u00e1it, ut\u00e1na a h\u00fasipart tanulta, seg\u00e9d\u00e9veit a legjobb nev\u0171 szakemberek mellett t\u00f6lt\u00f6tte, Mv.-en lett \u00f6n\u00e1ll\u00f3 (1930), magas sz\u00ednvonal\u00fa \u00fczlet\u00e9ben els\u0151rend\u0171 h\u00fast tartott \u00e9s saj\u00e1t k\u00e9sz\u00edt\u00e9s\u0171 hentes\u00e1r\u00fat. Az MTE eln\u00f6ke (1945\u2013), a sportegyes\u00fclet \u00faj neve Dermagan. <br \/><strong>Irod.:<\/strong> Mv.-i labdar\u00fag\u00e1s; Sz\u00e9kelyf\u00f6ld \u00ed. k<\/br><\/p>\n","protected":false},"excerpt":{"rendered":"<p>Bp., 1903., \u2020 ?: hentes \u00e9s m\u00e9sz\u00e1ros. \u2013 Mv.-en v\u00e9gezte iskol\u00e1it, ut\u00e1na a h\u00fasipart tanulta, seg\u00e9d\u00e9veit a legjobb nev\u0171 szakemberek mellett t\u00f6lt\u00f6tte, Mv.-en lett \u00f6n\u00e1ll\u00f3 (1930), magas sz\u00ednvonal\u00fa \u00fczlet\u00e9ben els\u0151rend\u0171 h\u00fast tartott \u00e9s saj\u00e1t k\u00e9sz\u00edt\u00e9s\u0171 hentes\u00e1r\u00fat. Az MTE eln\u00f6ke (1945\u2013), a sportegyes\u00fclet \u00faj neve Dermagan. Irod.: Mv.-i labdar\u00fag\u00e1s; Sz\u00e9kelyf\u00f6ld \u00ed. k<\/p>\n","protected":false},"featured_media":0,"comment_status":"open","ping_status":"closed","template":"","meta":[],"product_brand":[],"product_cat":[137],"product_tag":[],"class_list":{"0":"post-11376","1":"product","2":"type-product","3":"status-publish","5":"product_cat-maros-megyei-eletrajzi-lexikon","7":"first","8":"instock","9":"shipping-taxable","10":"product-type-simple"},"_links":{"self":[{"href":"https:\/\/uj.adatbank.ro\/lexikon\/wp-json\/wp\/v2\/product\/11376","targetHints":{"allow":["GET"]}}],"collection":[{"href":"https:\/\/uj.adatbank.ro\/lexikon\/wp-json\/wp\/v2\/product"}],"about":[{"href":"https:\/\/uj.adatbank.ro\/lexikon\/wp-json\/wp\/v2\/types\/product"}],"replies":[{"embeddable":true,"href":"https:\/\/uj.adatbank.ro\/lexikon\/wp-json\/wp\/v2\/comments?post=11376"}],"wp:attachment":[{"href":"https:\/\/uj.adatbank.ro\/lexikon\/wp-json\/wp\/v2\/media?parent=11376"}],"wp:term":[{"taxonomy":"product_brand","embeddable":true,"href":"https:\/\/uj.adatbank.ro\/lexikon\/wp-json\/wp\/v2\/product_brand?post=11376"},{"taxonomy":"product_cat","embeddable":true,"href":"https:\/\/uj.adatbank.ro\/lexikon\/wp-json\/wp\/v2\/product_cat?post=11376"},{"taxonomy":"product_tag","embeddable":true,"href":"https:\/\/uj.adatbank.ro\/lexikon\/wp-json\/wp\/v2\/product_tag?post=11376"}],"curies":[{"name":"wp","href":"https:\/\/api.w.org\/{rel}","templated":true}]}}