{"id":11378,"date":"2025-06-29T13:51:04","date_gmt":"2025-06-29T11:51:04","guid":{"rendered":"https:\/\/uj.adatbank.ro\/lexikon\/termek\/kauders-mor\/"},"modified":"2025-06-29T13:51:04","modified_gmt":"2025-06-29T11:51:04","slug":"kauders-mor","status":"publish","type":"product","link":"https:\/\/uj.adatbank.ro\/lexikon\/termek\/kauders-mor\/","title":{"rendered":"KAUDERS M\u00f3r"},"content":{"rendered":"<p>? \u2020 ? : v\u00e1llalkoz\u00f3. \u2013 Mihofer megyesfalvi telephellyel jegyeztette be Megyesfalvi Lik\u00f6r-, Rum- \u00e9s Cognacgy\u00e1r Mihofer P\u00e1l \u00e9s t\u00e1rsa n\u00e9ven v\u00e1llalkoz\u00e1s\u00e1t (1903) Mihofer P\u00e1l \u00e9s t\u00e1rsa n\u00e9ven Mv. sz\u00e9khellyel is bejegyeztette a c\u00e9get (1905). <br \/><strong>Irod.:<\/strong> Orb\u00e1n \u2013 Oniga<\/br><\/p>\n","protected":false},"excerpt":{"rendered":"<p>? \u2020 ? : v\u00e1llalkoz\u00f3. \u2013 Mihofer megyesfalvi telephellyel jegyeztette be Megyesfalvi Lik\u00f6r-, Rum- \u00e9s Cognacgy\u00e1r Mihofer P\u00e1l \u00e9s t\u00e1rsa n\u00e9ven v\u00e1llalkoz\u00e1s\u00e1t (1903) Mihofer P\u00e1l \u00e9s t\u00e1rsa n\u00e9ven Mv. sz\u00e9khellyel is bejegyeztette a c\u00e9get (1905). Irod.: Orb\u00e1n \u2013 Oniga<\/p>\n","protected":false},"featured_media":0,"comment_status":"open","ping_status":"closed","template":"","meta":[],"product_brand":[],"product_cat":[137],"product_tag":[],"class_list":{"0":"post-11378","1":"product","2":"type-product","3":"status-publish","5":"product_cat-maros-megyei-eletrajzi-lexikon","7":"first","8":"instock","9":"shipping-taxable","10":"product-type-simple"},"_links":{"self":[{"href":"https:\/\/uj.adatbank.ro\/lexikon\/wp-json\/wp\/v2\/product\/11378","targetHints":{"allow":["GET"]}}],"collection":[{"href":"https:\/\/uj.adatbank.ro\/lexikon\/wp-json\/wp\/v2\/product"}],"about":[{"href":"https:\/\/uj.adatbank.ro\/lexikon\/wp-json\/wp\/v2\/types\/product"}],"replies":[{"embeddable":true,"href":"https:\/\/uj.adatbank.ro\/lexikon\/wp-json\/wp\/v2\/comments?post=11378"}],"wp:attachment":[{"href":"https:\/\/uj.adatbank.ro\/lexikon\/wp-json\/wp\/v2\/media?parent=11378"}],"wp:term":[{"taxonomy":"product_brand","embeddable":true,"href":"https:\/\/uj.adatbank.ro\/lexikon\/wp-json\/wp\/v2\/product_brand?post=11378"},{"taxonomy":"product_cat","embeddable":true,"href":"https:\/\/uj.adatbank.ro\/lexikon\/wp-json\/wp\/v2\/product_cat?post=11378"},{"taxonomy":"product_tag","embeddable":true,"href":"https:\/\/uj.adatbank.ro\/lexikon\/wp-json\/wp\/v2\/product_tag?post=11378"}],"curies":[{"name":"wp","href":"https:\/\/api.w.org\/{rel}","templated":true}]}}