{"id":11380,"date":"2025-06-29T13:51:08","date_gmt":"2025-06-29T11:51:08","guid":{"rendered":"https:\/\/uj.adatbank.ro\/lexikon\/termek\/kauffmann-stephannus\/"},"modified":"2025-06-29T13:51:08","modified_gmt":"2025-06-29T11:51:08","slug":"kauffmann-stephannus","status":"publish","type":"product","link":"https:\/\/uj.adatbank.ro\/lexikon\/termek\/kauffmann-stephannus\/","title":{"rendered":"KAUFFMANN, Stephannus"},"content":{"rendered":"<p>Segesv\u00e1r ?., \u2020 Kissink (Brass\u00f3), 1775. \u00e1pr. 25.: lelk\u00e9sz \u2013 Tanult Wittenbergben (1722), J\u00e9n\u00e1ban (1724). Segesv\u00e1ron collaborata (1726\u201329), majd lektor (1729\u201332); lelkip\u00e1sztor Gerd\u00e1lyon, Kissinken (1735\u201375). <br \/><strong>Irod.:<\/strong> Szab\u00f3\u2013Sz\u00f6gi<\/br><\/p>\n","protected":false},"excerpt":{"rendered":"<p>Segesv\u00e1r ?., \u2020 Kissink (Brass\u00f3), 1775. \u00e1pr. 25.: lelk\u00e9sz \u2013 Tanult Wittenbergben (1722), J\u00e9n\u00e1ban (1724). Segesv\u00e1ron collaborata (1726\u201329), majd lektor (1729\u201332); lelkip\u00e1sztor Gerd\u00e1lyon, Kissinken (1735\u201375). Irod.: Szab\u00f3\u2013Sz\u00f6gi<\/p>\n","protected":false},"featured_media":0,"comment_status":"open","ping_status":"closed","template":"","meta":[],"product_brand":[],"product_cat":[137],"product_tag":[],"class_list":{"0":"post-11380","1":"product","2":"type-product","3":"status-publish","5":"product_cat-maros-megyei-eletrajzi-lexikon","7":"first","8":"instock","9":"shipping-taxable","10":"product-type-simple"},"_links":{"self":[{"href":"https:\/\/uj.adatbank.ro\/lexikon\/wp-json\/wp\/v2\/product\/11380","targetHints":{"allow":["GET"]}}],"collection":[{"href":"https:\/\/uj.adatbank.ro\/lexikon\/wp-json\/wp\/v2\/product"}],"about":[{"href":"https:\/\/uj.adatbank.ro\/lexikon\/wp-json\/wp\/v2\/types\/product"}],"replies":[{"embeddable":true,"href":"https:\/\/uj.adatbank.ro\/lexikon\/wp-json\/wp\/v2\/comments?post=11380"}],"wp:attachment":[{"href":"https:\/\/uj.adatbank.ro\/lexikon\/wp-json\/wp\/v2\/media?parent=11380"}],"wp:term":[{"taxonomy":"product_brand","embeddable":true,"href":"https:\/\/uj.adatbank.ro\/lexikon\/wp-json\/wp\/v2\/product_brand?post=11380"},{"taxonomy":"product_cat","embeddable":true,"href":"https:\/\/uj.adatbank.ro\/lexikon\/wp-json\/wp\/v2\/product_cat?post=11380"},{"taxonomy":"product_tag","embeddable":true,"href":"https:\/\/uj.adatbank.ro\/lexikon\/wp-json\/wp\/v2\/product_tag?post=11380"}],"curies":[{"name":"wp","href":"https:\/\/api.w.org\/{rel}","templated":true}]}}