{"id":11384,"date":"2025-06-29T13:51:14","date_gmt":"2025-06-29T11:51:14","guid":{"rendered":"https:\/\/uj.adatbank.ro\/lexikon\/termek\/kazaliczky-antal\/"},"modified":"2025-06-29T13:51:14","modified_gmt":"2025-06-29T11:51:14","slug":"kazaliczky-antal","status":"publish","type":"product","link":"https:\/\/uj.adatbank.ro\/lexikon\/termek\/kazaliczky-antal\/","title":{"rendered":"KAZALICZKY Antal"},"content":{"rendered":"<p>Mozsg\u00f3, 1852. m\u00e1j. 10., \u2020 Bp., 1917. nov. 5.: sz\u00edn\u00e9sz. \u2013 A bp.-i sz\u00ednm\u0171v. akad. -n szerzett oklevelet (1875). P\u00e9csett Mikl\u00f3sy Gyula t\u00e1rsulat\u00e1ban, a bp.-i Nemzeti Sz\u00ednh\u00e1zban (1876\u2013), Mezey J\u00e1nos t\u00e1rsulat\u00e1ban (1877\u2013) \u00e9s Aradon, Mv.-en (1878), Szatm\u00e1ron (1879\u2013), Mv.-en (1880\u201382), Szege\u00adden, Szabadk\u00e1n, Kass\u00e1n, Miskolcon j\u00e1t\u00adszott. Kv\u00ad.-ot t (1886), ism\u00e9t Szegeden, a buda-temesv\u00e1ri egy\u00fcttesben, Miskolcon, S\u00e1toralja\u00ad\u00fajhelyen szerepelt, v\u00e9g\u00fcl a bp.-i V\u00edgsz\u00ednh\u00e1z tagja volt (1896\u20131909). Sz\u00e1mos dramaturgiai cikke jelent meg. T\u00f6bb sz\u00edndarabot, n\u00e9psz\u00edn\u00adm\u0171vet \u00edrt. F\u0151k\u00e9nt karakterszerepeket alak\u00edtott. Az MTA Teleki-d\u00edja (1908, 1909). <strong>F. sz.:<\/strong> A p\u00fcsp\u00f6k (Flers-Caillavet: A kir\u00e1ly); Macbeth (Shakespeare); Bourignard (K\u00f6v\u00e9r L.: A sz\u00e9p marquisn\u00e9). \u2013 I. f.: Hal\u00e1los cs\u00f6nd (1918). \u2013 <strong>F. m.:<\/strong> A guly\u00e1s (n\u00e9psz\u00ednm\u0171; bem. Kv., 1882); Iboly\u00e1sle\u00e1ny (n\u00e9psz\u00ednm\u0171; bem. Budai Sz\u00ednk\u00f6r, 1882); Ne hagyd magad, Schl\u00e9singer! [Lor\u00e9nyi K. Antal n\u00e9ven] (\u00e9let\u00adk\u00e9p, zene: Delin Henrik; bem. V\u00e1rosligeti Sz\u00ednk\u00f6r, 1891); P\u00e1sztort\u0171z (n\u00e9psz\u00ednm\u0171, zene: B\u00e1nffy Gy., Serly L., bem. Budai Sz\u00ednk\u00f6r, 1892); D\u00e9lib\u00e1bok (verses n\u00e9psz\u00ednm\u0171; bem. bp.-i N\u00e9psz\u00ednh\u00e1z, 1893); Garasos alisp\u00e1n (v\u00edgj\u00e1t\u00e9k; bem. bp.-i Nemzeti Sz\u00ednh\u00e1z, 1896); A harang (sz\u00ednm\u0171; Bp., 1899; bem. V\u00edgsz\u00ednh\u00e1z, 1898); A tetemreh\u00edv\u00e1s (sz\u00ednm\u0171; bem. Bu\u00addai Sz\u00ednk\u00f6r, 1904); A hon\u00e1rul\u00f3 (Bp., 1908); A talizm\u00e1n (Bp., 1909); A kard becs\u00fclete (t\u00e1rs. sz\u00ednm\u0171; bem. Budai Sz\u00ednk\u00f6r, 1910); V\u00e1ltoz\u00f3 szerelem (t\u00e1rs. sz\u00ednm\u0171; bem. Budai Sz\u00ednk\u00f6r, 1911). <br \/><strong>Irod.:<\/strong> \u00daM\u00c9L<\/br><\/p>\n","protected":false},"excerpt":{"rendered":"<p>Mozsg\u00f3, 1852. m\u00e1j. 10., \u2020 Bp., 1917. nov. 5.: sz\u00edn\u00e9sz. \u2013 A bp.-i sz\u00ednm\u0171v. akad. -n szerzett oklevelet (1875). P\u00e9csett Mikl\u00f3sy Gyula t\u00e1rsulat\u00e1ban, a bp.-i Nemzeti Sz\u00ednh\u00e1zban (1876\u2013), Mezey J\u00e1nos t\u00e1rsulat\u00e1ban (1877\u2013) \u00e9s Aradon, Mv.-en (1878), Szatm\u00e1ron (1879\u2013), Mv.-en (1880\u201382), Szege\u00adden, Szabadk\u00e1n, Kass\u00e1n, Miskolcon j\u00e1t\u00adszott. Kv\u00ad.-ot t (1886), ism\u00e9t Szegeden, a buda-temesv\u00e1ri egy\u00fcttesben, Miskolcon, S\u00e1toralja\u00ad\u00fajhelyen [&hellip;]<\/p>\n","protected":false},"featured_media":0,"comment_status":"open","ping_status":"closed","template":"","meta":[],"product_brand":[],"product_cat":[137],"product_tag":[],"class_list":{"0":"post-11384","1":"product","2":"type-product","3":"status-publish","5":"product_cat-maros-megyei-eletrajzi-lexikon","7":"first","8":"instock","9":"shipping-taxable","10":"product-type-simple"},"_links":{"self":[{"href":"https:\/\/uj.adatbank.ro\/lexikon\/wp-json\/wp\/v2\/product\/11384","targetHints":{"allow":["GET"]}}],"collection":[{"href":"https:\/\/uj.adatbank.ro\/lexikon\/wp-json\/wp\/v2\/product"}],"about":[{"href":"https:\/\/uj.adatbank.ro\/lexikon\/wp-json\/wp\/v2\/types\/product"}],"replies":[{"embeddable":true,"href":"https:\/\/uj.adatbank.ro\/lexikon\/wp-json\/wp\/v2\/comments?post=11384"}],"wp:attachment":[{"href":"https:\/\/uj.adatbank.ro\/lexikon\/wp-json\/wp\/v2\/media?parent=11384"}],"wp:term":[{"taxonomy":"product_brand","embeddable":true,"href":"https:\/\/uj.adatbank.ro\/lexikon\/wp-json\/wp\/v2\/product_brand?post=11384"},{"taxonomy":"product_cat","embeddable":true,"href":"https:\/\/uj.adatbank.ro\/lexikon\/wp-json\/wp\/v2\/product_cat?post=11384"},{"taxonomy":"product_tag","embeddable":true,"href":"https:\/\/uj.adatbank.ro\/lexikon\/wp-json\/wp\/v2\/product_tag?post=11384"}],"curies":[{"name":"wp","href":"https:\/\/api.w.org\/{rel}","templated":true}]}}