{"id":11385,"date":"2025-06-29T13:51:17","date_gmt":"2025-06-29T11:51:17","guid":{"rendered":"https:\/\/uj.adatbank.ro\/lexikon\/termek\/kazatsai-gergely\/"},"modified":"2025-06-29T13:51:17","modified_gmt":"2025-06-29T11:51:17","slug":"kazatsai-gergely","status":"publish","type":"product","link":"https:\/\/uj.adatbank.ro\/lexikon\/termek\/kazatsai-gergely\/","title":{"rendered":"KAZATSAI Gergely"},"content":{"rendered":"<p>1800. \u20201845. j\u00fal. 21. -Feles\u00e9ge. Er\u00e1nos M\u00f3nika (1807. szept. 16. \u2013 1840. \u00e1pr. 13.). Gyerekeik: Mikl\u00f3s (1827. dec. 11. \u2013 ?). M\u00e1ria (1829. szept. 8. \u2013 ?), Luk\u00e1cs (1831. dec. 20. \u2013 1838. j\u00fan. 5.), Aloysia (1834. m\u00e1j. 30. \u2013 1836. aug. 12.), Istv\u00e1n (1836. febr. 15. \u2013 ?), Katalin (1837. j\u00fan. 23. \u2013 ?). <br \/><strong>Irod.:<\/strong> Pusk\u00e1s-Sz\u00e1sz \u00c1. R.<\/br><\/p>\n","protected":false},"excerpt":{"rendered":"<p>1800. \u20201845. j\u00fal. 21. -Feles\u00e9ge. Er\u00e1nos M\u00f3nika (1807. szept. 16. \u2013 1840. \u00e1pr. 13.). Gyerekeik: Mikl\u00f3s (1827. dec. 11. \u2013 ?). M\u00e1ria (1829. szept. 8. \u2013 ?), Luk\u00e1cs (1831. dec. 20. \u2013 1838. j\u00fan. 5.), Aloysia (1834. m\u00e1j. 30. \u2013 1836. aug. 12.), Istv\u00e1n (1836. febr. 15. \u2013 ?), Katalin (1837. j\u00fan. 23. \u2013 ?). [&hellip;]<\/p>\n","protected":false},"featured_media":0,"comment_status":"open","ping_status":"closed","template":"","meta":[],"product_brand":[],"product_cat":[137],"product_tag":[],"class_list":{"0":"post-11385","1":"product","2":"type-product","3":"status-publish","5":"product_cat-maros-megyei-eletrajzi-lexikon","7":"first","8":"instock","9":"shipping-taxable","10":"product-type-simple"},"_links":{"self":[{"href":"https:\/\/uj.adatbank.ro\/lexikon\/wp-json\/wp\/v2\/product\/11385","targetHints":{"allow":["GET"]}}],"collection":[{"href":"https:\/\/uj.adatbank.ro\/lexikon\/wp-json\/wp\/v2\/product"}],"about":[{"href":"https:\/\/uj.adatbank.ro\/lexikon\/wp-json\/wp\/v2\/types\/product"}],"replies":[{"embeddable":true,"href":"https:\/\/uj.adatbank.ro\/lexikon\/wp-json\/wp\/v2\/comments?post=11385"}],"wp:attachment":[{"href":"https:\/\/uj.adatbank.ro\/lexikon\/wp-json\/wp\/v2\/media?parent=11385"}],"wp:term":[{"taxonomy":"product_brand","embeddable":true,"href":"https:\/\/uj.adatbank.ro\/lexikon\/wp-json\/wp\/v2\/product_brand?post=11385"},{"taxonomy":"product_cat","embeddable":true,"href":"https:\/\/uj.adatbank.ro\/lexikon\/wp-json\/wp\/v2\/product_cat?post=11385"},{"taxonomy":"product_tag","embeddable":true,"href":"https:\/\/uj.adatbank.ro\/lexikon\/wp-json\/wp\/v2\/product_tag?post=11385"}],"curies":[{"name":"wp","href":"https:\/\/api.w.org\/{rel}","templated":true}]}}