{"id":11387,"date":"2025-06-29T13:51:23","date_gmt":"2025-06-29T11:51:23","guid":{"rendered":"https:\/\/uj.adatbank.ro\/lexikon\/termek\/kazatsay-david-kozocsa-david-1838-ig\/"},"modified":"2025-06-29T13:51:23","modified_gmt":"2025-06-29T11:51:23","slug":"kazatsay-david-kozocsa-david-1838-ig","status":"publish","type":"product","link":"https:\/\/uj.adatbank.ro\/lexikon\/termek\/kazatsay-david-kozocsa-david-1838-ig\/","title":{"rendered":"KAZATSAY D\u00e1vid, Kozocsa D\u00e1vid (1838-ig)"},"content":{"rendered":"<p>Erzs\u00e9betv\u00e1ros, 1813., \u2020 Kib\u00e9d, 1890.: keresked\u0151. \u2013 Kozocsa Gergely \u00e9s Stechn\u00f3 Istv\u00e1n Dorothea fia. Feles\u00e9ge: Kozocsa M\u00e1ria (1817-?). Gyermekeik: Katalin, D\u00e1vid, J\u00f3zsef, M\u00e1ria, Mikl\u00f3s (1854\u20131890), aki Kib\u00e9den n\u0151s\u00fclt, feles\u00e9ge Papp Borb\u00e1la (1853\u20131916). \u2013 Keresked\u0151 volt Kib\u00e9den. <br \/><strong>Irod.:<\/strong> Sz\u00e1va 2012<\/br><\/p>\n","protected":false},"excerpt":{"rendered":"<p>Erzs\u00e9betv\u00e1ros, 1813., \u2020 Kib\u00e9d, 1890.: keresked\u0151. \u2013 Kozocsa Gergely \u00e9s Stechn\u00f3 Istv\u00e1n Dorothea fia. Feles\u00e9ge: Kozocsa M\u00e1ria (1817-?). Gyermekeik: Katalin, D\u00e1vid, J\u00f3zsef, M\u00e1ria, Mikl\u00f3s (1854\u20131890), aki Kib\u00e9den n\u0151s\u00fclt, feles\u00e9ge Papp Borb\u00e1la (1853\u20131916). \u2013 Keresked\u0151 volt Kib\u00e9den. Irod.: Sz\u00e1va 2012<\/p>\n","protected":false},"featured_media":0,"comment_status":"open","ping_status":"closed","template":"","meta":[],"product_brand":[],"product_cat":[137],"product_tag":[],"class_list":{"0":"post-11387","1":"product","2":"type-product","3":"status-publish","5":"product_cat-maros-megyei-eletrajzi-lexikon","7":"first","8":"instock","9":"shipping-taxable","10":"product-type-simple"},"_links":{"self":[{"href":"https:\/\/uj.adatbank.ro\/lexikon\/wp-json\/wp\/v2\/product\/11387","targetHints":{"allow":["GET"]}}],"collection":[{"href":"https:\/\/uj.adatbank.ro\/lexikon\/wp-json\/wp\/v2\/product"}],"about":[{"href":"https:\/\/uj.adatbank.ro\/lexikon\/wp-json\/wp\/v2\/types\/product"}],"replies":[{"embeddable":true,"href":"https:\/\/uj.adatbank.ro\/lexikon\/wp-json\/wp\/v2\/comments?post=11387"}],"wp:attachment":[{"href":"https:\/\/uj.adatbank.ro\/lexikon\/wp-json\/wp\/v2\/media?parent=11387"}],"wp:term":[{"taxonomy":"product_brand","embeddable":true,"href":"https:\/\/uj.adatbank.ro\/lexikon\/wp-json\/wp\/v2\/product_brand?post=11387"},{"taxonomy":"product_cat","embeddable":true,"href":"https:\/\/uj.adatbank.ro\/lexikon\/wp-json\/wp\/v2\/product_cat?post=11387"},{"taxonomy":"product_tag","embeddable":true,"href":"https:\/\/uj.adatbank.ro\/lexikon\/wp-json\/wp\/v2\/product_tag?post=11387"}],"curies":[{"name":"wp","href":"https:\/\/api.w.org\/{rel}","templated":true}]}}