{"id":11388,"date":"2025-06-29T13:51:24","date_gmt":"2025-06-29T11:51:24","guid":{"rendered":"https:\/\/uj.adatbank.ro\/lexikon\/termek\/kazatsay-emil\/"},"modified":"2025-06-29T13:51:24","modified_gmt":"2025-06-29T11:51:24","slug":"kazatsay-emil","status":"publish","type":"product","link":"https:\/\/uj.adatbank.ro\/lexikon\/termek\/kazatsay-emil\/","title":{"rendered":"KAZATSAY Emil"},"content":{"rendered":"<p>Kib\u00e9d, 1898., \u2020 1943.: hadb\u00edr\u00f3-ezredes. \u2013 K. D\u00e1vid \u00e9s Kozocsa M\u00e1ria fia. Testv\u00e9rei: Katalin, J\u00f3zsef, M\u00e1ria, Mikl\u00f3s (1854\u20131890). Feles\u00e9ge: L\u00e1z\u00e1r Jol\u00e1n sz\u00edn\u00e9szn\u0151. \u2013 Mv. -re ker\u00fclt (1940). Feles\u00e9ge\u00e9nek megtetszettek a Knop Vencel korondi aragonit gy\u00e1r\u00e1ban k\u00e9sz\u00fclt t\u00e1rgyak, t\u00e1rsult K\u00e1lm\u00e1n Oszk\u00e1rn\u00e9val \u00e9s aragonit lerakatot \u00e9s csiszol\u00f3m\u0171helyt l\u00e9tes\u00edtett M?v.-en a Kem\u00e9ny Zsigmond utc\u00e1ban. Hirdet\u00e9s\u00fck szerint kaphat\u00f3k voltak n\u00e1luk aragonit hamutart\u00f3k, v\u00e1z\u00e1k, d\u00edszdobozok, d\u00edszt\u00e1lak, keresztek, l\u00e1mp\u00e1k, szobor talpazatok stb. Pestre k\u00f6lt\u00f6ztek (1944). <br \/><strong>Irod.:<\/strong> Sipos; Sz\u00e1va 2012<\/br><\/p>\n","protected":false},"excerpt":{"rendered":"<p>Kib\u00e9d, 1898., \u2020 1943.: hadb\u00edr\u00f3-ezredes. \u2013 K. D\u00e1vid \u00e9s Kozocsa M\u00e1ria fia. Testv\u00e9rei: Katalin, J\u00f3zsef, M\u00e1ria, Mikl\u00f3s (1854\u20131890). Feles\u00e9ge: L\u00e1z\u00e1r Jol\u00e1n sz\u00edn\u00e9szn\u0151. \u2013 Mv. -re ker\u00fclt (1940). Feles\u00e9ge\u00e9nek megtetszettek a Knop Vencel korondi aragonit gy\u00e1r\u00e1ban k\u00e9sz\u00fclt t\u00e1rgyak, t\u00e1rsult K\u00e1lm\u00e1n Oszk\u00e1rn\u00e9val \u00e9s aragonit lerakatot \u00e9s csiszol\u00f3m\u0171helyt l\u00e9tes\u00edtett M?v.-en a Kem\u00e9ny Zsigmond utc\u00e1ban. Hirdet\u00e9s\u00fck szerint kaphat\u00f3k voltak [&hellip;]<\/p>\n","protected":false},"featured_media":0,"comment_status":"open","ping_status":"closed","template":"","meta":[],"product_brand":[],"product_cat":[137],"product_tag":[],"class_list":{"0":"post-11388","1":"product","2":"type-product","3":"status-publish","5":"product_cat-maros-megyei-eletrajzi-lexikon","7":"first","8":"instock","9":"shipping-taxable","10":"product-type-simple"},"_links":{"self":[{"href":"https:\/\/uj.adatbank.ro\/lexikon\/wp-json\/wp\/v2\/product\/11388","targetHints":{"allow":["GET"]}}],"collection":[{"href":"https:\/\/uj.adatbank.ro\/lexikon\/wp-json\/wp\/v2\/product"}],"about":[{"href":"https:\/\/uj.adatbank.ro\/lexikon\/wp-json\/wp\/v2\/types\/product"}],"replies":[{"embeddable":true,"href":"https:\/\/uj.adatbank.ro\/lexikon\/wp-json\/wp\/v2\/comments?post=11388"}],"wp:attachment":[{"href":"https:\/\/uj.adatbank.ro\/lexikon\/wp-json\/wp\/v2\/media?parent=11388"}],"wp:term":[{"taxonomy":"product_brand","embeddable":true,"href":"https:\/\/uj.adatbank.ro\/lexikon\/wp-json\/wp\/v2\/product_brand?post=11388"},{"taxonomy":"product_cat","embeddable":true,"href":"https:\/\/uj.adatbank.ro\/lexikon\/wp-json\/wp\/v2\/product_cat?post=11388"},{"taxonomy":"product_tag","embeddable":true,"href":"https:\/\/uj.adatbank.ro\/lexikon\/wp-json\/wp\/v2\/product_tag?post=11388"}],"curies":[{"name":"wp","href":"https:\/\/api.w.org\/{rel}","templated":true}]}}