{"id":11389,"date":"2025-06-29T13:51:26","date_gmt":"2025-06-29T11:51:26","guid":{"rendered":"https:\/\/uj.adatbank.ro\/lexikon\/termek\/kazatsay-miklos\/"},"modified":"2025-06-29T13:51:26","modified_gmt":"2025-06-29T11:51:26","slug":"kazatsay-miklos","status":"publish","type":"product","link":"https:\/\/uj.adatbank.ro\/lexikon\/termek\/kazatsay-miklos\/","title":{"rendered":"KAZATSAY Mikl\u00f3s"},"content":{"rendered":"<p>Kib\u00e9d, 1854., \u2020 Kib\u00e9d, 1890.: keresked\u0151. \u2013 K. D\u00e1vid \u00e9s Kozocsa M\u00e1ria fia. Feles\u00e9ge: Papp Borb\u00e1la (1853\u20131916). Gyermekeik: Katalin, Lenke, Emilia \u00e9s Vilmos ikrek, Mikl\u00f3s. \u2013 Kib\u00e9den volt keresked\u0151. <br \/><strong>Irod.:<\/strong> Sz\u00e1va 2012<\/br><\/p>\n","protected":false},"excerpt":{"rendered":"<p>Kib\u00e9d, 1854., \u2020 Kib\u00e9d, 1890.: keresked\u0151. \u2013 K. D\u00e1vid \u00e9s Kozocsa M\u00e1ria fia. Feles\u00e9ge: Papp Borb\u00e1la (1853\u20131916). Gyermekeik: Katalin, Lenke, Emilia \u00e9s Vilmos ikrek, Mikl\u00f3s. \u2013 Kib\u00e9den volt keresked\u0151. Irod.: Sz\u00e1va 2012<\/p>\n","protected":false},"featured_media":0,"comment_status":"open","ping_status":"closed","template":"","meta":[],"product_brand":[],"product_cat":[137],"product_tag":[],"class_list":{"0":"post-11389","1":"product","2":"type-product","3":"status-publish","5":"product_cat-maros-megyei-eletrajzi-lexikon","7":"first","8":"instock","9":"shipping-taxable","10":"product-type-simple"},"_links":{"self":[{"href":"https:\/\/uj.adatbank.ro\/lexikon\/wp-json\/wp\/v2\/product\/11389","targetHints":{"allow":["GET"]}}],"collection":[{"href":"https:\/\/uj.adatbank.ro\/lexikon\/wp-json\/wp\/v2\/product"}],"about":[{"href":"https:\/\/uj.adatbank.ro\/lexikon\/wp-json\/wp\/v2\/types\/product"}],"replies":[{"embeddable":true,"href":"https:\/\/uj.adatbank.ro\/lexikon\/wp-json\/wp\/v2\/comments?post=11389"}],"wp:attachment":[{"href":"https:\/\/uj.adatbank.ro\/lexikon\/wp-json\/wp\/v2\/media?parent=11389"}],"wp:term":[{"taxonomy":"product_brand","embeddable":true,"href":"https:\/\/uj.adatbank.ro\/lexikon\/wp-json\/wp\/v2\/product_brand?post=11389"},{"taxonomy":"product_cat","embeddable":true,"href":"https:\/\/uj.adatbank.ro\/lexikon\/wp-json\/wp\/v2\/product_cat?post=11389"},{"taxonomy":"product_tag","embeddable":true,"href":"https:\/\/uj.adatbank.ro\/lexikon\/wp-json\/wp\/v2\/product_tag?post=11389"}],"curies":[{"name":"wp","href":"https:\/\/api.w.org\/{rel}","templated":true}]}}