{"id":11390,"date":"2025-06-29T13:51:28","date_gmt":"2025-06-29T11:51:28","guid":{"rendered":"https:\/\/uj.adatbank.ro\/lexikon\/termek\/kazatsay-miklos-2\/"},"modified":"2025-06-29T13:51:28","modified_gmt":"2025-06-29T11:51:28","slug":"kazatsay-miklos-2","status":"publish","type":"product","link":"https:\/\/uj.adatbank.ro\/lexikon\/termek\/kazatsay-miklos-2\/","title":{"rendered":"KAZATSAY Mikl\u00f3s"},"content":{"rendered":"<p>Kib\u00e9d, 1884 \u2020 1967.: keresked\u0151. \u2013 A csal\u00e1d Perzsi\u00e1b\u00f3l menek\u00fclt, hozva mag\u00e1val egy f\u0151\u00fari csal\u00e1d k\u00e9t hal\u00e1lra keresett gyermek\u00e9t. G\u00f6r\u00f6gorsz\u00e1gig j\u00f6ttek ott az egyik gyerekkel v\u00e9geztek az \u00fcld\u00f6z\u0151k, folytatt\u00e1k \u00fatjukat Havasalf\u00f6ldre majd Erd\u00e9lybe j\u00f6ttek, \u00e9s itt megtelepedtek. Folytatt\u00e1k a csal\u00e1di hagyom\u00e1nyt, kereskedelmet, katonatiszti hivat\u00e1st \u00e9s sz\u00edn\u00e9szetet. Feles\u00e9ge: Kiss Vilma (1892\u20131975). Fi\u00fak: K. \u00d6d\u00f6n (1930\u20131999) Mikl\u00f3snak Radn\u00f3ton volt \u00e9lelmiszer boltja. A B\u00e9csi d\u00f6nt\u00e9skor Mv. -re k\u00f6lt\u00f6z\u00f6tt, f\u0171szer- \u00e9s csemegekeresked\u00e9st nyitott. Vilmos testv\u00e9r\u00e9vel a k\u00e9t vh. k\u00f6z\u00f6tt r\u00e9sztvettek a magyars\u00e1g egzisztenci\u00e1lis harcban. \u00dczemeltett\u00e9k a Kazatsay-cukr\u00e1szd\u00e1t az \u00e1llamos\u00edt\u00e1sig. \u00dczlete \u00e1llamos\u00edt\u00e1sa ut\u00e1n (1948), Veress K\u00e1roly a cukorgy\u00e1r igazgat\u00f3ja alkalmazta. <br \/><strong>Irod.:<\/strong> Sipos; Sz\u00e1va 2012<\/br><\/p>\n","protected":false},"excerpt":{"rendered":"<p>Kib\u00e9d, 1884 \u2020 1967.: keresked\u0151. \u2013 A csal\u00e1d Perzsi\u00e1b\u00f3l menek\u00fclt, hozva mag\u00e1val egy f\u0151\u00fari csal\u00e1d k\u00e9t hal\u00e1lra keresett gyermek\u00e9t. G\u00f6r\u00f6gorsz\u00e1gig j\u00f6ttek ott az egyik gyerekkel v\u00e9geztek az \u00fcld\u00f6z\u0151k, folytatt\u00e1k \u00fatjukat Havasalf\u00f6ldre majd Erd\u00e9lybe j\u00f6ttek, \u00e9s itt megtelepedtek. Folytatt\u00e1k a csal\u00e1di hagyom\u00e1nyt, kereskedelmet, katonatiszti hivat\u00e1st \u00e9s sz\u00edn\u00e9szetet. Feles\u00e9ge: Kiss Vilma (1892\u20131975). Fi\u00fak: K. \u00d6d\u00f6n (1930\u20131999) Mikl\u00f3snak [&hellip;]<\/p>\n","protected":false},"featured_media":0,"comment_status":"open","ping_status":"closed","template":"","meta":[],"product_brand":[],"product_cat":[137],"product_tag":[],"class_list":{"0":"post-11390","1":"product","2":"type-product","3":"status-publish","5":"product_cat-maros-megyei-eletrajzi-lexikon","7":"first","8":"instock","9":"shipping-taxable","10":"product-type-simple"},"_links":{"self":[{"href":"https:\/\/uj.adatbank.ro\/lexikon\/wp-json\/wp\/v2\/product\/11390","targetHints":{"allow":["GET"]}}],"collection":[{"href":"https:\/\/uj.adatbank.ro\/lexikon\/wp-json\/wp\/v2\/product"}],"about":[{"href":"https:\/\/uj.adatbank.ro\/lexikon\/wp-json\/wp\/v2\/types\/product"}],"replies":[{"embeddable":true,"href":"https:\/\/uj.adatbank.ro\/lexikon\/wp-json\/wp\/v2\/comments?post=11390"}],"wp:attachment":[{"href":"https:\/\/uj.adatbank.ro\/lexikon\/wp-json\/wp\/v2\/media?parent=11390"}],"wp:term":[{"taxonomy":"product_brand","embeddable":true,"href":"https:\/\/uj.adatbank.ro\/lexikon\/wp-json\/wp\/v2\/product_brand?post=11390"},{"taxonomy":"product_cat","embeddable":true,"href":"https:\/\/uj.adatbank.ro\/lexikon\/wp-json\/wp\/v2\/product_cat?post=11390"},{"taxonomy":"product_tag","embeddable":true,"href":"https:\/\/uj.adatbank.ro\/lexikon\/wp-json\/wp\/v2\/product_tag?post=11390"}],"curies":[{"name":"wp","href":"https:\/\/api.w.org\/{rel}","templated":true}]}}