{"id":11392,"date":"2025-06-29T13:51:32","date_gmt":"2025-06-29T11:51:32","guid":{"rendered":"https:\/\/uj.adatbank.ro\/lexikon\/termek\/kazatsay-vilmos\/"},"modified":"2025-06-29T13:51:32","modified_gmt":"2025-06-29T11:51:32","slug":"kazatsay-vilmos","status":"publish","type":"product","link":"https:\/\/uj.adatbank.ro\/lexikon\/termek\/kazatsay-vilmos\/","title":{"rendered":"KAZATSAY Vilmos"},"content":{"rendered":"<p>Kib\u00e9d, 1881, \u2020 ?: ny\u00e1r\u00e1dt\u0151i keresked\u0151.-ikertestv\u00e9re Kazatsay Emilia (1881-?: ). Feles\u00e9ge: Papp Margit (1895\u20131945). Gyermekeik: Ir\u00e9n (1911\u20132001) tan\u00e1r, a f\u00e9rje Cs\u00e1sz\u00e1r P\u00e9ter (1918\u20131974) opera\u00e9nekes, Erzs\u00e9bet (1914\u20131923) zenetan\u00e1r, Mikl\u00f3s (1920\u20131957) zenetan\u00e1r, Margit (1928\u2013), f\u00e9rje Szab\u00f3 K\u00e1roly (1929\u2013). \u2013 Mikl\u00f3s testv\u00e9r\u00e9vel kezdem\u00e9nyezt\u00e9k Mv.-en a Kazatsay-cukr\u00e1szda l\u00e9tes\u00edt\u00e9s\u00e9t a k\u00e9t vh. k\u00f6z\u00f6tt, amelyet k\u00e9s\u0151bb \u00e1llamos\u00edtottak. Ny\u00e1r\u00e1dt\u0151i keresked\u0151. <br \/><strong>Irod.:<\/strong> Sz\u00e1va; Sz\u00e1va 2012; Visnai<\/br><\/p>\n","protected":false},"excerpt":{"rendered":"<p>Kib\u00e9d, 1881, \u2020 ?: ny\u00e1r\u00e1dt\u0151i keresked\u0151.-ikertestv\u00e9re Kazatsay Emilia (1881-?: ). Feles\u00e9ge: Papp Margit (1895\u20131945). Gyermekeik: Ir\u00e9n (1911\u20132001) tan\u00e1r, a f\u00e9rje Cs\u00e1sz\u00e1r P\u00e9ter (1918\u20131974) opera\u00e9nekes, Erzs\u00e9bet (1914\u20131923) zenetan\u00e1r, Mikl\u00f3s (1920\u20131957) zenetan\u00e1r, Margit (1928\u2013), f\u00e9rje Szab\u00f3 K\u00e1roly (1929\u2013). \u2013 Mikl\u00f3s testv\u00e9r\u00e9vel kezdem\u00e9nyezt\u00e9k Mv.-en a Kazatsay-cukr\u00e1szda l\u00e9tes\u00edt\u00e9s\u00e9t a k\u00e9t vh. k\u00f6z\u00f6tt, amelyet k\u00e9s\u0151bb \u00e1llamos\u00edtottak. Ny\u00e1r\u00e1dt\u0151i keresked\u0151. Irod.: Sz\u00e1va; [&hellip;]<\/p>\n","protected":false},"featured_media":0,"comment_status":"open","ping_status":"closed","template":"","meta":[],"product_brand":[],"product_cat":[137],"product_tag":[],"class_list":{"0":"post-11392","1":"product","2":"type-product","3":"status-publish","5":"product_cat-maros-megyei-eletrajzi-lexikon","7":"first","8":"instock","9":"shipping-taxable","10":"product-type-simple"},"_links":{"self":[{"href":"https:\/\/uj.adatbank.ro\/lexikon\/wp-json\/wp\/v2\/product\/11392","targetHints":{"allow":["GET"]}}],"collection":[{"href":"https:\/\/uj.adatbank.ro\/lexikon\/wp-json\/wp\/v2\/product"}],"about":[{"href":"https:\/\/uj.adatbank.ro\/lexikon\/wp-json\/wp\/v2\/types\/product"}],"replies":[{"embeddable":true,"href":"https:\/\/uj.adatbank.ro\/lexikon\/wp-json\/wp\/v2\/comments?post=11392"}],"wp:attachment":[{"href":"https:\/\/uj.adatbank.ro\/lexikon\/wp-json\/wp\/v2\/media?parent=11392"}],"wp:term":[{"taxonomy":"product_brand","embeddable":true,"href":"https:\/\/uj.adatbank.ro\/lexikon\/wp-json\/wp\/v2\/product_brand?post=11392"},{"taxonomy":"product_cat","embeddable":true,"href":"https:\/\/uj.adatbank.ro\/lexikon\/wp-json\/wp\/v2\/product_cat?post=11392"},{"taxonomy":"product_tag","embeddable":true,"href":"https:\/\/uj.adatbank.ro\/lexikon\/wp-json\/wp\/v2\/product_tag?post=11392"}],"curies":[{"name":"wp","href":"https:\/\/api.w.org\/{rel}","templated":true}]}}