{"id":11394,"date":"2025-06-29T13:51:36","date_gmt":"2025-06-29T11:51:36","guid":{"rendered":"https:\/\/uj.adatbank.ro\/lexikon\/termek\/kecskemethy-istvan\/"},"modified":"2025-06-29T13:51:36","modified_gmt":"2025-06-29T11:51:36","slug":"kecskemethy-istvan","status":"publish","type":"product","link":"https:\/\/uj.adatbank.ro\/lexikon\/termek\/kecskemethy-istvan\/","title":{"rendered":"KECSKEM\u00c9THY Istv\u00e1n"},"content":{"rendered":"<p>Paks, 1864. jan. 31., \u2020 Kv., 1938. m\u00e1j. 10.: politikus, egyetemi tan\u00e1r. \u2013 Biblia ford\u00edt\u00f3. A M. N\u00e9p P\u00e1rt eln\u00f6ke Mv.-en (1927\u2013), a parlamenti v\u00e1laszt\u00e1sok el\u0151tt sz\u00f6vets\u00e9gre l\u00e9pett m\u00e1s p\u00e1rtokkal, \u00e9s l\u00e9trehozt\u00e1k a Demokrata Blokkot (1927. j\u00fal.). \u2013 <strong>F. m.:<\/strong> Bibliaismertet\u00e9s k\u00f6z\u00e9piskol\u00e1k I. \u00e9s II. o. sz\u00e1m\u00e1ra (Cluj-Kv., 1923); Kis vall\u00e1st\u00f6rt\u00e9net k\u00f6z\u00e9piskolai haszn\u00e1latra \u00e9s a m\u0171velt k\u00f6z\u00f6ns\u00e9gnek (Cluj-Kv., 1923). \u2014Irod.: Gy\u00e1szjelent\u0151; Gy\u00f6rgy 1926; Pan\u0103; RMIL<\/br><\/p>\n","protected":false},"excerpt":{"rendered":"<p>Paks, 1864. jan. 31., \u2020 Kv., 1938. m\u00e1j. 10.: politikus, egyetemi tan\u00e1r. \u2013 Biblia ford\u00edt\u00f3. A M. N\u00e9p P\u00e1rt eln\u00f6ke Mv.-en (1927\u2013), a parlamenti v\u00e1laszt\u00e1sok el\u0151tt sz\u00f6vets\u00e9gre l\u00e9pett m\u00e1s p\u00e1rtokkal, \u00e9s l\u00e9trehozt\u00e1k a Demokrata Blokkot (1927. j\u00fal.). \u2013 F. m.: Bibliaismertet\u00e9s k\u00f6z\u00e9piskol\u00e1k I. \u00e9s II. o. sz\u00e1m\u00e1ra (Cluj-Kv., 1923); Kis vall\u00e1st\u00f6rt\u00e9net k\u00f6z\u00e9piskolai haszn\u00e1latra \u00e9s a [&hellip;]<\/p>\n","protected":false},"featured_media":0,"comment_status":"open","ping_status":"closed","template":"","meta":[],"product_brand":[],"product_cat":[137],"product_tag":[],"class_list":{"0":"post-11394","1":"product","2":"type-product","3":"status-publish","5":"product_cat-maros-megyei-eletrajzi-lexikon","7":"first","8":"instock","9":"shipping-taxable","10":"product-type-simple"},"_links":{"self":[{"href":"https:\/\/uj.adatbank.ro\/lexikon\/wp-json\/wp\/v2\/product\/11394","targetHints":{"allow":["GET"]}}],"collection":[{"href":"https:\/\/uj.adatbank.ro\/lexikon\/wp-json\/wp\/v2\/product"}],"about":[{"href":"https:\/\/uj.adatbank.ro\/lexikon\/wp-json\/wp\/v2\/types\/product"}],"replies":[{"embeddable":true,"href":"https:\/\/uj.adatbank.ro\/lexikon\/wp-json\/wp\/v2\/comments?post=11394"}],"wp:attachment":[{"href":"https:\/\/uj.adatbank.ro\/lexikon\/wp-json\/wp\/v2\/media?parent=11394"}],"wp:term":[{"taxonomy":"product_brand","embeddable":true,"href":"https:\/\/uj.adatbank.ro\/lexikon\/wp-json\/wp\/v2\/product_brand?post=11394"},{"taxonomy":"product_cat","embeddable":true,"href":"https:\/\/uj.adatbank.ro\/lexikon\/wp-json\/wp\/v2\/product_cat?post=11394"},{"taxonomy":"product_tag","embeddable":true,"href":"https:\/\/uj.adatbank.ro\/lexikon\/wp-json\/wp\/v2\/product_tag?post=11394"}],"curies":[{"name":"wp","href":"https:\/\/api.w.org\/{rel}","templated":true}]}}