{"id":11399,"date":"2025-06-29T13:51:47","date_gmt":"2025-06-29T11:51:47","guid":{"rendered":"https:\/\/uj.adatbank.ro\/lexikon\/termek\/kecskes-andras\/"},"modified":"2025-06-29T13:51:47","modified_gmt":"2025-06-29T11:51:47","slug":"kecskes-andras","status":"publish","type":"product","link":"https:\/\/uj.adatbank.ro\/lexikon\/termek\/kecskes-andras\/","title":{"rendered":"KECSK\u00c9S Andr\u00e1s"},"content":{"rendered":"<p>Rava, 1898., \u2020 ? : gazd\u00e1lkod\u00f3. \u2013 A k\u00f6z\u00e9piskol\u00e1t Sz\u00e9kelykereszt\u00faron v\u00e9gezte, majd a sz\u00fcl\u0151i h\u00e1zn\u00e1l tanulta a gazd\u00e1lkod\u00e1st, \u00f6n\u00e1ll\u00f3 lett, 106 holdas birtok\u00e1n folytatott korszer\u0171 gazd\u00e1lkod\u00e1st \u00e9s haszon\u00e1llat teny\u00e9szt\u00e9st, term\u00e9nyeivel ki\u00e1ll\u00edt\u00e1son d\u00edjat nyert. A MP tagja, 12 \u00e9vig b\u00edr\u00f3, k\u00e9t \u00e9vig p\u00e9nzt\u00e1ros \u00e9s k\u00f6zs\u00e9gi tan\u00e1cstag, az unit. egyh\u00e1z keblitan\u00e1csosa \u00e9s a Sz\u00f6vetkezet \u00fcgyvezet\u0151 igazgat\u00f3ja volt. Az els\u0151 vh.-ban a 82. cs. k. ezredben az olasz \u00e9s a rom\u00e1n fronton harcolt, megsebes\u00fclt \u00e9s fogs\u00e1gba ker\u00fclt, tizedesi rangban szerelt le a bronz v. \u00e9rem \u00e9s a K\u00e1roly Csapatkereszt kit\u00fcntet\u00e9ssel. <br \/><strong>Irod.:<\/strong> Sz\u00e9kelyf\u00f6ld \u00ed. k<\/br><\/p>\n","protected":false},"excerpt":{"rendered":"<p>Rava, 1898., \u2020 ? : gazd\u00e1lkod\u00f3. \u2013 A k\u00f6z\u00e9piskol\u00e1t Sz\u00e9kelykereszt\u00faron v\u00e9gezte, majd a sz\u00fcl\u0151i h\u00e1zn\u00e1l tanulta a gazd\u00e1lkod\u00e1st, \u00f6n\u00e1ll\u00f3 lett, 106 holdas birtok\u00e1n folytatott korszer\u0171 gazd\u00e1lkod\u00e1st \u00e9s haszon\u00e1llat teny\u00e9szt\u00e9st, term\u00e9nyeivel ki\u00e1ll\u00edt\u00e1son d\u00edjat nyert. A MP tagja, 12 \u00e9vig b\u00edr\u00f3, k\u00e9t \u00e9vig p\u00e9nzt\u00e1ros \u00e9s k\u00f6zs\u00e9gi tan\u00e1cstag, az unit. egyh\u00e1z keblitan\u00e1csosa \u00e9s a Sz\u00f6vetkezet \u00fcgyvezet\u0151 igazgat\u00f3ja volt. [&hellip;]<\/p>\n","protected":false},"featured_media":0,"comment_status":"open","ping_status":"closed","template":"","meta":[],"product_brand":[],"product_cat":[137],"product_tag":[],"class_list":{"0":"post-11399","1":"product","2":"type-product","3":"status-publish","5":"product_cat-maros-megyei-eletrajzi-lexikon","7":"first","8":"instock","9":"shipping-taxable","10":"product-type-simple"},"_links":{"self":[{"href":"https:\/\/uj.adatbank.ro\/lexikon\/wp-json\/wp\/v2\/product\/11399","targetHints":{"allow":["GET"]}}],"collection":[{"href":"https:\/\/uj.adatbank.ro\/lexikon\/wp-json\/wp\/v2\/product"}],"about":[{"href":"https:\/\/uj.adatbank.ro\/lexikon\/wp-json\/wp\/v2\/types\/product"}],"replies":[{"embeddable":true,"href":"https:\/\/uj.adatbank.ro\/lexikon\/wp-json\/wp\/v2\/comments?post=11399"}],"wp:attachment":[{"href":"https:\/\/uj.adatbank.ro\/lexikon\/wp-json\/wp\/v2\/media?parent=11399"}],"wp:term":[{"taxonomy":"product_brand","embeddable":true,"href":"https:\/\/uj.adatbank.ro\/lexikon\/wp-json\/wp\/v2\/product_brand?post=11399"},{"taxonomy":"product_cat","embeddable":true,"href":"https:\/\/uj.adatbank.ro\/lexikon\/wp-json\/wp\/v2\/product_cat?post=11399"},{"taxonomy":"product_tag","embeddable":true,"href":"https:\/\/uj.adatbank.ro\/lexikon\/wp-json\/wp\/v2\/product_tag?post=11399"}],"curies":[{"name":"wp","href":"https:\/\/api.w.org\/{rel}","templated":true}]}}