{"id":11400,"date":"2025-06-29T13:51:48","date_gmt":"2025-06-29T11:51:48","guid":{"rendered":"https:\/\/uj.adatbank.ro\/lexikon\/termek\/kecskes-andras-andreas-kecskes\/"},"modified":"2025-06-29T13:51:48","modified_gmt":"2025-06-29T11:51:48","slug":"kecskes-andras-andreas-kecskes","status":"publish","type":"product","link":"https:\/\/uj.adatbank.ro\/lexikon\/termek\/kecskes-andras-andreas-kecskes\/","title":{"rendered":"KECSK\u00c9S Andr\u00e1s, Andreas Kecsk\u00e9s"},"content":{"rendered":"<p>Erd\u0151szentgy\u00f6rgy, 1953. \u2020 ? : gy\u00f3gyszer\u00e9sz. \u2013 Institut f\u00fcr Klinische Pharmakologie, Schering AG N\u00e9metorsz\u00e1g. <br \/><strong>Irod.:<\/strong> Magy kutat\u00f3k.<\/br><\/p>\n","protected":false},"excerpt":{"rendered":"<p>Erd\u0151szentgy\u00f6rgy, 1953. \u2020 ? : gy\u00f3gyszer\u00e9sz. \u2013 Institut f\u00fcr Klinische Pharmakologie, Schering AG N\u00e9metorsz\u00e1g. Irod.: Magy kutat\u00f3k.<\/p>\n","protected":false},"featured_media":0,"comment_status":"open","ping_status":"closed","template":"","meta":[],"product_brand":[],"product_cat":[137],"product_tag":[],"class_list":{"0":"post-11400","1":"product","2":"type-product","3":"status-publish","5":"product_cat-maros-megyei-eletrajzi-lexikon","7":"first","8":"instock","9":"shipping-taxable","10":"product-type-simple"},"_links":{"self":[{"href":"https:\/\/uj.adatbank.ro\/lexikon\/wp-json\/wp\/v2\/product\/11400","targetHints":{"allow":["GET"]}}],"collection":[{"href":"https:\/\/uj.adatbank.ro\/lexikon\/wp-json\/wp\/v2\/product"}],"about":[{"href":"https:\/\/uj.adatbank.ro\/lexikon\/wp-json\/wp\/v2\/types\/product"}],"replies":[{"embeddable":true,"href":"https:\/\/uj.adatbank.ro\/lexikon\/wp-json\/wp\/v2\/comments?post=11400"}],"wp:attachment":[{"href":"https:\/\/uj.adatbank.ro\/lexikon\/wp-json\/wp\/v2\/media?parent=11400"}],"wp:term":[{"taxonomy":"product_brand","embeddable":true,"href":"https:\/\/uj.adatbank.ro\/lexikon\/wp-json\/wp\/v2\/product_brand?post=11400"},{"taxonomy":"product_cat","embeddable":true,"href":"https:\/\/uj.adatbank.ro\/lexikon\/wp-json\/wp\/v2\/product_cat?post=11400"},{"taxonomy":"product_tag","embeddable":true,"href":"https:\/\/uj.adatbank.ro\/lexikon\/wp-json\/wp\/v2\/product_tag?post=11400"}],"curies":[{"name":"wp","href":"https:\/\/api.w.org\/{rel}","templated":true}]}}