{"id":11402,"date":"2025-06-29T13:51:54","date_gmt":"2025-06-29T11:51:54","guid":{"rendered":"https:\/\/uj.adatbank.ro\/lexikon\/termek\/kecskes-istvan\/"},"modified":"2025-06-29T13:51:54","modified_gmt":"2025-06-29T11:51:54","slug":"kecskes-istvan","status":"publish","type":"product","link":"https:\/\/uj.adatbank.ro\/lexikon\/termek\/kecskes-istvan\/","title":{"rendered":"KECSK\u00c9S Istv\u00e1n"},"content":{"rendered":"<p>? \u2020 Rava, 1842, ravai unit. egyh\u00e1zk\u00f6zs\u00e9g kur\u00e1tora volt (1807\u201342). Az ekl\u00e9zsia felvir\u00e1goztat\u00f3ja. Hivatalos bizotts\u00e1ggal \u00f6ssze\u00edratta az ekl\u00e9zsia ing\u00f3 \u00e9s ingatlan javait, \u00fajabb fekv\u0151s\u00e9geket szerzett. A papi \u00e9s mesteri telkeken \u00faj h\u00e1zat \u00e9p\u00edtett, a templomot is j\u00f3 karban tartotta, \u00e9s ami el\u0151tte nem volt, t\u0151k\u00e9t kezdett gy\u0171jteni az ekl\u00e9zsia sz\u00e1m\u00e1ra. <br \/><strong>Irod.:<\/strong> Kelemen; Rava<\/br><\/p>\n","protected":false},"excerpt":{"rendered":"<p>? \u2020 Rava, 1842, ravai unit. egyh\u00e1zk\u00f6zs\u00e9g kur\u00e1tora volt (1807\u201342). Az ekl\u00e9zsia felvir\u00e1goztat\u00f3ja. Hivatalos bizotts\u00e1ggal \u00f6ssze\u00edratta az ekl\u00e9zsia ing\u00f3 \u00e9s ingatlan javait, \u00fajabb fekv\u0151s\u00e9geket szerzett. A papi \u00e9s mesteri telkeken \u00faj h\u00e1zat \u00e9p\u00edtett, a templomot is j\u00f3 karban tartotta, \u00e9s ami el\u0151tte nem volt, t\u0151k\u00e9t kezdett gy\u0171jteni az ekl\u00e9zsia sz\u00e1m\u00e1ra. Irod.: Kelemen; Rava<\/p>\n","protected":false},"featured_media":0,"comment_status":"open","ping_status":"closed","template":"","meta":[],"product_brand":[],"product_cat":[137],"product_tag":[],"class_list":{"0":"post-11402","1":"product","2":"type-product","3":"status-publish","5":"product_cat-maros-megyei-eletrajzi-lexikon","7":"first","8":"instock","9":"shipping-taxable","10":"product-type-simple"},"_links":{"self":[{"href":"https:\/\/uj.adatbank.ro\/lexikon\/wp-json\/wp\/v2\/product\/11402","targetHints":{"allow":["GET"]}}],"collection":[{"href":"https:\/\/uj.adatbank.ro\/lexikon\/wp-json\/wp\/v2\/product"}],"about":[{"href":"https:\/\/uj.adatbank.ro\/lexikon\/wp-json\/wp\/v2\/types\/product"}],"replies":[{"embeddable":true,"href":"https:\/\/uj.adatbank.ro\/lexikon\/wp-json\/wp\/v2\/comments?post=11402"}],"wp:attachment":[{"href":"https:\/\/uj.adatbank.ro\/lexikon\/wp-json\/wp\/v2\/media?parent=11402"}],"wp:term":[{"taxonomy":"product_brand","embeddable":true,"href":"https:\/\/uj.adatbank.ro\/lexikon\/wp-json\/wp\/v2\/product_brand?post=11402"},{"taxonomy":"product_cat","embeddable":true,"href":"https:\/\/uj.adatbank.ro\/lexikon\/wp-json\/wp\/v2\/product_cat?post=11402"},{"taxonomy":"product_tag","embeddable":true,"href":"https:\/\/uj.adatbank.ro\/lexikon\/wp-json\/wp\/v2\/product_tag?post=11402"}],"curies":[{"name":"wp","href":"https:\/\/api.w.org\/{rel}","templated":true}]}}