{"id":11403,"date":"2025-06-29T13:51:55","date_gmt":"2025-06-29T11:51:55","guid":{"rendered":"https:\/\/uj.adatbank.ro\/lexikon\/termek\/kecskes-jozsef\/"},"modified":"2025-06-29T13:51:55","modified_gmt":"2025-06-29T11:51:55","slug":"kecskes-jozsef","status":"publish","type":"product","link":"https:\/\/uj.adatbank.ro\/lexikon\/termek\/kecskes-jozsef\/","title":{"rendered":"KECSK\u00c9S J\u00f3zsef"},"content":{"rendered":"<p>Medgyes, 1910. m\u00e1rc. 29., \u2020 ? : k\u00f6zgazdas\u00e1gi szak\u00edr\u00f3, gazdas\u00e1gt\u00f6rt\u00e9n\u00e9sz. \u2013 K\u00f6z\u00e9piskol\u00e1it a nagyenyedi Bethlen Koll.-ban v\u00e9gezte (1929), a kv.-i Kereskedelmi Akad\u00e9mi\u00e1n szerzett diplom\u00e1t (1933). A sepsiszentgy\u00f6rgyi Sz\u00e9kely Mik\u00f3 Koll.-ban t\u00f6lt\u00f6tt fel\u00fcgyel\u0151i \u00e9vek ut\u00e1n a nagyenyedi Koll.-ban oraad\u00f3 tan\u00e1r, igazgat\u00f3i titk\u00e1r (1936\u201341) ; tisztvisel\u0151 az Erd\u00e9lyr\u00e9szi Hangya mv.-i k\u00f6zpontj\u00e1n\u00e1l (1942\u201344) ; a h\u00e1bor\u00fa ut\u00e1n a kv.-i Magyar Tanker\u00fcleti F\u0151igazgat\u00f3s\u00e1gon szakfel\u00fcgyel\u0151 (1947\u201347), ill. f\u0151fel\u00fcgyel\u0151 (1948) ; a BTE-en doktor\u00e1tust szerzett (1946), \u00e9s a Jog- \u00e9s K\u00f6zgazdas\u00e1gtudom\u00e1nyi Karon tansz\u00e9kvezet\u0151 tan\u00e1r (1949\u2013) ; tudom\u00e1nyos f\u0151kutat\u00f3 az Akad\u00e9mia kv.-i fi\u00f3kj\u00e1n\u00e1l (1960\u2013), majd oszt\u00e1lyvezet\u0151 annak Sz\u00e1m\u00edt\u00e1si Int\u00e9zet\u00e9ben (\u20131975) ; nyugd\u00edjba vonult (1975). Ir\u00e1sai megjelentek a Erd\u00e9lyi H\u00edrlap, Ellenz\u00e9k, D\u00e9li H\u00edrlap, Erd\u00e9lyi Gazda, Magyar Kisebbs\u00e9g, Havi Szemle, El\u0151re, Igazs\u00e1g, Megyei T\u00fck\u00f6r, Brass\u00f3i Lapok, Korunk, Probleme economice-ben. Nagyobb tanulm\u00e1nyai jelentek meg szakfoly\u00f3iratokban \u00e9s gy\u0171jtem\u00e9nyes k\u00f6tetekben m\u00e1sokkal t\u00e1rsszerkeszt\u00e9sben ; rom\u00e1n nyelv\u0171 gazdas\u00e1gt\u00f6rt\u00e9neti tanulm\u00e1nyaiban Erd\u00e9ly \u00e1r\u00facsere k\u00e9rd\u00e9s\u00e9vel foglalkozott a XIX. sz. m\u00e1sodik fel\u00e9ben (Anuarul Institutului de Istorie din Cluj, 1960, 1963). \u2013 <strong>F. m.:<\/strong> <strong>t\u00e1rssz.:<\/strong> Id\u0151szer\u0171 k\u00f6zgazdas\u00e1gi k\u00e9rd\u00e9sek (A helyiipar fejl\u0151d\u00e9se a Magyar Autonom Tartom\u00e1nyban ; A munkanapf\u00e9nyk\u00e9pez\u00e9s \u00e9s \u00f6nf\u00e9nyk\u00e9pez\u00e9s fejezetek)(Kv., 1955), Sistemul b\u0103nesc al leului \u015fi precursorii lui. 2. k\u00f6t. (Kv, 1974); Istoria Clujului (Kv., 1974). <br \/><strong>Irod.:<\/strong> RMIL<\/br><\/p>\n","protected":false},"excerpt":{"rendered":"<p>Medgyes, 1910. m\u00e1rc. 29., \u2020 ? : k\u00f6zgazdas\u00e1gi szak\u00edr\u00f3, gazdas\u00e1gt\u00f6rt\u00e9n\u00e9sz. \u2013 K\u00f6z\u00e9piskol\u00e1it a nagyenyedi Bethlen Koll.-ban v\u00e9gezte (1929), a kv.-i Kereskedelmi Akad\u00e9mi\u00e1n szerzett diplom\u00e1t (1933). A sepsiszentgy\u00f6rgyi Sz\u00e9kely Mik\u00f3 Koll.-ban t\u00f6lt\u00f6tt fel\u00fcgyel\u0151i \u00e9vek ut\u00e1n a nagyenyedi Koll.-ban oraad\u00f3 tan\u00e1r, igazgat\u00f3i titk\u00e1r (1936\u201341) ; tisztvisel\u0151 az Erd\u00e9lyr\u00e9szi Hangya mv.-i k\u00f6zpontj\u00e1n\u00e1l (1942\u201344) ; a h\u00e1bor\u00fa ut\u00e1n a [&hellip;]<\/p>\n","protected":false},"featured_media":0,"comment_status":"open","ping_status":"closed","template":"","meta":[],"product_brand":[],"product_cat":[137],"product_tag":[],"class_list":{"0":"post-11403","1":"product","2":"type-product","3":"status-publish","5":"product_cat-maros-megyei-eletrajzi-lexikon","7":"first","8":"instock","9":"shipping-taxable","10":"product-type-simple"},"_links":{"self":[{"href":"https:\/\/uj.adatbank.ro\/lexikon\/wp-json\/wp\/v2\/product\/11403","targetHints":{"allow":["GET"]}}],"collection":[{"href":"https:\/\/uj.adatbank.ro\/lexikon\/wp-json\/wp\/v2\/product"}],"about":[{"href":"https:\/\/uj.adatbank.ro\/lexikon\/wp-json\/wp\/v2\/types\/product"}],"replies":[{"embeddable":true,"href":"https:\/\/uj.adatbank.ro\/lexikon\/wp-json\/wp\/v2\/comments?post=11403"}],"wp:attachment":[{"href":"https:\/\/uj.adatbank.ro\/lexikon\/wp-json\/wp\/v2\/media?parent=11403"}],"wp:term":[{"taxonomy":"product_brand","embeddable":true,"href":"https:\/\/uj.adatbank.ro\/lexikon\/wp-json\/wp\/v2\/product_brand?post=11403"},{"taxonomy":"product_cat","embeddable":true,"href":"https:\/\/uj.adatbank.ro\/lexikon\/wp-json\/wp\/v2\/product_cat?post=11403"},{"taxonomy":"product_tag","embeddable":true,"href":"https:\/\/uj.adatbank.ro\/lexikon\/wp-json\/wp\/v2\/product_tag?post=11403"}],"curies":[{"name":"wp","href":"https:\/\/api.w.org\/{rel}","templated":true}]}}