{"id":11404,"date":"2025-06-29T13:51:57","date_gmt":"2025-06-29T11:51:57","guid":{"rendered":"https:\/\/uj.adatbank.ro\/lexikon\/termek\/kecskes-lajos\/"},"modified":"2025-06-29T13:51:57","modified_gmt":"2025-06-29T11:51:57","slug":"kecskes-lajos","status":"publish","type":"product","link":"https:\/\/uj.adatbank.ro\/lexikon\/termek\/kecskes-lajos\/","title":{"rendered":"KECSK\u00c9S Lajos"},"content":{"rendered":"<p>Rava, 1928. dec. 1., \u2020Mv., 2023. j\u00fal. 30.: unit\u00e1rius lelk\u00e9sz. \u2013 \u00c9retts\u00e9gizett Sz\u00e9kelykereszt\u00faron az Orb\u00e1n Bal\u00e1zs Unit\u00e1rius F\u0151gimn.-ban (1948) ; a teol\u00f3gi\u00e1t Kv.-on hallgatta, ahol lelk\u00e9szi oklevelet szerzett. Szolg\u00e1lt Jobb\u00e1gyfalv\u00e1n (1958\u201369), Szab\u00e9don (1969\u2013). <br \/><strong>Irod.:<\/strong> KKACs; Nekrol\u00f3g (N\u00fa., 2023. aug. 2.)<\/br><\/p>\n","protected":false},"excerpt":{"rendered":"<p>Rava, 1928. dec. 1., \u2020Mv., 2023. j\u00fal. 30.: unit\u00e1rius lelk\u00e9sz. \u2013 \u00c9retts\u00e9gizett Sz\u00e9kelykereszt\u00faron az Orb\u00e1n Bal\u00e1zs Unit\u00e1rius F\u0151gimn.-ban (1948) ; a teol\u00f3gi\u00e1t Kv.-on hallgatta, ahol lelk\u00e9szi oklevelet szerzett. Szolg\u00e1lt Jobb\u00e1gyfalv\u00e1n (1958\u201369), Szab\u00e9don (1969\u2013). Irod.: KKACs; Nekrol\u00f3g (N\u00fa., 2023. aug. 2.)<\/p>\n","protected":false},"featured_media":0,"comment_status":"open","ping_status":"closed","template":"","meta":[],"product_brand":[],"product_cat":[137],"product_tag":[],"class_list":{"0":"post-11404","1":"product","2":"type-product","3":"status-publish","5":"product_cat-maros-megyei-eletrajzi-lexikon","7":"first","8":"instock","9":"shipping-taxable","10":"product-type-simple"},"_links":{"self":[{"href":"https:\/\/uj.adatbank.ro\/lexikon\/wp-json\/wp\/v2\/product\/11404","targetHints":{"allow":["GET"]}}],"collection":[{"href":"https:\/\/uj.adatbank.ro\/lexikon\/wp-json\/wp\/v2\/product"}],"about":[{"href":"https:\/\/uj.adatbank.ro\/lexikon\/wp-json\/wp\/v2\/types\/product"}],"replies":[{"embeddable":true,"href":"https:\/\/uj.adatbank.ro\/lexikon\/wp-json\/wp\/v2\/comments?post=11404"}],"wp:attachment":[{"href":"https:\/\/uj.adatbank.ro\/lexikon\/wp-json\/wp\/v2\/media?parent=11404"}],"wp:term":[{"taxonomy":"product_brand","embeddable":true,"href":"https:\/\/uj.adatbank.ro\/lexikon\/wp-json\/wp\/v2\/product_brand?post=11404"},{"taxonomy":"product_cat","embeddable":true,"href":"https:\/\/uj.adatbank.ro\/lexikon\/wp-json\/wp\/v2\/product_cat?post=11404"},{"taxonomy":"product_tag","embeddable":true,"href":"https:\/\/uj.adatbank.ro\/lexikon\/wp-json\/wp\/v2\/product_tag?post=11404"}],"curies":[{"name":"wp","href":"https:\/\/api.w.org\/{rel}","templated":true}]}}