{"id":11410,"date":"2025-06-29T13:52:10","date_gmt":"2025-06-29T11:52:10","guid":{"rendered":"https:\/\/uj.adatbank.ro\/lexikon\/termek\/kedei-pal-2\/"},"modified":"2025-06-29T13:52:10","modified_gmt":"2025-06-29T11:52:10","slug":"kedei-pal-2","status":"publish","type":"product","link":"https:\/\/uj.adatbank.ro\/lexikon\/termek\/kedei-pal-2\/","title":{"rendered":"KEDEI P\u00e1l"},"content":{"rendered":"<p>Rava, 1896., \u2020 ?: gazd\u00e1lkod\u00f3. \u2013 Iskol\u00e1i elv\u00e9gz\u00e9se ut\u00e1n gazd\u00e1lkodni kezdett a sz\u00fcl\u0151 h\u00e1zn\u00e1l, majd 20 hold f\u00f6ld\u00f6n \u00f6n\u00e1ll\u00f3 lett Bordoson. R\u00e9szt vett az els\u0151 vh.-ban a 24. h. gy. ezredben azorosz fronton harcolt, megsebes\u00fclt majd a sz\u00e9kely hadoszt\u00e1lyhoz ker\u00fclt, mint szakaszvezet\u0151 szerelt le. A k\u00f6zs\u00e9g p\u00e9nzt\u00e1rosa, a MP tagja volt. <br \/><strong>Irod.:<\/strong> Sz\u00e9kelyf\u00f6ld \u00ed. k<\/br><\/p>\n","protected":false},"excerpt":{"rendered":"<p>Rava, 1896., \u2020 ?: gazd\u00e1lkod\u00f3. \u2013 Iskol\u00e1i elv\u00e9gz\u00e9se ut\u00e1n gazd\u00e1lkodni kezdett a sz\u00fcl\u0151 h\u00e1zn\u00e1l, majd 20 hold f\u00f6ld\u00f6n \u00f6n\u00e1ll\u00f3 lett Bordoson. R\u00e9szt vett az els\u0151 vh.-ban a 24. h. gy. ezredben azorosz fronton harcolt, megsebes\u00fclt majd a sz\u00e9kely hadoszt\u00e1lyhoz ker\u00fclt, mint szakaszvezet\u0151 szerelt le. A k\u00f6zs\u00e9g p\u00e9nzt\u00e1rosa, a MP tagja volt. Irod.: Sz\u00e9kelyf\u00f6ld \u00ed. k<\/p>\n","protected":false},"featured_media":0,"comment_status":"open","ping_status":"closed","template":"","meta":[],"product_brand":[],"product_cat":[137],"product_tag":[],"class_list":{"0":"post-11410","1":"product","2":"type-product","3":"status-publish","5":"product_cat-maros-megyei-eletrajzi-lexikon","7":"first","8":"instock","9":"shipping-taxable","10":"product-type-simple"},"_links":{"self":[{"href":"https:\/\/uj.adatbank.ro\/lexikon\/wp-json\/wp\/v2\/product\/11410","targetHints":{"allow":["GET"]}}],"collection":[{"href":"https:\/\/uj.adatbank.ro\/lexikon\/wp-json\/wp\/v2\/product"}],"about":[{"href":"https:\/\/uj.adatbank.ro\/lexikon\/wp-json\/wp\/v2\/types\/product"}],"replies":[{"embeddable":true,"href":"https:\/\/uj.adatbank.ro\/lexikon\/wp-json\/wp\/v2\/comments?post=11410"}],"wp:attachment":[{"href":"https:\/\/uj.adatbank.ro\/lexikon\/wp-json\/wp\/v2\/media?parent=11410"}],"wp:term":[{"taxonomy":"product_brand","embeddable":true,"href":"https:\/\/uj.adatbank.ro\/lexikon\/wp-json\/wp\/v2\/product_brand?post=11410"},{"taxonomy":"product_cat","embeddable":true,"href":"https:\/\/uj.adatbank.ro\/lexikon\/wp-json\/wp\/v2\/product_cat?post=11410"},{"taxonomy":"product_tag","embeddable":true,"href":"https:\/\/uj.adatbank.ro\/lexikon\/wp-json\/wp\/v2\/product_tag?post=11410"}],"curies":[{"name":"wp","href":"https:\/\/api.w.org\/{rel}","templated":true}]}}