{"id":11411,"date":"2025-06-29T13:52:12","date_gmt":"2025-06-29T11:52:12","guid":{"rendered":"https:\/\/uj.adatbank.ro\/lexikon\/termek\/kedei-zoltan\/"},"modified":"2025-06-29T13:52:12","modified_gmt":"2025-06-29T11:52:12","slug":"kedei-zoltan","status":"publish","type":"product","link":"https:\/\/uj.adatbank.ro\/lexikon\/termek\/kedei-zoltan\/","title":{"rendered":"KEDEI Zolt\u00e1n"},"content":{"rendered":"<p>Rava, 1929. nov. 29., \u2020 ?: fest\u0151m\u0171v\u00e9sz, tisztvisel\u0151. &#8211; \u00c9retts\u00e9gizett a sz\u00e9kelykereszt\u00fari Gimn.-ban (1949) ; Mv.-en a N\u00e9pm\u0171v\u00e9szeti Iskol\u00e1t v\u00e9gezte Olariu Gy\u00f6rgy fest\u0151m\u0171v\u00e9sz oszt\u00e1ly\u00e1n (1958), szobr\u00e1szatot M\u00e1rkos Andr\u00e1s tan\u00edtotta. Mv.-en az Electro-Maros v\u00e1llalat tisztvisel\u0151je (1952\u201390). Olajfestm\u00e9nyei \u00e9s tusrajzai vannak. T\u00f6bb rajza, illusztr\u00e1ci\u00f3ja van k\u00f6tetekben, foly\u00f3iratokban. \u2013 Ki\u00e1ll\u00edt\u00e1sai: Mv (1967, 1976, 1981, 1991, 1992, 1996); Nagyernye (1969); Sz\u00e9kelyudvarhely, Sz\u00e9kelykereszt\u00far (1972); Szentgerice (1975); (Ny\u00e1r\u00e1dszereda (1979); Bp. (1986; New York (1989); Debrecen (1990) ; Hatvan (1991); Sz\u00e9kelykereszt\u00far (1994); Dics\u0151szentm\u00e1rton (1994, 1996); Szov\u00e1ta (1995); csoportos ki\u00e1ll\u00edt\u00e1sok: Mv. (1994-\u00e9vente); Kov\u00e1szna (\u00e9vente 1980\u2013); Homor\u00f3dszentm\u00e1rton (\u00e9vente 1990\u2013), Gyulafeh\u00e9rv\u00e1r, Segesv\u00e1r, Cs\u00edkszereda, Gyilkost\u00f3, Gyergy\u00f3sz\u00e1rhegy, Gyergy\u00f3alfalu, Makkfalva, Sz\u00e9kelykereszt\u00far, Bp, Szentistv\u00e1n, Sz\u00e9kelyudvarhely, Corbreuse, Hortob\u00e1gy, Hatvan, H\u00e1rmask\u00f6zs\u00e9g. <br \/><strong>Irod.:<\/strong> Banner; B\u00f6l\u00f6ni Domokos: Aranyp\u00e1lca \u2013 Kacag\u00f3b\u00e1lt\u00f3l a S\u00farlott gr\u00e1dicsig (N\u00fa., 2021. okt. 2.); EMKK; Helikon; Kelemen; KKACs; Moln\u00e1r; Nagy M. K.; Nagy Mikl\u00f3s Kund: Kedei Zolt\u00e1n fest\u0151m\u0171v\u00e9sz (Mv., 2004); N\u00fa (2004. nov. 30.); RMKK; Szab\u00f3\u2013K\u00e1llai<\/br><\/p>\n","protected":false},"excerpt":{"rendered":"<p>Rava, 1929. nov. 29., \u2020 ?: fest\u0151m\u0171v\u00e9sz, tisztvisel\u0151. &#8211; \u00c9retts\u00e9gizett a sz\u00e9kelykereszt\u00fari Gimn.-ban (1949) ; Mv.-en a N\u00e9pm\u0171v\u00e9szeti Iskol\u00e1t v\u00e9gezte Olariu Gy\u00f6rgy fest\u0151m\u0171v\u00e9sz oszt\u00e1ly\u00e1n (1958), szobr\u00e1szatot M\u00e1rkos Andr\u00e1s tan\u00edtotta. Mv.-en az Electro-Maros v\u00e1llalat tisztvisel\u0151je (1952\u201390). Olajfestm\u00e9nyei \u00e9s tusrajzai vannak. T\u00f6bb rajza, illusztr\u00e1ci\u00f3ja van k\u00f6tetekben, foly\u00f3iratokban. \u2013 Ki\u00e1ll\u00edt\u00e1sai: Mv (1967, 1976, 1981, 1991, 1992, 1996); Nagyernye [&hellip;]<\/p>\n","protected":false},"featured_media":0,"comment_status":"open","ping_status":"closed","template":"","meta":[],"product_brand":[],"product_cat":[137],"product_tag":[],"class_list":{"0":"post-11411","1":"product","2":"type-product","3":"status-publish","5":"product_cat-maros-megyei-eletrajzi-lexikon","7":"first","8":"instock","9":"shipping-taxable","10":"product-type-simple"},"_links":{"self":[{"href":"https:\/\/uj.adatbank.ro\/lexikon\/wp-json\/wp\/v2\/product\/11411","targetHints":{"allow":["GET"]}}],"collection":[{"href":"https:\/\/uj.adatbank.ro\/lexikon\/wp-json\/wp\/v2\/product"}],"about":[{"href":"https:\/\/uj.adatbank.ro\/lexikon\/wp-json\/wp\/v2\/types\/product"}],"replies":[{"embeddable":true,"href":"https:\/\/uj.adatbank.ro\/lexikon\/wp-json\/wp\/v2\/comments?post=11411"}],"wp:attachment":[{"href":"https:\/\/uj.adatbank.ro\/lexikon\/wp-json\/wp\/v2\/media?parent=11411"}],"wp:term":[{"taxonomy":"product_brand","embeddable":true,"href":"https:\/\/uj.adatbank.ro\/lexikon\/wp-json\/wp\/v2\/product_brand?post=11411"},{"taxonomy":"product_cat","embeddable":true,"href":"https:\/\/uj.adatbank.ro\/lexikon\/wp-json\/wp\/v2\/product_cat?post=11411"},{"taxonomy":"product_tag","embeddable":true,"href":"https:\/\/uj.adatbank.ro\/lexikon\/wp-json\/wp\/v2\/product_tag?post=11411"}],"curies":[{"name":"wp","href":"https:\/\/api.w.org\/{rel}","templated":true}]}}