{"id":11412,"date":"2025-06-29T13:52:14","date_gmt":"2025-06-29T11:52:14","guid":{"rendered":"https:\/\/uj.adatbank.ro\/lexikon\/termek\/kedei-zoltan-v\/"},"modified":"2025-06-29T13:52:14","modified_gmt":"2025-06-29T11:52:14","slug":"kedei-zoltan-v","status":"publish","type":"product","link":"https:\/\/uj.adatbank.ro\/lexikon\/termek\/kedei-zoltan-v\/","title":{"rendered":"KEDEI Zolt\u00e1n V."},"content":{"rendered":"<p>Mv., 1956 \u2020 ?: fest\u0151. \u2013 : Kedei Zolt\u00e1n fia. &#8211; A mv.-i M\u0171v\u00e9szeti Iskol\u00e1ban tanult, tan\u00e1ra Nagy P\u00e1l volt, A segesv\u00e1ri zom\u00e1nc-ed\u00e9nygy\u00e1r (1981\u2013), majd a mv.-i ipari-v\u00e1llalat ipari formatervez\u0151je. M\u0171v\u00e9szete hatott sz\u00fcrrealitikus, szimbolikus fest\u00e9szet\u00e9re. \u00c1ttelepedett Mo.-ra (1990\u2013), tagja a M\u0171v\u00e9szeti Alapnak (1990\u2013), fest\u00e9szettel foglalkozik. Erd\u00e9lyben, Budapesten, Hatvan-, Sopron-, Cegl\u00e9den valamint Kuba, Breda, Amsterdam, M\u00fcnchen, Firenze csoport ki\u00e1ll\u00edt\u00e1sain szerepelt. <br \/><strong>Irod.:<\/strong> Szab\u00f3\u2013K\u00e1llai<\/br><\/p>\n","protected":false},"excerpt":{"rendered":"<p>Mv., 1956 \u2020 ?: fest\u0151. \u2013 : Kedei Zolt\u00e1n fia. &#8211; A mv.-i M\u0171v\u00e9szeti Iskol\u00e1ban tanult, tan\u00e1ra Nagy P\u00e1l volt, A segesv\u00e1ri zom\u00e1nc-ed\u00e9nygy\u00e1r (1981\u2013), majd a mv.-i ipari-v\u00e1llalat ipari formatervez\u0151je. M\u0171v\u00e9szete hatott sz\u00fcrrealitikus, szimbolikus fest\u00e9szet\u00e9re. \u00c1ttelepedett Mo.-ra (1990\u2013), tagja a M\u0171v\u00e9szeti Alapnak (1990\u2013), fest\u00e9szettel foglalkozik. Erd\u00e9lyben, Budapesten, Hatvan-, Sopron-, Cegl\u00e9den valamint Kuba, Breda, Amsterdam, M\u00fcnchen, [&hellip;]<\/p>\n","protected":false},"featured_media":0,"comment_status":"open","ping_status":"closed","template":"","meta":[],"product_brand":[],"product_cat":[137],"product_tag":[],"class_list":{"0":"post-11412","1":"product","2":"type-product","3":"status-publish","5":"product_cat-maros-megyei-eletrajzi-lexikon","7":"first","8":"instock","9":"shipping-taxable","10":"product-type-simple"},"_links":{"self":[{"href":"https:\/\/uj.adatbank.ro\/lexikon\/wp-json\/wp\/v2\/product\/11412","targetHints":{"allow":["GET"]}}],"collection":[{"href":"https:\/\/uj.adatbank.ro\/lexikon\/wp-json\/wp\/v2\/product"}],"about":[{"href":"https:\/\/uj.adatbank.ro\/lexikon\/wp-json\/wp\/v2\/types\/product"}],"replies":[{"embeddable":true,"href":"https:\/\/uj.adatbank.ro\/lexikon\/wp-json\/wp\/v2\/comments?post=11412"}],"wp:attachment":[{"href":"https:\/\/uj.adatbank.ro\/lexikon\/wp-json\/wp\/v2\/media?parent=11412"}],"wp:term":[{"taxonomy":"product_brand","embeddable":true,"href":"https:\/\/uj.adatbank.ro\/lexikon\/wp-json\/wp\/v2\/product_brand?post=11412"},{"taxonomy":"product_cat","embeddable":true,"href":"https:\/\/uj.adatbank.ro\/lexikon\/wp-json\/wp\/v2\/product_cat?post=11412"},{"taxonomy":"product_tag","embeddable":true,"href":"https:\/\/uj.adatbank.ro\/lexikon\/wp-json\/wp\/v2\/product_tag?post=11412"}],"curies":[{"name":"wp","href":"https:\/\/api.w.org\/{rel}","templated":true}]}}