{"id":11413,"date":"2025-06-29T13:52:16","date_gmt":"2025-06-29T11:52:16","guid":{"rendered":"https:\/\/uj.adatbank.ro\/lexikon\/termek\/kedves-istvan-csikszentdomokosi\/"},"modified":"2025-06-29T13:52:16","modified_gmt":"2025-06-29T11:52:16","slug":"kedves-istvan-csikszentdomokosi","status":"publish","type":"product","link":"https:\/\/uj.adatbank.ro\/lexikon\/termek\/kedves-istvan-csikszentdomokosi\/","title":{"rendered":"KEDVES Istv\u00e1n, cs\u00edkszentdomokosi"},"content":{"rendered":"<p>Kv., 1856., \u2020 ? : m. k. p\u00e9nz\u00fcgyigazgat\u00f3. \u2013 Tanulm\u00e1nyait a kv.-i \u00e9s a bp.-i R. K. Gimn.-ban \u00e9s a bp.-i egyetemen v\u00e9gezte ; felesk\u00fcd\u00f6tt fogalmaz\u00f3 gyakornoknak a f\u0151v\u00e1rosi m. k. ad\u00f3fel\u00fcgyel\u0151 mell\u00e9 (1877), majd uo. titk\u00e1r lett ; kinevezt\u00e9k Nagy- \u00e9s Kisk\u00fck\u00fcll\u0151- megy\u00e9k kir. ad\u00f3fel\u00fcgyel\u0151j\u00e9nek (1885); a p\u00e9nz\u00fcgyi igazgat\u00e1s \u00fajj\u00e1szervez\u00e9se alkalm\u00e1b\u00f3l a Segesv\u00e1ron fel\u00e1ll\u00edtott p\u00e9nz\u00fcgyi igazgat\u00f3s\u00e1gn\u00e1l igazgat\u00f3 helyettes, p\u00e9nz\u00fcgyi tan\u00e1csos majd igazgat\u00f3 lett (1894\u2013). A segesv\u00e1ri Pet\u0151fi Eml\u00e9kegyletnek p\u00e9nzt\u00e1rosa (1888\u2013) \u00e9s az \u00e9vfordul\u00f3s \u00fcnnep\u00e9ly rendez\u00e9s\u00e9ben nagy szerepe volt; a R. Kat. Autonomiai Kongresszusra Nagyk\u00fck\u00fcll\u0151 v\u00e1rmegye t\u00f6bb egyh\u00e1zk\u00f6zs\u00e9ge r\u00e9sz\u00e9r\u0151l k\u00e9pvisel\u0151nek v\u00e1lasztott\u00e1k. Bels\u0151 munkat\u00e1rsa volt a K\u00f6zv\u00e9lem\u00e9nynek. &#8211; <strong>F. m.:<\/strong> Vizsg\u00e1lati elj\u00e1r\u00e1s az egyenes ad\u00f3t\u00f6rv\u00e9nyek ellen, utas\u00edt\u00e1sok, rendeletek \u00e9s elvi jelent\u0151s\u00e9g\u0171 hat\u00e1rozatok alapj\u00e1n irom\u00e1ny-p\u00e9ld\u00e1kkal megvil\u00e1g\u00edtva az ad\u00f3fel\u00fcgyel\u0151i szolg\u00e1latban alkalmazottak sz\u00e1m\u00e1ra (Bp., 1886). <br \/><strong>Irod.:<\/strong> Szinnyei<\/br><\/p>\n","protected":false},"excerpt":{"rendered":"<p>Kv., 1856., \u2020 ? : m. k. p\u00e9nz\u00fcgyigazgat\u00f3. \u2013 Tanulm\u00e1nyait a kv.-i \u00e9s a bp.-i R. K. Gimn.-ban \u00e9s a bp.-i egyetemen v\u00e9gezte ; felesk\u00fcd\u00f6tt fogalmaz\u00f3 gyakornoknak a f\u0151v\u00e1rosi m. k. ad\u00f3fel\u00fcgyel\u0151 mell\u00e9 (1877), majd uo. titk\u00e1r lett ; kinevezt\u00e9k Nagy- \u00e9s Kisk\u00fck\u00fcll\u0151- megy\u00e9k kir. ad\u00f3fel\u00fcgyel\u0151j\u00e9nek (1885); a p\u00e9nz\u00fcgyi igazgat\u00e1s \u00fajj\u00e1szervez\u00e9se alkalm\u00e1b\u00f3l a Segesv\u00e1ron fel\u00e1ll\u00edtott [&hellip;]<\/p>\n","protected":false},"featured_media":0,"comment_status":"open","ping_status":"closed","template":"","meta":[],"product_brand":[],"product_cat":[137],"product_tag":[],"class_list":{"0":"post-11413","1":"product","2":"type-product","3":"status-publish","5":"product_cat-maros-megyei-eletrajzi-lexikon","7":"first","8":"instock","9":"shipping-taxable","10":"product-type-simple"},"_links":{"self":[{"href":"https:\/\/uj.adatbank.ro\/lexikon\/wp-json\/wp\/v2\/product\/11413","targetHints":{"allow":["GET"]}}],"collection":[{"href":"https:\/\/uj.adatbank.ro\/lexikon\/wp-json\/wp\/v2\/product"}],"about":[{"href":"https:\/\/uj.adatbank.ro\/lexikon\/wp-json\/wp\/v2\/types\/product"}],"replies":[{"embeddable":true,"href":"https:\/\/uj.adatbank.ro\/lexikon\/wp-json\/wp\/v2\/comments?post=11413"}],"wp:attachment":[{"href":"https:\/\/uj.adatbank.ro\/lexikon\/wp-json\/wp\/v2\/media?parent=11413"}],"wp:term":[{"taxonomy":"product_brand","embeddable":true,"href":"https:\/\/uj.adatbank.ro\/lexikon\/wp-json\/wp\/v2\/product_brand?post=11413"},{"taxonomy":"product_cat","embeddable":true,"href":"https:\/\/uj.adatbank.ro\/lexikon\/wp-json\/wp\/v2\/product_cat?post=11413"},{"taxonomy":"product_tag","embeddable":true,"href":"https:\/\/uj.adatbank.ro\/lexikon\/wp-json\/wp\/v2\/product_tag?post=11413"}],"curies":[{"name":"wp","href":"https:\/\/api.w.org\/{rel}","templated":true}]}}