{"id":11414,"date":"2025-06-29T13:52:18","date_gmt":"2025-06-29T11:52:18","guid":{"rendered":"https:\/\/uj.adatbank.ro\/lexikon\/termek\/kegyes-zsuzsanna-kocsmar-zsuzsanna-kocsmar-lajosne\/"},"modified":"2025-06-29T13:52:18","modified_gmt":"2025-06-29T11:52:18","slug":"kegyes-zsuzsanna-kocsmar-zsuzsanna-kocsmar-lajosne","status":"publish","type":"product","link":"https:\/\/uj.adatbank.ro\/lexikon\/termek\/kegyes-zsuzsanna-kocsmar-zsuzsanna-kocsmar-lajosne\/","title":{"rendered":"KEGYES Zsuzs\u00e1nna, KOCSM\u00c1R Zsuzs\u00e1nna, Kocsm\u00e1r Lajosn\u00e9"},"content":{"rendered":"<p>? \u2020 ?: tan\u00e1rn\u0151. \u2013 A mv.-i elemi \u00e9s polg\u00e1ri le\u00e1nyiskol\u00e1ban tan\u00edtott sz\u00e1mtan, term\u00e9szettan, term\u00e9szetrajz, magyar, eg\u00e9szs\u00e9gtan, k\u00f6zgazdas\u00e1gtan tant\u00e1rgyakat (1919). A mv.-i ref. elemi \u00e9s polg\u00e1ri le\u00e1nyiskola n\u00e9met nyelv tan\u00e1rn\u0151je (1918. dec. \u2013 1920. m\u00e1j.) \u00e9s igazgat\u00f3ja. <br \/><strong>Irod.:<\/strong> Eml\u00e9kk. Szab\u00f3 Mikl\u00f3s<\/br><\/p>\n","protected":false},"excerpt":{"rendered":"<p>? \u2020 ?: tan\u00e1rn\u0151. \u2013 A mv.-i elemi \u00e9s polg\u00e1ri le\u00e1nyiskol\u00e1ban tan\u00edtott sz\u00e1mtan, term\u00e9szettan, term\u00e9szetrajz, magyar, eg\u00e9szs\u00e9gtan, k\u00f6zgazdas\u00e1gtan tant\u00e1rgyakat (1919). A mv.-i ref. elemi \u00e9s polg\u00e1ri le\u00e1nyiskola n\u00e9met nyelv tan\u00e1rn\u0151je (1918. dec. \u2013 1920. m\u00e1j.) \u00e9s igazgat\u00f3ja. Irod.: Eml\u00e9kk. Szab\u00f3 Mikl\u00f3s<\/p>\n","protected":false},"featured_media":0,"comment_status":"open","ping_status":"closed","template":"","meta":[],"product_brand":[],"product_cat":[137],"product_tag":[],"class_list":{"0":"post-11414","1":"product","2":"type-product","3":"status-publish","5":"product_cat-maros-megyei-eletrajzi-lexikon","7":"first","8":"instock","9":"shipping-taxable","10":"product-type-simple"},"_links":{"self":[{"href":"https:\/\/uj.adatbank.ro\/lexikon\/wp-json\/wp\/v2\/product\/11414","targetHints":{"allow":["GET"]}}],"collection":[{"href":"https:\/\/uj.adatbank.ro\/lexikon\/wp-json\/wp\/v2\/product"}],"about":[{"href":"https:\/\/uj.adatbank.ro\/lexikon\/wp-json\/wp\/v2\/types\/product"}],"replies":[{"embeddable":true,"href":"https:\/\/uj.adatbank.ro\/lexikon\/wp-json\/wp\/v2\/comments?post=11414"}],"wp:attachment":[{"href":"https:\/\/uj.adatbank.ro\/lexikon\/wp-json\/wp\/v2\/media?parent=11414"}],"wp:term":[{"taxonomy":"product_brand","embeddable":true,"href":"https:\/\/uj.adatbank.ro\/lexikon\/wp-json\/wp\/v2\/product_brand?post=11414"},{"taxonomy":"product_cat","embeddable":true,"href":"https:\/\/uj.adatbank.ro\/lexikon\/wp-json\/wp\/v2\/product_cat?post=11414"},{"taxonomy":"product_tag","embeddable":true,"href":"https:\/\/uj.adatbank.ro\/lexikon\/wp-json\/wp\/v2\/product_tag?post=11414"}],"curies":[{"name":"wp","href":"https:\/\/api.w.org\/{rel}","templated":true}]}}