{"id":11415,"date":"2025-06-29T13:52:19","date_gmt":"2025-06-29T11:52:19","guid":{"rendered":"https:\/\/uj.adatbank.ro\/lexikon\/termek\/kein-leona\/"},"modified":"2025-06-29T13:52:19","modified_gmt":"2025-06-29T11:52:19","slug":"kein-leona","status":"publish","type":"product","link":"https:\/\/uj.adatbank.ro\/lexikon\/termek\/kein-leona\/","title":{"rendered":"KEIN Leona"},"content":{"rendered":"<p>Medgyes, 1882. febr. 7., \u2020 1934, : zongoram\u0171v\u00e9sz, tan\u00e1r. \u2013 Zenei tanulm\u00e1nyait, zongoraszakot, a kv.-i zenekonzervat\u00f3riumban v\u00e9gezte (1902), B\u00e9csben folytatta, ahol zenetan\u00edt\u00f3i oklevelet szezett (1907), majd a bp.-i Liszt Ferenc zenem\u0171v\u00e9szeti f\u0151iskol\u00e1n zenetan\u00e1ri oklevelet nyert (1913). A kv.-i \u00e1llami fels\u0151 le\u00e1nyiskola zenetan\u00e1ra (1909\u201320), majd a zongora tansz\u00e9ket t\u00f6lt\u00f6tte be a mv.-i zeneiskol\u00e1ban (1921\u201334). <br \/><strong>Irod.:<\/strong> Anuarul Conservatorului Municipiului Tg. M. (1927\u20131928); Zenetudom\u00e1nyi \u00edr\u00e1sok<\/br><\/p>\n","protected":false},"excerpt":{"rendered":"<p>Medgyes, 1882. febr. 7., \u2020 1934, : zongoram\u0171v\u00e9sz, tan\u00e1r. \u2013 Zenei tanulm\u00e1nyait, zongoraszakot, a kv.-i zenekonzervat\u00f3riumban v\u00e9gezte (1902), B\u00e9csben folytatta, ahol zenetan\u00edt\u00f3i oklevelet szezett (1907), majd a bp.-i Liszt Ferenc zenem\u0171v\u00e9szeti f\u0151iskol\u00e1n zenetan\u00e1ri oklevelet nyert (1913). A kv.-i \u00e1llami fels\u0151 le\u00e1nyiskola zenetan\u00e1ra (1909\u201320), majd a zongora tansz\u00e9ket t\u00f6lt\u00f6tte be a mv.-i zeneiskol\u00e1ban (1921\u201334). Irod.: Anuarul [&hellip;]<\/p>\n","protected":false},"featured_media":0,"comment_status":"open","ping_status":"closed","template":"","meta":[],"product_brand":[],"product_cat":[137],"product_tag":[],"class_list":{"0":"post-11415","1":"product","2":"type-product","3":"status-publish","5":"product_cat-maros-megyei-eletrajzi-lexikon","7":"first","8":"instock","9":"shipping-taxable","10":"product-type-simple"},"_links":{"self":[{"href":"https:\/\/uj.adatbank.ro\/lexikon\/wp-json\/wp\/v2\/product\/11415","targetHints":{"allow":["GET"]}}],"collection":[{"href":"https:\/\/uj.adatbank.ro\/lexikon\/wp-json\/wp\/v2\/product"}],"about":[{"href":"https:\/\/uj.adatbank.ro\/lexikon\/wp-json\/wp\/v2\/types\/product"}],"replies":[{"embeddable":true,"href":"https:\/\/uj.adatbank.ro\/lexikon\/wp-json\/wp\/v2\/comments?post=11415"}],"wp:attachment":[{"href":"https:\/\/uj.adatbank.ro\/lexikon\/wp-json\/wp\/v2\/media?parent=11415"}],"wp:term":[{"taxonomy":"product_brand","embeddable":true,"href":"https:\/\/uj.adatbank.ro\/lexikon\/wp-json\/wp\/v2\/product_brand?post=11415"},{"taxonomy":"product_cat","embeddable":true,"href":"https:\/\/uj.adatbank.ro\/lexikon\/wp-json\/wp\/v2\/product_cat?post=11415"},{"taxonomy":"product_tag","embeddable":true,"href":"https:\/\/uj.adatbank.ro\/lexikon\/wp-json\/wp\/v2\/product_tag?post=11415"}],"curies":[{"name":"wp","href":"https:\/\/api.w.org\/{rel}","templated":true}]}}