{"id":11416,"date":"2025-06-29T13:52:21","date_gmt":"2025-06-29T11:52:21","guid":{"rendered":"https:\/\/uj.adatbank.ro\/lexikon\/termek\/keintzel-ede\/"},"modified":"2025-06-29T13:52:21","modified_gmt":"2025-06-29T11:52:21","slug":"keintzel-ede","status":"publish","type":"product","link":"https:\/\/uj.adatbank.ro\/lexikon\/termek\/keintzel-ede\/","title":{"rendered":"KEINTZEL Ede"},"content":{"rendered":"<p>Sz\u00e1szr\u00e9gen, 1897, \u2020 ?: \u00fcgyv\u00e9d. \u2013 Apja iparos volt. Segesv\u00e1ron \u00e9retts\u00e9gizett, Kv.-on jogi doktor\u00e1tust v\u00e9gzett. Tanulm\u00e1nyai befejez\u00e9se ut\u00e1n Mv.-en praktiz\u00e1lt \u00fcgyv\u00e9di irod\u00e1kban. Sz\u00e1szr\u00e9genben \u00f6n\u00e1ll\u00f3 \u00fcgyv\u00e9d (1926\u2013), t\u00f6bb v\u00e1llalat \u00fcgy\u00e9sze. R\u00e9szt vett az I. vh.-ban (1915\u201318), a tiszti iskola elv\u00e9gz\u00e9se ut\u00e1n az orosz majd az olasz fronton harcolt. F\u0151hadnagyi rangban szerelt le, t\u00f6bbsz\u00f6r kit\u00fcntett\u00e9k. Tev\u00e9keny politikai m\u0171k\u00f6d\u00e9st fejtett ki a sz\u00e1sz p\u00e1rtban, amelynek tagozati titk\u00e1ra volt. Sokat f\u00e1radozott a sz\u00e1szok jogai\u00e9rt, amellett a t\u00f6bbi nemzetis\u00e9gekkel val\u00f3 meg\u00e9rt\u00e9s \u00e9s harmonikus egy\u00fcttm\u0171k\u00f6d\u00e9s megval\u00f3s\u00edt\u00e1s\u00e1\u00e9rt. A megyei tan\u00e1cs v\u00e1lasztott tagja \u00e9s egyh\u00e1zi egyes\u00fcletek tagja volt. Sz\u00e1sz lapokban politikai cikkei jelentek meg. <br \/><strong>Irod.:<\/strong> Erd\u00e9lyi ezredek; Ki kicsoda?<\/br><\/p>\n","protected":false},"excerpt":{"rendered":"<p>Sz\u00e1szr\u00e9gen, 1897, \u2020 ?: \u00fcgyv\u00e9d. \u2013 Apja iparos volt. Segesv\u00e1ron \u00e9retts\u00e9gizett, Kv.-on jogi doktor\u00e1tust v\u00e9gzett. Tanulm\u00e1nyai befejez\u00e9se ut\u00e1n Mv.-en praktiz\u00e1lt \u00fcgyv\u00e9di irod\u00e1kban. Sz\u00e1szr\u00e9genben \u00f6n\u00e1ll\u00f3 \u00fcgyv\u00e9d (1926\u2013), t\u00f6bb v\u00e1llalat \u00fcgy\u00e9sze. R\u00e9szt vett az I. vh.-ban (1915\u201318), a tiszti iskola elv\u00e9gz\u00e9se ut\u00e1n az orosz majd az olasz fronton harcolt. F\u0151hadnagyi rangban szerelt le, t\u00f6bbsz\u00f6r kit\u00fcntett\u00e9k. Tev\u00e9keny politikai [&hellip;]<\/p>\n","protected":false},"featured_media":0,"comment_status":"open","ping_status":"closed","template":"","meta":[],"product_brand":[],"product_cat":[137],"product_tag":[],"class_list":{"0":"post-11416","1":"product","2":"type-product","3":"status-publish","5":"product_cat-maros-megyei-eletrajzi-lexikon","7":"first","8":"instock","9":"shipping-taxable","10":"product-type-simple"},"_links":{"self":[{"href":"https:\/\/uj.adatbank.ro\/lexikon\/wp-json\/wp\/v2\/product\/11416","targetHints":{"allow":["GET"]}}],"collection":[{"href":"https:\/\/uj.adatbank.ro\/lexikon\/wp-json\/wp\/v2\/product"}],"about":[{"href":"https:\/\/uj.adatbank.ro\/lexikon\/wp-json\/wp\/v2\/types\/product"}],"replies":[{"embeddable":true,"href":"https:\/\/uj.adatbank.ro\/lexikon\/wp-json\/wp\/v2\/comments?post=11416"}],"wp:attachment":[{"href":"https:\/\/uj.adatbank.ro\/lexikon\/wp-json\/wp\/v2\/media?parent=11416"}],"wp:term":[{"taxonomy":"product_brand","embeddable":true,"href":"https:\/\/uj.adatbank.ro\/lexikon\/wp-json\/wp\/v2\/product_brand?post=11416"},{"taxonomy":"product_cat","embeddable":true,"href":"https:\/\/uj.adatbank.ro\/lexikon\/wp-json\/wp\/v2\/product_cat?post=11416"},{"taxonomy":"product_tag","embeddable":true,"href":"https:\/\/uj.adatbank.ro\/lexikon\/wp-json\/wp\/v2\/product_tag?post=11416"}],"curies":[{"name":"wp","href":"https:\/\/api.w.org\/{rel}","templated":true}]}}