{"id":11417,"date":"2025-06-29T13:52:23","date_gmt":"2025-06-29T11:52:23","guid":{"rendered":"https:\/\/uj.adatbank.ro\/lexikon\/termek\/keintzel-gyorgy\/"},"modified":"2025-06-29T13:52:23","modified_gmt":"2025-06-29T11:52:23","slug":"keintzel-gyorgy","status":"publish","type":"product","link":"https:\/\/uj.adatbank.ro\/lexikon\/termek\/keintzel-gyorgy\/","title":{"rendered":"KEINTZEL Gy\u00f6rgy"},"content":{"rendered":"<p>? \u2020 ? : \u00e9p\u00edt\u00e9szm\u00e9rn\u00f6k. \u2013 Politechnik\u00e1t v\u00e9gzett. Sz\u00e1szr\u00e9gen, majd Mv. f\u0151\u00e9p\u00edt\u00e9sze (1939). &#8211;<br \/><strong>Irod.:<\/strong> Pan\u0103<\/br><\/p>\n","protected":false},"excerpt":{"rendered":"<p>? \u2020 ? : \u00e9p\u00edt\u00e9szm\u00e9rn\u00f6k. \u2013 Politechnik\u00e1t v\u00e9gzett. Sz\u00e1szr\u00e9gen, majd Mv. f\u0151\u00e9p\u00edt\u00e9sze (1939). &#8211;Irod.: Pan\u0103<\/p>\n","protected":false},"featured_media":0,"comment_status":"open","ping_status":"closed","template":"","meta":[],"product_brand":[],"product_cat":[137],"product_tag":[],"class_list":{"0":"post-11417","1":"product","2":"type-product","3":"status-publish","5":"product_cat-maros-megyei-eletrajzi-lexikon","7":"first","8":"instock","9":"shipping-taxable","10":"product-type-simple"},"_links":{"self":[{"href":"https:\/\/uj.adatbank.ro\/lexikon\/wp-json\/wp\/v2\/product\/11417","targetHints":{"allow":["GET"]}}],"collection":[{"href":"https:\/\/uj.adatbank.ro\/lexikon\/wp-json\/wp\/v2\/product"}],"about":[{"href":"https:\/\/uj.adatbank.ro\/lexikon\/wp-json\/wp\/v2\/types\/product"}],"replies":[{"embeddable":true,"href":"https:\/\/uj.adatbank.ro\/lexikon\/wp-json\/wp\/v2\/comments?post=11417"}],"wp:attachment":[{"href":"https:\/\/uj.adatbank.ro\/lexikon\/wp-json\/wp\/v2\/media?parent=11417"}],"wp:term":[{"taxonomy":"product_brand","embeddable":true,"href":"https:\/\/uj.adatbank.ro\/lexikon\/wp-json\/wp\/v2\/product_brand?post=11417"},{"taxonomy":"product_cat","embeddable":true,"href":"https:\/\/uj.adatbank.ro\/lexikon\/wp-json\/wp\/v2\/product_cat?post=11417"},{"taxonomy":"product_tag","embeddable":true,"href":"https:\/\/uj.adatbank.ro\/lexikon\/wp-json\/wp\/v2\/product_tag?post=11417"}],"curies":[{"name":"wp","href":"https:\/\/api.w.org\/{rel}","templated":true}]}}