{"id":11418,"date":"2025-06-29T13:52:26","date_gmt":"2025-06-29T11:52:26","guid":{"rendered":"https:\/\/uj.adatbank.ro\/lexikon\/termek\/keintzel-istvan-kentzelius\/"},"modified":"2025-06-29T13:52:26","modified_gmt":"2025-06-29T11:52:26","slug":"keintzel-istvan-kentzelius","status":"publish","type":"product","link":"https:\/\/uj.adatbank.ro\/lexikon\/termek\/keintzel-istvan-kentzelius\/","title":{"rendered":"KEINTZEL Istv\u00e1n; Kentzelius"},"content":{"rendered":"<p>? \u2020 ? : ev. lelk\u00e9sz. &#8211; Dedr\u00e1don volt pap. \u00c9nekszerz\u0151 a XVII. sz. -ban. \u00c9neke van a b\u00e1r\u00f3 Rudics k\u00f3dexben (1673). <br \/><strong>Irod.:<\/strong> Szinnyei<\/br><\/p>\n","protected":false},"excerpt":{"rendered":"<p>? \u2020 ? : ev. lelk\u00e9sz. &#8211; Dedr\u00e1don volt pap. \u00c9nekszerz\u0151 a XVII. sz. -ban. \u00c9neke van a b\u00e1r\u00f3 Rudics k\u00f3dexben (1673). Irod.: Szinnyei<\/p>\n","protected":false},"featured_media":0,"comment_status":"open","ping_status":"closed","template":"","meta":[],"product_brand":[],"product_cat":[137],"product_tag":[],"class_list":{"0":"post-11418","1":"product","2":"type-product","3":"status-publish","5":"product_cat-maros-megyei-eletrajzi-lexikon","7":"first","8":"instock","9":"shipping-taxable","10":"product-type-simple"},"_links":{"self":[{"href":"https:\/\/uj.adatbank.ro\/lexikon\/wp-json\/wp\/v2\/product\/11418","targetHints":{"allow":["GET"]}}],"collection":[{"href":"https:\/\/uj.adatbank.ro\/lexikon\/wp-json\/wp\/v2\/product"}],"about":[{"href":"https:\/\/uj.adatbank.ro\/lexikon\/wp-json\/wp\/v2\/types\/product"}],"replies":[{"embeddable":true,"href":"https:\/\/uj.adatbank.ro\/lexikon\/wp-json\/wp\/v2\/comments?post=11418"}],"wp:attachment":[{"href":"https:\/\/uj.adatbank.ro\/lexikon\/wp-json\/wp\/v2\/media?parent=11418"}],"wp:term":[{"taxonomy":"product_brand","embeddable":true,"href":"https:\/\/uj.adatbank.ro\/lexikon\/wp-json\/wp\/v2\/product_brand?post=11418"},{"taxonomy":"product_cat","embeddable":true,"href":"https:\/\/uj.adatbank.ro\/lexikon\/wp-json\/wp\/v2\/product_cat?post=11418"},{"taxonomy":"product_tag","embeddable":true,"href":"https:\/\/uj.adatbank.ro\/lexikon\/wp-json\/wp\/v2\/product_tag?post=11418"}],"curies":[{"name":"wp","href":"https:\/\/api.w.org\/{rel}","templated":true}]}}