{"id":11419,"date":"2025-06-29T13:52:29","date_gmt":"2025-06-29T11:52:29","guid":{"rendered":"https:\/\/uj.adatbank.ro\/lexikon\/termek\/keintzel-waldemar\/"},"modified":"2025-06-29T13:52:29","modified_gmt":"2025-06-29T11:52:29","slug":"keintzel-waldemar","status":"publish","type":"product","link":"https:\/\/uj.adatbank.ro\/lexikon\/termek\/keintzel-waldemar\/","title":{"rendered":"KEINTZEL Waldemar"},"content":{"rendered":"<p>Beszterce, 1900. m\u00e1rc. 24., \u2020 Brass\u00f3, 1969. aug. 8.: pap, tan\u00e1r. &#8211; Apja cip\u00e9szmester. Beszterc\u00e9n \u00e9retts\u00e9gizett, majd a T\u00fcbingeni Egy Hittud. Kar\u00e1n (1918\u201322) tanult. Hazat\u00e9rve Szebenben seg\u00e9dlelk\u00e9sz (1924), v\u00e1rosi lelk\u00e9sz Sz\u00e1szr\u00e9genben (1925\u201330), lelk\u00e9sz Ketz\u00fcr bei Bukowban (N\u00e9meto) (1930\u201331), Dedr\u00e1don (1931\u2013), Brass\u00f3ban (1936\u2013). K\u00e9t \u00e9s f\u00e9l\u00e9vig k\u00e9nyszermunk\u00e1t v\u00e9gzett a Donyeck medencei b\u00e1ny\u00e1kban (1945\u2013), majd v\u00e1rosi lelk\u00e9sz Brass\u00f3ban t\u00edz \u00e9ven \u00e1t. <br \/><strong>Irod.:<\/strong> Szab\u00f3\u2013Simon\u2013Sz\u00f6gi<\/br><\/p>\n","protected":false},"excerpt":{"rendered":"<p>Beszterce, 1900. m\u00e1rc. 24., \u2020 Brass\u00f3, 1969. aug. 8.: pap, tan\u00e1r. &#8211; Apja cip\u00e9szmester. Beszterc\u00e9n \u00e9retts\u00e9gizett, majd a T\u00fcbingeni Egy Hittud. Kar\u00e1n (1918\u201322) tanult. Hazat\u00e9rve Szebenben seg\u00e9dlelk\u00e9sz (1924), v\u00e1rosi lelk\u00e9sz Sz\u00e1szr\u00e9genben (1925\u201330), lelk\u00e9sz Ketz\u00fcr bei Bukowban (N\u00e9meto) (1930\u201331), Dedr\u00e1don (1931\u2013), Brass\u00f3ban (1936\u2013). K\u00e9t \u00e9s f\u00e9l\u00e9vig k\u00e9nyszermunk\u00e1t v\u00e9gzett a Donyeck medencei b\u00e1ny\u00e1kban (1945\u2013), majd v\u00e1rosi lelk\u00e9sz [&hellip;]<\/p>\n","protected":false},"featured_media":0,"comment_status":"open","ping_status":"closed","template":"","meta":[],"product_brand":[],"product_cat":[137],"product_tag":[],"class_list":{"0":"post-11419","1":"product","2":"type-product","3":"status-publish","5":"product_cat-maros-megyei-eletrajzi-lexikon","7":"first","8":"instock","9":"shipping-taxable","10":"product-type-simple"},"_links":{"self":[{"href":"https:\/\/uj.adatbank.ro\/lexikon\/wp-json\/wp\/v2\/product\/11419","targetHints":{"allow":["GET"]}}],"collection":[{"href":"https:\/\/uj.adatbank.ro\/lexikon\/wp-json\/wp\/v2\/product"}],"about":[{"href":"https:\/\/uj.adatbank.ro\/lexikon\/wp-json\/wp\/v2\/types\/product"}],"replies":[{"embeddable":true,"href":"https:\/\/uj.adatbank.ro\/lexikon\/wp-json\/wp\/v2\/comments?post=11419"}],"wp:attachment":[{"href":"https:\/\/uj.adatbank.ro\/lexikon\/wp-json\/wp\/v2\/media?parent=11419"}],"wp:term":[{"taxonomy":"product_brand","embeddable":true,"href":"https:\/\/uj.adatbank.ro\/lexikon\/wp-json\/wp\/v2\/product_brand?post=11419"},{"taxonomy":"product_cat","embeddable":true,"href":"https:\/\/uj.adatbank.ro\/lexikon\/wp-json\/wp\/v2\/product_cat?post=11419"},{"taxonomy":"product_tag","embeddable":true,"href":"https:\/\/uj.adatbank.ro\/lexikon\/wp-json\/wp\/v2\/product_tag?post=11419"}],"curies":[{"name":"wp","href":"https:\/\/api.w.org\/{rel}","templated":true}]}}