{"id":11421,"date":"2025-06-29T13:52:32","date_gmt":"2025-06-29T11:52:32","guid":{"rendered":"https:\/\/uj.adatbank.ro\/lexikon\/termek\/keintzel-caroline\/"},"modified":"2025-06-29T13:52:32","modified_gmt":"2025-06-29T11:52:32","slug":"keintzel-caroline","status":"publish","type":"product","link":"https:\/\/uj.adatbank.ro\/lexikon\/termek\/keintzel-caroline\/","title":{"rendered":"KEINTZEL, Caroline"},"content":{"rendered":"<p>Sz\u00e1szr\u00e9gen, 1845. febr. 17., \u2020 Segesv\u00e1r, 1911. okt. 19.: f\u00e9nyk\u00e9p\u00e9sz. \u2013 Miut\u00e1n a fest\u0151 Carl D\u00f6rschlag, rajztan\u00e1rk\u00e9nt Sz\u00e1szr\u00e9genben (1860-as \u00e9vek) a f\u00e9nyk\u00e9p\u00e9szetet mell\u00e9kfoglalkoz\u00e1sk\u00e9nt gyakorolta, C. Keintzel is ezt folytatta (1870-es \u00e9vekben). Ez\u00e1ltal Kamilla Asboth-tal egy\u00fctt Erd\u00e9ly els\u0151 hivat\u00e1sos f\u00e9nyk\u00e9p\u00e9szei k\u00f6z\u00e9 tartoztak, akinek k\u00e9pei ma is frissess\u00e9get \u00e9s \u00e9rz\u00e9kenys\u00e9get \u00e1rasztanak. Feladott m\u0171hely\u00e9t t\u0151le G. Heiter vette \u00e1t (1895). <br \/><strong>Irod.:<\/strong> LSS ; Mikl\u00f3si-Sikes<\/br><\/p>\n","protected":false},"excerpt":{"rendered":"<p>Sz\u00e1szr\u00e9gen, 1845. febr. 17., \u2020 Segesv\u00e1r, 1911. okt. 19.: f\u00e9nyk\u00e9p\u00e9sz. \u2013 Miut\u00e1n a fest\u0151 Carl D\u00f6rschlag, rajztan\u00e1rk\u00e9nt Sz\u00e1szr\u00e9genben (1860-as \u00e9vek) a f\u00e9nyk\u00e9p\u00e9szetet mell\u00e9kfoglalkoz\u00e1sk\u00e9nt gyakorolta, C. Keintzel is ezt folytatta (1870-es \u00e9vekben). Ez\u00e1ltal Kamilla Asboth-tal egy\u00fctt Erd\u00e9ly els\u0151 hivat\u00e1sos f\u00e9nyk\u00e9p\u00e9szei k\u00f6z\u00e9 tartoztak, akinek k\u00e9pei ma is frissess\u00e9get \u00e9s \u00e9rz\u00e9kenys\u00e9get \u00e1rasztanak. Feladott m\u0171hely\u00e9t t\u0151le G. Heiter vette [&hellip;]<\/p>\n","protected":false},"featured_media":0,"comment_status":"open","ping_status":"closed","template":"","meta":[],"product_brand":[],"product_cat":[137],"product_tag":[],"class_list":{"0":"post-11421","1":"product","2":"type-product","3":"status-publish","5":"product_cat-maros-megyei-eletrajzi-lexikon","7":"first","8":"instock","9":"shipping-taxable","10":"product-type-simple"},"_links":{"self":[{"href":"https:\/\/uj.adatbank.ro\/lexikon\/wp-json\/wp\/v2\/product\/11421","targetHints":{"allow":["GET"]}}],"collection":[{"href":"https:\/\/uj.adatbank.ro\/lexikon\/wp-json\/wp\/v2\/product"}],"about":[{"href":"https:\/\/uj.adatbank.ro\/lexikon\/wp-json\/wp\/v2\/types\/product"}],"replies":[{"embeddable":true,"href":"https:\/\/uj.adatbank.ro\/lexikon\/wp-json\/wp\/v2\/comments?post=11421"}],"wp:attachment":[{"href":"https:\/\/uj.adatbank.ro\/lexikon\/wp-json\/wp\/v2\/media?parent=11421"}],"wp:term":[{"taxonomy":"product_brand","embeddable":true,"href":"https:\/\/uj.adatbank.ro\/lexikon\/wp-json\/wp\/v2\/product_brand?post=11421"},{"taxonomy":"product_cat","embeddable":true,"href":"https:\/\/uj.adatbank.ro\/lexikon\/wp-json\/wp\/v2\/product_cat?post=11421"},{"taxonomy":"product_tag","embeddable":true,"href":"https:\/\/uj.adatbank.ro\/lexikon\/wp-json\/wp\/v2\/product_tag?post=11421"}],"curies":[{"name":"wp","href":"https:\/\/api.w.org\/{rel}","templated":true}]}}