{"id":11422,"date":"2025-06-29T13:52:34","date_gmt":"2025-06-29T11:52:34","guid":{"rendered":"https:\/\/uj.adatbank.ro\/lexikon\/termek\/keintzel-georg\/"},"modified":"2025-06-29T13:52:34","modified_gmt":"2025-06-29T11:52:34","slug":"keintzel-georg","status":"publish","type":"product","link":"https:\/\/uj.adatbank.ro\/lexikon\/termek\/keintzel-georg\/","title":{"rendered":"KEINTZEL, Georg"},"content":{"rendered":"<p>Sz\u00e1szr\u00e9gen, 1836., \u2020 ?: tan\u00e1r. &#8211; Tanult a J\u00e9nai Egy. Hittud. Kar\u00e1n (1860), a Berlini Egy. Hittud. Kar\u00e1n(1862). Hazat\u00e9rve tan\u00e1r lett Beszterc\u00e9n, a gimn.-ban \u00e9s re\u00e1likol\u00e1ban(\u20131872). Vind\u00e1n lelk\u00e9sz (1872). Innen vonult nyugalomba (1912). &#8211;<br \/><strong>Irod.:<\/strong> Szab\u00f3\u2013Simon\u2013Sz\u00f6gi<\/br><\/p>\n","protected":false},"excerpt":{"rendered":"<p>Sz\u00e1szr\u00e9gen, 1836., \u2020 ?: tan\u00e1r. &#8211; Tanult a J\u00e9nai Egy. Hittud. Kar\u00e1n (1860), a Berlini Egy. Hittud. Kar\u00e1n(1862). Hazat\u00e9rve tan\u00e1r lett Beszterc\u00e9n, a gimn.-ban \u00e9s re\u00e1likol\u00e1ban(\u20131872). Vind\u00e1n lelk\u00e9sz (1872). Innen vonult nyugalomba (1912). &#8211;Irod.: Szab\u00f3\u2013Simon\u2013Sz\u00f6gi<\/p>\n","protected":false},"featured_media":0,"comment_status":"open","ping_status":"closed","template":"","meta":[],"product_brand":[],"product_cat":[137],"product_tag":[],"class_list":{"0":"post-11422","1":"product","2":"type-product","3":"status-publish","5":"product_cat-maros-megyei-eletrajzi-lexikon","7":"first","8":"instock","9":"shipping-taxable","10":"product-type-simple"},"_links":{"self":[{"href":"https:\/\/uj.adatbank.ro\/lexikon\/wp-json\/wp\/v2\/product\/11422","targetHints":{"allow":["GET"]}}],"collection":[{"href":"https:\/\/uj.adatbank.ro\/lexikon\/wp-json\/wp\/v2\/product"}],"about":[{"href":"https:\/\/uj.adatbank.ro\/lexikon\/wp-json\/wp\/v2\/types\/product"}],"replies":[{"embeddable":true,"href":"https:\/\/uj.adatbank.ro\/lexikon\/wp-json\/wp\/v2\/comments?post=11422"}],"wp:attachment":[{"href":"https:\/\/uj.adatbank.ro\/lexikon\/wp-json\/wp\/v2\/media?parent=11422"}],"wp:term":[{"taxonomy":"product_brand","embeddable":true,"href":"https:\/\/uj.adatbank.ro\/lexikon\/wp-json\/wp\/v2\/product_brand?post=11422"},{"taxonomy":"product_cat","embeddable":true,"href":"https:\/\/uj.adatbank.ro\/lexikon\/wp-json\/wp\/v2\/product_cat?post=11422"},{"taxonomy":"product_tag","embeddable":true,"href":"https:\/\/uj.adatbank.ro\/lexikon\/wp-json\/wp\/v2\/product_tag?post=11422"}],"curies":[{"name":"wp","href":"https:\/\/api.w.org\/{rel}","templated":true}]}}