{"id":11423,"date":"2025-06-29T13:52:35","date_gmt":"2025-06-29T11:52:35","guid":{"rendered":"https:\/\/uj.adatbank.ro\/lexikon\/termek\/keintzel-georg-2\/"},"modified":"2025-06-29T13:52:35","modified_gmt":"2025-06-29T11:52:35","slug":"keintzel-georg-2","status":"publish","type":"product","link":"https:\/\/uj.adatbank.ro\/lexikon\/termek\/keintzel-georg-2\/","title":{"rendered":"KEINTZEL, Georg"},"content":{"rendered":"<p>Sz\u00e1szr\u00e9gen, 1858 szept. 1., \u2020 Beseny\u0151, 1925. dec. 26.: tan\u00e1r, nyelv\u00e9sz. \u2013 Apja fakeresked\u0151. A k\u00f6z\u00e9piskol\u00e1t sz\u00fcl\u0151v\u00e1ros\u00e1ban \u00e9s Beszterc\u00e9n v\u00e9gezte (1876); germanisztikai, teol\u00f3giai, filoz\u00f3fiai \u00e9s pedag\u00f3giai egyetemi tanulm\u00e1nyokat folytatott T\u00fcbingenben (1876\u201377), Lipcs\u00e9ben (1877\u201380), J\u00e9n\u00e1ban (1880); J\u00e9n\u00e1ban szerezte meg a doktor\u00e1tust (1880); tan\u00e1ri vizsg\u00e1t tett Nagyszebenben (1881). Gimn\u00e1ziumi tan\u00e1r lett Sz\u00e1szr\u00e9genben az Algimn\u00e1ziumban (1880\u201382), f\u0151gimn\u00e1ziumi tan\u00e9r Beszterc\u00e9n (1886-; lelk\u00e9sz volt P\u00e9terfalv\u00e1n (1897\u20131906), Sz\u00e9k\u00e1sbeseny\u0151ben (1906\u2013), esperes a besztercei egyh\u00e1zmegy\u00e9ben (1914\u201325). Erd\u00e9lyi sz\u00e1sz sz\u00f3eredettani, hangtani dolgozatokat \u00edrt. Cikkeit k\u00f6z\u00f6lte a: Korrespondenzblatt des Verein f\u00fcr sieb. Landeskundenbau, Sieben. Deutsches Tageblatt, Sibenb\u00fcrgisch Deutsche Zeitung, Jahrbuch des sienenb\u00fcrgischen Karpathenvereins, Archiv des Vereins f\u00fcr siebenb. Landeskundenbau, Karpathen Vierteljahrschrift, Bistritzer Gymnasial Programm. \u2013 <strong>F. m.:<\/strong> Der Heliand im Verh\u00e4ltnis zu seinen Quellen (S. Regen, 1882) ; \u00dcber die Herkunft der Siebenb\u00fcrger Sachsen (Bistriz, 1887) ; N\u00f6sner Dialekt und Gemeins\u00e4chsisch (Hermannstadt, 1888); <strong>t\u00e1rssz.:<\/strong> Siebenb\u00fcrgisch-S\u00e4chsischen W\u00f6rterbuch \u2013 D \u2013 bet\u0171j\u00e9t \u00edrta meg. <br \/><strong>Irod.:<\/strong> LSS; A mo-i k\u00f6z\u00e9piskol\u00e1kban 1850\u201355 megjelent \u00f6sszes program\u00e9rtekez\u00e9seknek repert\u00f3riuma (Bp., 1887); Profiluri reghinene; Regh. cult. Vol. 2.; Scheiner Andreas: Die Mundart der Burzenl\u00e4nder Sachsen (Marburg, 1922); Szab\u00f3\u2013Simon\u2013Sz\u00f6gi; Szinnyei; Todea 2013<\/br><\/p>\n","protected":false},"excerpt":{"rendered":"<p>Sz\u00e1szr\u00e9gen, 1858 szept. 1., \u2020 Beseny\u0151, 1925. dec. 26.: tan\u00e1r, nyelv\u00e9sz. \u2013 Apja fakeresked\u0151. A k\u00f6z\u00e9piskol\u00e1t sz\u00fcl\u0151v\u00e1ros\u00e1ban \u00e9s Beszterc\u00e9n v\u00e9gezte (1876); germanisztikai, teol\u00f3giai, filoz\u00f3fiai \u00e9s pedag\u00f3giai egyetemi tanulm\u00e1nyokat folytatott T\u00fcbingenben (1876\u201377), Lipcs\u00e9ben (1877\u201380), J\u00e9n\u00e1ban (1880); J\u00e9n\u00e1ban szerezte meg a doktor\u00e1tust (1880); tan\u00e1ri vizsg\u00e1t tett Nagyszebenben (1881). Gimn\u00e1ziumi tan\u00e1r lett Sz\u00e1szr\u00e9genben az Algimn\u00e1ziumban (1880\u201382), f\u0151gimn\u00e1ziumi tan\u00e9r [&hellip;]<\/p>\n","protected":false},"featured_media":0,"comment_status":"open","ping_status":"closed","template":"","meta":[],"product_brand":[],"product_cat":[137],"product_tag":[],"class_list":{"0":"post-11423","1":"product","2":"type-product","3":"status-publish","5":"product_cat-maros-megyei-eletrajzi-lexikon","7":"first","8":"instock","9":"shipping-taxable","10":"product-type-simple"},"_links":{"self":[{"href":"https:\/\/uj.adatbank.ro\/lexikon\/wp-json\/wp\/v2\/product\/11423","targetHints":{"allow":["GET"]}}],"collection":[{"href":"https:\/\/uj.adatbank.ro\/lexikon\/wp-json\/wp\/v2\/product"}],"about":[{"href":"https:\/\/uj.adatbank.ro\/lexikon\/wp-json\/wp\/v2\/types\/product"}],"replies":[{"embeddable":true,"href":"https:\/\/uj.adatbank.ro\/lexikon\/wp-json\/wp\/v2\/comments?post=11423"}],"wp:attachment":[{"href":"https:\/\/uj.adatbank.ro\/lexikon\/wp-json\/wp\/v2\/media?parent=11423"}],"wp:term":[{"taxonomy":"product_brand","embeddable":true,"href":"https:\/\/uj.adatbank.ro\/lexikon\/wp-json\/wp\/v2\/product_brand?post=11423"},{"taxonomy":"product_cat","embeddable":true,"href":"https:\/\/uj.adatbank.ro\/lexikon\/wp-json\/wp\/v2\/product_cat?post=11423"},{"taxonomy":"product_tag","embeddable":true,"href":"https:\/\/uj.adatbank.ro\/lexikon\/wp-json\/wp\/v2\/product_tag?post=11423"}],"curies":[{"name":"wp","href":"https:\/\/api.w.org\/{rel}","templated":true}]}}