{"id":11424,"date":"2025-06-29T13:52:38","date_gmt":"2025-06-29T11:52:38","guid":{"rendered":"https:\/\/uj.adatbank.ro\/lexikon\/termek\/keintzel-johann\/"},"modified":"2025-07-16T14:04:47","modified_gmt":"2025-07-16T12:04:47","slug":"keintzel-johann","status":"publish","type":"product","link":"https:\/\/uj.adatbank.ro\/lexikon\/termek\/keintzel-johann\/","title":{"rendered":"KEINTZEL, Johann"},"content":{"rendered":"<p>Dedr\u00e1d, 1926. dec. 23. \u2020 ?: f\u00f6ldm\u0171ves. \u2013 Tagja volt a Baki csoportnak Sz\u00e1szr\u00e9genben, amelybe 13 sz\u00e1sz nemzetis\u00e9g\u0171 \u00edfj\u00fa tartozott, \u00e9s a n\u00e9pi dem. rendszer megsemmis\u00edt\u00e9s\u00e9t t\u0171zte ki c\u00e9lul. Titkos \u00f6sszej\u00f6veteleken tudatosan k\u00e9sz\u00fcltek a harcra \u00e9s hatalom\u00e1tv\u00e9telre. Letart\u00f3ztatt\u00e1k (1961. febr. 22.).<br \/>\n<strong>Irod.:<\/strong> \u00c1ldozatok<\/p>\n","protected":false},"excerpt":{"rendered":"<p>Dedr\u00e1d, 1926. dec. 23. \u2020 ?: f\u00f6ldm\u0171ves. \u2013 Tagja volt a Baki csoportnak Sz\u00e1szr\u00e9genben, amelybe 13 sz\u00e1sz nemzetis\u00e9g\u0171 \u00edfj\u00fa tartozott, \u00e9s a n\u00e9pi dem. rendszer megsemmis\u00edt\u00e9s\u00e9t t\u0171zte ki c\u00e9lul. Titkos \u00f6sszej\u00f6veteleken tudatosan k\u00e9sz\u00fcltek a harcra \u00e9s hatalom\u00e1tv\u00e9telre. Letart\u00f3ztatt\u00e1k (1961. febr. 22.). Irod.: \u00c1ldozatok<\/p>\n","protected":false},"featured_media":0,"comment_status":"open","ping_status":"closed","template":"","meta":[],"product_brand":[],"product_cat":[137],"product_tag":[],"class_list":{"0":"post-11424","1":"product","2":"type-product","3":"status-publish","5":"product_cat-maros-megyei-eletrajzi-lexikon","7":"first","8":"instock","9":"shipping-taxable","10":"product-type-simple"},"_links":{"self":[{"href":"https:\/\/uj.adatbank.ro\/lexikon\/wp-json\/wp\/v2\/product\/11424","targetHints":{"allow":["GET"]}}],"collection":[{"href":"https:\/\/uj.adatbank.ro\/lexikon\/wp-json\/wp\/v2\/product"}],"about":[{"href":"https:\/\/uj.adatbank.ro\/lexikon\/wp-json\/wp\/v2\/types\/product"}],"replies":[{"embeddable":true,"href":"https:\/\/uj.adatbank.ro\/lexikon\/wp-json\/wp\/v2\/comments?post=11424"}],"wp:attachment":[{"href":"https:\/\/uj.adatbank.ro\/lexikon\/wp-json\/wp\/v2\/media?parent=11424"}],"wp:term":[{"taxonomy":"product_brand","embeddable":true,"href":"https:\/\/uj.adatbank.ro\/lexikon\/wp-json\/wp\/v2\/product_brand?post=11424"},{"taxonomy":"product_cat","embeddable":true,"href":"https:\/\/uj.adatbank.ro\/lexikon\/wp-json\/wp\/v2\/product_cat?post=11424"},{"taxonomy":"product_tag","embeddable":true,"href":"https:\/\/uj.adatbank.ro\/lexikon\/wp-json\/wp\/v2\/product_tag?post=11424"}],"curies":[{"name":"wp","href":"https:\/\/api.w.org\/{rel}","templated":true}]}}