{"id":11425,"date":"2025-06-29T13:52:40","date_gmt":"2025-06-29T11:52:40","guid":{"rendered":"https:\/\/uj.adatbank.ro\/lexikon\/termek\/keintzel-johann-oskar\/"},"modified":"2025-06-29T13:52:40","modified_gmt":"2025-06-29T11:52:40","slug":"keintzel-johann-oskar","status":"publish","type":"product","link":"https:\/\/uj.adatbank.ro\/lexikon\/termek\/keintzel-johann-oskar\/","title":{"rendered":"KEINTZEL, Johann Oskar"},"content":{"rendered":"<p>Sz\u00e1szr\u00e9gen, 1883. dec. 16. \u2020 ?: katonatiszt. \u2013 Szebenben v\u00e9gzett kad\u00e9tisk. -t a gyalogosokn\u00e1l, majd tiszthelyettesk\u00e9nt bevonult a 64. gyalogezredhez a m. cs. kir. hadseregbe (1904. aug. 16. \u2013), hadnaggy\u00e1 l\u00e9pett el\u0151 (1906\u2013). Kapit\u00e1ny \u00e9s sz\u00e1zadparancsnok (1912. m\u00e1j. 1. \u2013 1915. \u00e1pr. 23.) a I. Ritter von Auffenberg m. ezredben (1914\u201316), a 64. gyalogezreddel r\u00e9szt vett az I. vh. harcaiban, Szerbi\u00e1ban, Isonzon\u00e1l, Tirolban, Doberdon\u00e1l, Galici\u00e1ban, ahol megsebes\u00fclt (1917. aug). A h\u00e1bor\u00fa v\u00e9g\u00e9n B\u00e9csbe helyezt\u00e9k a m. katonai parancsnoks\u00e1ghoz (1918). Visszat\u00e9rt R\u00e9genbe, ahol a Sz\u00e1sz Nemzeti G\u00e1rda parancsnoka lett (1919. febr. \u2013). \u00c1tment a Rom\u00e1n Hadsereg 84. gyalogezred\u00e9be, kapit\u00e1ny (1919. febr. 18\u2013), majd \u0151rnagy lett (1919. okt. \u2013), alezredes, ezredes (1930). T\u00f6bb regimentn\u00e9l szolg\u00e1lt, letette I. Mih\u00e1ly kir\u00e1lynak a h\u0171s\u00e9gesk\u00fct. Piatra Neam\u0163ra helyezt\u00e9k a Pilsudski vagy Pilsudzki marsal gyalogezredhez, akinek hal\u00e1lakor a temet\u00e9s\u00e9n szem\u00e9lyesen is r\u00e9szt vett (1935). Nyugd\u00edjba vonult (1936\u2013), Lengyelo. -ba k\u00f6lt\u00f6z\u00f6tt, K\u00f6thenbe. <br \/><strong>Irod.:<\/strong> Reghin, militari<\/br><\/p>\n","protected":false},"excerpt":{"rendered":"<p>Sz\u00e1szr\u00e9gen, 1883. dec. 16. \u2020 ?: katonatiszt. \u2013 Szebenben v\u00e9gzett kad\u00e9tisk. -t a gyalogosokn\u00e1l, majd tiszthelyettesk\u00e9nt bevonult a 64. gyalogezredhez a m. cs. kir. hadseregbe (1904. aug. 16. \u2013), hadnaggy\u00e1 l\u00e9pett el\u0151 (1906\u2013). Kapit\u00e1ny \u00e9s sz\u00e1zadparancsnok (1912. m\u00e1j. 1. \u2013 1915. \u00e1pr. 23.) a I. Ritter von Auffenberg m. ezredben (1914\u201316), a 64. gyalogezreddel r\u00e9szt [&hellip;]<\/p>\n","protected":false},"featured_media":0,"comment_status":"open","ping_status":"closed","template":"","meta":[],"product_brand":[],"product_cat":[137],"product_tag":[],"class_list":{"0":"post-11425","1":"product","2":"type-product","3":"status-publish","5":"product_cat-maros-megyei-eletrajzi-lexikon","7":"first","8":"instock","9":"shipping-taxable","10":"product-type-simple"},"_links":{"self":[{"href":"https:\/\/uj.adatbank.ro\/lexikon\/wp-json\/wp\/v2\/product\/11425","targetHints":{"allow":["GET"]}}],"collection":[{"href":"https:\/\/uj.adatbank.ro\/lexikon\/wp-json\/wp\/v2\/product"}],"about":[{"href":"https:\/\/uj.adatbank.ro\/lexikon\/wp-json\/wp\/v2\/types\/product"}],"replies":[{"embeddable":true,"href":"https:\/\/uj.adatbank.ro\/lexikon\/wp-json\/wp\/v2\/comments?post=11425"}],"wp:attachment":[{"href":"https:\/\/uj.adatbank.ro\/lexikon\/wp-json\/wp\/v2\/media?parent=11425"}],"wp:term":[{"taxonomy":"product_brand","embeddable":true,"href":"https:\/\/uj.adatbank.ro\/lexikon\/wp-json\/wp\/v2\/product_brand?post=11425"},{"taxonomy":"product_cat","embeddable":true,"href":"https:\/\/uj.adatbank.ro\/lexikon\/wp-json\/wp\/v2\/product_cat?post=11425"},{"taxonomy":"product_tag","embeddable":true,"href":"https:\/\/uj.adatbank.ro\/lexikon\/wp-json\/wp\/v2\/product_tag?post=11425"}],"curies":[{"name":"wp","href":"https:\/\/api.w.org\/{rel}","templated":true}]}}